{"id":1371,"date":"2019-02-25T12:16:24","date_gmt":"2019-02-25T12:16:24","guid":{"rendered":"http:\/\/www.grangeventoux.com\/?page_id=1371"},"modified":"2019-02-25T12:21:49","modified_gmt":"2019-02-25T12:21:49","slug":"restaurants","status":"publish","type":"page","link":"https:\/\/www.grangeventoux.com\/?page_id=1371&lang=fr","title":{"rendered":"Restaurants"},"content":{"rendered":"\n<p><strong><a rel=\"noreferrer noopener\" aria-label=\"Les lavandes  (opent in een nieuwe tab)\" href=\"https:\/\/www.restaurant-les-lavandes.fr\/\" target=\"_blank\"><font color=\"hex_#00ff00&quot;\">Les lavandes <\/font><\/a><\/strong><br>Durant l\u2019 \u00e9t\u00e9, sur la place du village \u00e0 c\u00f4t\u00e9 d&#8217;une belle fontaine \u00e0 l&#8217;ombre des platanes vous mangez chez Monsieur Gabert, maire de Monieux. Ici, vous trouverez l\u2019atmosph\u00e8re proven\u00e7ale authentique. Les plats sont agr\u00e9ables et tr\u00e8s savoureux. Les menus de 3 ou 4 plats sont saisonniers, les plats de truffes sont l\u00e9gendaires. Vous manger \u201c\u00e0 la carte\u201d ou vous prenez un plat individuel. Le vin de la maison a un bon rapport qualit\u00e9 \/ prix et les meilleurs vins de la r\u00e9gion sont sur temp\u00e9rature. Il n\u2019y a que des sp\u00e9cialistes Fran\u00e7ais dans ces p\u00e2tisseries et desserts \u00e0 d\u00e9guster ici. C\u2019est bien \u00e9trange que ce restaurant n&#8217;ait pas encore re\u00e7u d\u2019\u00e9toile. <\/p>\n\n\n\n<p><strong><a rel=\"noreferrer noopener\" href=\"https:\/\/www.provenceguide.com\/restaurants\/mont-ventoux\/ferme-auberge-la-maguette\/provence-4599067-1.html\" target=\"_blank\"><font color=\"hex_#00ff00\">Ferme Auberge la Maguette<\/font><\/a><\/strong><br>Ici, vous mangez dans une atmosph\u00e8re tr\u00e8s familiale avec Magalie et ses parents dans une ferme bio. Magali est une travailleuse acharn\u00e9e et cultive passionn\u00e9ment son propre sol de mani\u00e8re organique. Tout ce qui vient dans votre assiette provient de votre propre cultivation. Le menu se compose de 4 plats et ne co\u00fbte que 29 \u20ac: des portions s\u00e9rieusement coupables. Il est ouvert uniquement pendant la journ\u00e9e le week-end et le vendredi soir uniquement en saison. Lors de la r\u00e9servation, vous saurez ce qui est au menu. <br><br>ps: Le champ de lavande \u00e0 c\u00f4t\u00e9 de la Grange Ventoux lui appartient. \u00c0 c\u00f4t\u00e9 du restaurant, vous trouverez un magasin proposant des produits alimentaires et des produits \u00e0 base de lavande. <\/p>\n\n\n\n<p><strong><a href=\"http:\/\/www.o-des-sources.com\/\" target=\"_blank\" rel=\"noreferrer noopener\" aria-label=\"L'O des Sourses  (opent in een nieuwe tab)\"><font color=\"hex_#00ff00&quot;\">L&#8217;O des Sourses <\/font><\/a><\/strong><br>Ce restaurant est situ\u00e9 sur le domaine du ch\u00e2teau des Gipi\u00e9res, juste au-dessus de Montbrun Les Bain. De la terrasse, vous avez une vue magnifique sur ce village et le Ventoux. Surtout le coucher de soleil ici m\u00e9rite un \u201cwow\u201d&#8221;. Ne soyez pas intimid\u00e9 par l&#8217;all\u00e9e magistrale. Ici on sert des repas pour tous les budgets. Le cuisinier utilise au maximum les produits de saison r\u00e9gionaux. Ludovic a ses galons dans divers restaurants \u00e9toil\u00e9s et il est un passionn\u00e9 de vin. En saison, vous pourrez d\u00e9guster 16 vins le jeudi soir sur les 170 vins qu&#8217;il a \u00e0 vendre.<\/p>\n\n\n\n<p><strong><a href=\"http:\/\/lebistrotdelagarde.free.fr\/\" target=\"_blank\" rel=\"noreferrer noopener\" aria-label=\"Le bistrot de lagarde  (opent in een nieuwe tab)\"><font color=\"hex_#00ff00&quot;\">Le bistrot de lagarde <\/font><\/a><\/strong><br>Le restaurant est isol\u00e9 au sommet de la partie la plus \u00e9lev\u00e9e du plateau d&#8217;Albion. De Sault, vous conduisez 16 km \u00e0 travers les champs de lavande et for\u00eats. Vous ne vous attendez pas \u00e0 un restaurant dans ce hameau d&#8217;environ 40 habitants. Surtout quand on sait que c&#8217;est un ancien bunker dans un vieux domaine militaire. Nous sommes venus ici pour la premi\u00e8re fois en 2012 et nous avons d\u00e9couvert une r\u00e9v\u00e9lation v\u00e9ritable culinaire. Le service \u00e9tait extr\u00eamement sympathique et les propri\u00e9taires sont venus demander sinc\u00e8rement si tout \u00e9tait \u00e0 notre go\u00fbt. Nous n\u2019\u00e9tions absolument pas surpris quand, en 2014, ils ont remport\u00e9 une \u00e9toile Michelin pour la premi\u00e8re fois. Leurs prix n&#8217;ont pas chang\u00e9 depuis lors et vous pouvez commander un menu surprenant \u00e0 48 euros compos\u00e9 de plusieurs petits plats. Il est indispensable de r\u00e9server longtemps \u00e0 l&#8217;avance!<br><\/p>\n","protected":false},"excerpt":{"rendered":"<p>Les lavandes Durant l\u2019 \u00e9t\u00e9, sur la place du village \u00e0 c\u00f4t\u00e9 d&#8217;une belle fontaine \u00e0 l&#8217;ombre des platanes vous mangez chez Monsieur Gabert, maire de Monieux. Ici, vous trouverez l\u2019atmosph\u00e8re proven\u00e7ale authentique. Les plats sont agr\u00e9ables et tr\u00e8s savoureux. Les menus de 3 ou 4 plats sont saisonniers, les plats de truffes sont l\u00e9gendaires.&hellip;<\/p>\n","protected":false},"author":1,"featured_media":0,"parent":1359,"menu_order":1,"comment_status":"closed","ping_status":"closed","template":"","meta":{"footnotes":""},"class_list":["post-1371","page","type-page","status-publish","hentry"],"yoast_head":"<!-- This site is optimized with the Yoast SEO plugin v24.9 - https:\/\/yoast.com\/wordpress\/plugins\/seo\/ -->\n<title>Restaurants - bienvenue a Grange Ventoux<\/title>\n<meta name=\"robots\" content=\"index, follow, max-snippet:-1, max-image-preview:large, max-video-preview:-1\" \/>\n<link rel=\"canonical\" href=\"https:\/\/www.grangeventoux.com\/?page_id=1371&lang=fr\" \/>\n<meta property=\"og:locale\" content=\"nl_BE\" \/>\n<meta property=\"og:type\" content=\"article\" \/>\n<meta property=\"og:title\" content=\"Restaurants - bienvenue a Grange Ventoux\" \/>\n<meta property=\"og:description\" content=\"Les lavandes Durant l\u2019 \u00e9t\u00e9, sur la place du village \u00e0 c\u00f4t\u00e9 d&#8217;une belle fontaine \u00e0 l&#8217;ombre des platanes vous mangez chez Monsieur Gabert, maire de Monieux. Ici, vous trouverez l\u2019atmosph\u00e8re proven\u00e7ale authentique. Les plats sont agr\u00e9ables et tr\u00e8s savoureux. Les menus de 3 ou 4 plats sont saisonniers, les plats de truffes sont l\u00e9gendaires.&hellip;\" \/>\n<meta property=\"og:url\" content=\"https:\/\/www.grangeventoux.com\/?page_id=1371&amp;lang=fr\" \/>\n<meta property=\"og:site_name\" content=\"bienvenue a Grange Ventoux\" \/>\n<meta property=\"article:publisher\" content=\"https:\/\/www.facebook.com\/grangeventoux\/\" \/>\n<meta property=\"article:modified_time\" content=\"2019-02-25T12:21:49+00:00\" \/>\n<meta name=\"twitter:card\" content=\"summary_large_image\" \/>\n<meta name=\"twitter:label1\" content=\"Geschatte leestijd\" \/>\n\t<meta name=\"twitter:data1\" content=\"3 minuten\" \/>\n<script type=\"application\/ld+json\" class=\"yoast-schema-graph\">{\"@context\":\"https:\/\/schema.org\",\"@graph\":[{\"@type\":\"WebPage\",\"@id\":\"https:\/\/www.grangeventoux.com\/?page_id=1371&lang=fr\",\"url\":\"https:\/\/www.grangeventoux.com\/?page_id=1371&lang=fr\",\"name\":\"Restaurants - bienvenue a Grange Ventoux\",\"isPartOf\":{\"@id\":\"https:\/\/www.grangeventoux.com\/#website\"},\"datePublished\":\"2019-02-25T12:16:24+00:00\",\"dateModified\":\"2019-02-25T12:21:49+00:00\",\"breadcrumb\":{\"@id\":\"https:\/\/www.grangeventoux.com\/?page_id=1371&lang=fr#breadcrumb\"},\"inLanguage\":\"nl-BE\",\"potentialAction\":[{\"@type\":\"ReadAction\",\"target\":[\"https:\/\/www.grangeventoux.com\/?page_id=1371&lang=fr\"]}]},{\"@type\":\"BreadcrumbList\",\"@id\":\"https:\/\/www.grangeventoux.com\/?page_id=1371&lang=fr#breadcrumb\",\"itemListElement\":[{\"@type\":\"ListItem\",\"position\":1,\"name\":\"Home\",\"item\":\"https:\/\/www.grangeventoux.com\/\"},{\"@type\":\"ListItem\",\"position\":2,\"name\":\"Dolce far niente\",\"item\":\"https:\/\/www.grangeventoux.com\/?page_id=1359&lang=fr\"},{\"@type\":\"ListItem\",\"position\":3,\"name\":\"Restaurants\"}]},{\"@type\":\"WebSite\",\"@id\":\"https:\/\/www.grangeventoux.com\/#website\",\"url\":\"https:\/\/www.grangeventoux.com\/\",\"name\":\"bienvenue a Grange Ventoux\",\"description\":\"un petit coin de paradis\",\"potentialAction\":[{\"@type\":\"SearchAction\",\"target\":{\"@type\":\"EntryPoint\",\"urlTemplate\":\"https:\/\/www.grangeventoux.com\/?s={search_term_string}\"},\"query-input\":{\"@type\":\"PropertyValueSpecification\",\"valueRequired\":true,\"valueName\":\"search_term_string\"}}],\"inLanguage\":\"nl-BE\"}]}<\/script>\n<!-- \/ Yoast SEO plugin. -->","yoast_head_json":{"title":"Restaurants - bienvenue a Grange Ventoux","robots":{"index":"index","follow":"follow","max-snippet":"max-snippet:-1","max-image-preview":"max-image-preview:large","max-video-preview":"max-video-preview:-1"},"canonical":"https:\/\/www.grangeventoux.com\/?page_id=1371&lang=fr","og_locale":"nl_BE","og_type":"article","og_title":"Restaurants - bienvenue a Grange Ventoux","og_description":"Les lavandes Durant l\u2019 \u00e9t\u00e9, sur la place du village \u00e0 c\u00f4t\u00e9 d&#8217;une belle fontaine \u00e0 l&#8217;ombre des platanes vous mangez chez Monsieur Gabert, maire de Monieux. Ici, vous trouverez l\u2019atmosph\u00e8re proven\u00e7ale authentique. Les plats sont agr\u00e9ables et tr\u00e8s savoureux. Les menus de 3 ou 4 plats sont saisonniers, les plats de truffes sont l\u00e9gendaires.&hellip;","og_url":"https:\/\/www.grangeventoux.com\/?page_id=1371&lang=fr","og_site_name":"bienvenue a Grange Ventoux","article_publisher":"https:\/\/www.facebook.com\/grangeventoux\/","article_modified_time":"2019-02-25T12:21:49+00:00","twitter_card":"summary_large_image","twitter_misc":{"Geschatte leestijd":"3 minuten"},"schema":{"@context":"https:\/\/schema.org","@graph":[{"@type":"WebPage","@id":"https:\/\/www.grangeventoux.com\/?page_id=1371&lang=fr","url":"https:\/\/www.grangeventoux.com\/?page_id=1371&lang=fr","name":"Restaurants - bienvenue a Grange Ventoux","isPartOf":{"@id":"https:\/\/www.grangeventoux.com\/#website"},"datePublished":"2019-02-25T12:16:24+00:00","dateModified":"2019-02-25T12:21:49+00:00","breadcrumb":{"@id":"https:\/\/www.grangeventoux.com\/?page_id=1371&lang=fr#breadcrumb"},"inLanguage":"nl-BE","potentialAction":[{"@type":"ReadAction","target":["https:\/\/www.grangeventoux.com\/?page_id=1371&lang=fr"]}]},{"@type":"BreadcrumbList","@id":"https:\/\/www.grangeventoux.com\/?page_id=1371&lang=fr#breadcrumb","itemListElement":[{"@type":"ListItem","position":1,"name":"Home","item":"https:\/\/www.grangeventoux.com\/"},{"@type":"ListItem","position":2,"name":"Dolce far niente","item":"https:\/\/www.grangeventoux.com\/?page_id=1359&lang=fr"},{"@type":"ListItem","position":3,"name":"Restaurants"}]},{"@type":"WebSite","@id":"https:\/\/www.grangeventoux.com\/#website","url":"https:\/\/www.grangeventoux.com\/","name":"bienvenue a Grange Ventoux","description":"un petit coin de paradis","potentialAction":[{"@type":"SearchAction","target":{"@type":"EntryPoint","urlTemplate":"https:\/\/www.grangeventoux.com\/?s={search_term_string}"},"query-input":{"@type":"PropertyValueSpecification","valueRequired":true,"valueName":"search_term_string"}}],"inLanguage":"nl-BE"}]}},"jetpack_sharing_enabled":true,"_links":{"self":[{"href":"https:\/\/www.grangeventoux.com\/index.php?rest_route=\/wp\/v2\/pages\/1371","targetHints":{"allow":["GET"]}}],"collection":[{"href":"https:\/\/www.grangeventoux.com\/index.php?rest_route=\/wp\/v2\/pages"}],"about":[{"href":"https:\/\/www.grangeventoux.com\/index.php?rest_route=\/wp\/v2\/types\/page"}],"author":[{"embeddable":true,"href":"https:\/\/www.grangeventoux.com\/index.php?rest_route=\/wp\/v2\/users\/1"}],"replies":[{"embeddable":true,"href":"https:\/\/www.grangeventoux.com\/index.php?rest_route=%2Fwp%2Fv2%2Fcomments&post=1371"}],"version-history":[{"count":4,"href":"https:\/\/www.grangeventoux.com\/index.php?rest_route=\/wp\/v2\/pages\/1371\/revisions"}],"predecessor-version":[{"id":1399,"href":"https:\/\/www.grangeventoux.com\/index.php?rest_route=\/wp\/v2\/pages\/1371\/revisions\/1399"}],"up":[{"embeddable":true,"href":"https:\/\/www.grangeventoux.com\/index.php?rest_route=\/wp\/v2\/pages\/1359"}],"wp:attachment":[{"href":"https:\/\/www.grangeventoux.com\/index.php?rest_route=%2Fwp%2Fv2%2Fmedia&parent=1371"}],"curies":[{"name":"wp","href":"https:\/\/api.w.org\/{rel}","templated":true}]}}