{"id":1406,"date":"2019-02-25T12:27:41","date_gmt":"2019-02-25T12:27:41","guid":{"rendered":"http:\/\/www.grangeventoux.com\/?page_id=1406"},"modified":"2019-02-25T12:27:43","modified_gmt":"2019-02-25T12:27:43","slug":"bars","status":"publish","type":"page","link":"https:\/\/www.grangeventoux.com\/?page_id=1406&lang=fr","title":{"rendered":"Bars"},"content":{"rendered":"\n<p><strong><a rel=\"noreferrer noopener\" href=\"https:\/\/www.restaurant-les-lavandes.fr\/\" target=\"_blank\">Les Lavandes<\/a><\/strong><br>\u00c0 5 minutes \u00e0 pied, vous obtenez la place du village de Monieux sous les platanes \u00e0 l&#8217;abri de la chaleur. Vous \u00eates assis \u00e0 c\u00f4t\u00e9 d&#8217;une belle fontaine. Il n\u2019y a pratiquement aucun trafic. Plus Proven\u00e7ale que cela n&#8217;existe pas. Id\u00e9ale pour d\u00e9guster de d\u00e9licieuses p\u00eaches et une tarte aux pommes. <\/p>\n\n\n\n<p><strong><a rel=\"noreferrer noopener\" href=\"http:\/\/www.distillerie-aromaplantes.com\/en\/\" target=\"_blank\">Ar\u00f4ma Plantes<\/a><\/strong><br>C&#8217;est le caf\u00e9 de l&#8217;une des distilleries les plus importantes du quartier. Ici, ils distillent, depuis 1978, d\u2019 un moyen biologique les ar\u00f4mes pour parfums et au but th\u00e9rapiques. Il se situe au milieu des champs de lavande et cela sent d\u00e9licieux ici. Apr\u00e8s une visite de la distillerie vous pouvez d\u00e9guster un th\u00e9 de lavande ou une bi\u00e8re locale. Vous \u00eates assis \u00e0 l&#8217;ombre d&#8217;un beau vieux tilleul. <br>PS. Votre h\u00f4tesse Pia travaille ici pendant la saison. <\/p>\n\n\n\n<p><strong><a rel=\"noreferrer noopener\" href=\"https:\/\/www.tripadvisor.com\/Restaurant_Review-g1237104-d3842135-Reviews-La_Promenade_de_Justin-Sault_Vaucluse_Provence_Alpes_Cote_d_Azur.html\" target=\"_blank\">La Promenade de Justin<\/a><\/strong> <br>C\u2019est la terrasse de Sault par excellence! Ici vous avez une vue magnifique sur la vall\u00e9e avec ses champs de lavande et le sommet du Mont Ventoux. Vous voyez aussi beaucoup de cyclistes. Je recommande de boire un pastis. Des concours de p\u00e9tanque sont r\u00e9guli\u00e8rement organis\u00e9es sur la place du village, \u00e0 c\u00f4t\u00e9 du caf\u00e9.<\/p>\n\n\n\n<p><strong><a rel=\"noreferrer noopener\" href=\"https:\/\/www.faiencedebrantes.com\/\" target=\"_blank\">\u2018Chez Martine\u2019<\/a><\/strong><br>Attention, ouvert uniquement le week-end et les jours f\u00e9ri\u00e9s \u2026 mais de loin la plus belle terrasse du quartier. Brantes lui-m\u00eame vaut d\u00e9j\u00e0 la peine, mais la cerise sur le g\u00e2teau est la terrasse sous les parasols rouges. Joop et Martine ont achet\u00e9 une ruine d&#8217;un ch\u00e2teau il y a 30 ans et regardez ce qu&#8217;ils en ont fait. Vous ne pouvez pas manquer que Joop est c\u00e9ramiste. Mais surtout la vue du c\u00f4t\u00e9 nord du MONT VENTOUX et de la vall\u00e9e du Toulerenc ne peut \u00eatre d\u00e9crit avec des mots.<\/p>\n","protected":false},"excerpt":{"rendered":"<p>Les Lavandes\u00c0 5 minutes \u00e0 pied, vous obtenez la place du village de Monieux sous les platanes \u00e0 l&#8217;abri de la chaleur. Vous \u00eates assis \u00e0 c\u00f4t\u00e9 d&#8217;une belle fontaine. Il n\u2019y a pratiquement aucun trafic. Plus Proven\u00e7ale que cela n&#8217;existe pas. Id\u00e9ale pour d\u00e9guster de d\u00e9licieuses p\u00eaches et une tarte aux pommes. Ar\u00f4ma PlantesC&#8217;est&hellip;<\/p>\n","protected":false},"author":1,"featured_media":0,"parent":1359,"menu_order":2,"comment_status":"closed","ping_status":"closed","template":"","meta":{"footnotes":""},"class_list":["post-1406","page","type-page","status-publish","hentry"],"yoast_head":"<!-- This site is optimized with the Yoast SEO plugin v24.9 - https:\/\/yoast.com\/wordpress\/plugins\/seo\/ -->\n<title>Bars - bienvenue a Grange Ventoux<\/title>\n<meta name=\"robots\" content=\"index, follow, max-snippet:-1, max-image-preview:large, max-video-preview:-1\" \/>\n<link rel=\"canonical\" href=\"https:\/\/www.grangeventoux.com\/?page_id=1406&lang=fr\" \/>\n<meta property=\"og:locale\" content=\"nl_BE\" \/>\n<meta property=\"og:type\" content=\"article\" \/>\n<meta property=\"og:title\" content=\"Bars - bienvenue a Grange Ventoux\" \/>\n<meta property=\"og:description\" content=\"Les Lavandes\u00c0 5 minutes \u00e0 pied, vous obtenez la place du village de Monieux sous les platanes \u00e0 l&#8217;abri de la chaleur. Vous \u00eates assis \u00e0 c\u00f4t\u00e9 d&#8217;une belle fontaine. Il n\u2019y a pratiquement aucun trafic. Plus Proven\u00e7ale que cela n&#8217;existe pas. Id\u00e9ale pour d\u00e9guster de d\u00e9licieuses p\u00eaches et une tarte aux pommes. Ar\u00f4ma PlantesC&#8217;est&hellip;\" \/>\n<meta property=\"og:url\" content=\"https:\/\/www.grangeventoux.com\/?page_id=1406&amp;lang=fr\" \/>\n<meta property=\"og:site_name\" content=\"bienvenue a Grange Ventoux\" \/>\n<meta property=\"article:publisher\" content=\"https:\/\/www.facebook.com\/grangeventoux\/\" \/>\n<meta property=\"article:modified_time\" content=\"2019-02-25T12:27:43+00:00\" \/>\n<meta name=\"twitter:card\" content=\"summary_large_image\" \/>\n<meta name=\"twitter:label1\" content=\"Geschatte leestijd\" \/>\n\t<meta name=\"twitter:data1\" content=\"2 minuten\" \/>\n<script type=\"application\/ld+json\" class=\"yoast-schema-graph\">{\"@context\":\"https:\/\/schema.org\",\"@graph\":[{\"@type\":\"WebPage\",\"@id\":\"https:\/\/www.grangeventoux.com\/?page_id=1406&lang=fr\",\"url\":\"https:\/\/www.grangeventoux.com\/?page_id=1406&lang=fr\",\"name\":\"Bars - bienvenue a Grange Ventoux\",\"isPartOf\":{\"@id\":\"https:\/\/www.grangeventoux.com\/#website\"},\"datePublished\":\"2019-02-25T12:27:41+00:00\",\"dateModified\":\"2019-02-25T12:27:43+00:00\",\"breadcrumb\":{\"@id\":\"https:\/\/www.grangeventoux.com\/?page_id=1406&lang=fr#breadcrumb\"},\"inLanguage\":\"nl-BE\",\"potentialAction\":[{\"@type\":\"ReadAction\",\"target\":[\"https:\/\/www.grangeventoux.com\/?page_id=1406&lang=fr\"]}]},{\"@type\":\"BreadcrumbList\",\"@id\":\"https:\/\/www.grangeventoux.com\/?page_id=1406&lang=fr#breadcrumb\",\"itemListElement\":[{\"@type\":\"ListItem\",\"position\":1,\"name\":\"Home\",\"item\":\"https:\/\/www.grangeventoux.com\/\"},{\"@type\":\"ListItem\",\"position\":2,\"name\":\"Dolce far niente\",\"item\":\"https:\/\/www.grangeventoux.com\/?page_id=1359&lang=fr\"},{\"@type\":\"ListItem\",\"position\":3,\"name\":\"Bars\"}]},{\"@type\":\"WebSite\",\"@id\":\"https:\/\/www.grangeventoux.com\/#website\",\"url\":\"https:\/\/www.grangeventoux.com\/\",\"name\":\"bienvenue a Grange Ventoux\",\"description\":\"un petit coin de paradis\",\"potentialAction\":[{\"@type\":\"SearchAction\",\"target\":{\"@type\":\"EntryPoint\",\"urlTemplate\":\"https:\/\/www.grangeventoux.com\/?s={search_term_string}\"},\"query-input\":{\"@type\":\"PropertyValueSpecification\",\"valueRequired\":true,\"valueName\":\"search_term_string\"}}],\"inLanguage\":\"nl-BE\"}]}<\/script>\n<!-- \/ Yoast SEO plugin. -->","yoast_head_json":{"title":"Bars - bienvenue a Grange Ventoux","robots":{"index":"index","follow":"follow","max-snippet":"max-snippet:-1","max-image-preview":"max-image-preview:large","max-video-preview":"max-video-preview:-1"},"canonical":"https:\/\/www.grangeventoux.com\/?page_id=1406&lang=fr","og_locale":"nl_BE","og_type":"article","og_title":"Bars - bienvenue a Grange Ventoux","og_description":"Les Lavandes\u00c0 5 minutes \u00e0 pied, vous obtenez la place du village de Monieux sous les platanes \u00e0 l&#8217;abri de la chaleur. Vous \u00eates assis \u00e0 c\u00f4t\u00e9 d&#8217;une belle fontaine. Il n\u2019y a pratiquement aucun trafic. Plus Proven\u00e7ale que cela n&#8217;existe pas. Id\u00e9ale pour d\u00e9guster de d\u00e9licieuses p\u00eaches et une tarte aux pommes. Ar\u00f4ma PlantesC&#8217;est&hellip;","og_url":"https:\/\/www.grangeventoux.com\/?page_id=1406&lang=fr","og_site_name":"bienvenue a Grange Ventoux","article_publisher":"https:\/\/www.facebook.com\/grangeventoux\/","article_modified_time":"2019-02-25T12:27:43+00:00","twitter_card":"summary_large_image","twitter_misc":{"Geschatte leestijd":"2 minuten"},"schema":{"@context":"https:\/\/schema.org","@graph":[{"@type":"WebPage","@id":"https:\/\/www.grangeventoux.com\/?page_id=1406&lang=fr","url":"https:\/\/www.grangeventoux.com\/?page_id=1406&lang=fr","name":"Bars - bienvenue a Grange Ventoux","isPartOf":{"@id":"https:\/\/www.grangeventoux.com\/#website"},"datePublished":"2019-02-25T12:27:41+00:00","dateModified":"2019-02-25T12:27:43+00:00","breadcrumb":{"@id":"https:\/\/www.grangeventoux.com\/?page_id=1406&lang=fr#breadcrumb"},"inLanguage":"nl-BE","potentialAction":[{"@type":"ReadAction","target":["https:\/\/www.grangeventoux.com\/?page_id=1406&lang=fr"]}]},{"@type":"BreadcrumbList","@id":"https:\/\/www.grangeventoux.com\/?page_id=1406&lang=fr#breadcrumb","itemListElement":[{"@type":"ListItem","position":1,"name":"Home","item":"https:\/\/www.grangeventoux.com\/"},{"@type":"ListItem","position":2,"name":"Dolce far niente","item":"https:\/\/www.grangeventoux.com\/?page_id=1359&lang=fr"},{"@type":"ListItem","position":3,"name":"Bars"}]},{"@type":"WebSite","@id":"https:\/\/www.grangeventoux.com\/#website","url":"https:\/\/www.grangeventoux.com\/","name":"bienvenue a Grange Ventoux","description":"un petit coin de paradis","potentialAction":[{"@type":"SearchAction","target":{"@type":"EntryPoint","urlTemplate":"https:\/\/www.grangeventoux.com\/?s={search_term_string}"},"query-input":{"@type":"PropertyValueSpecification","valueRequired":true,"valueName":"search_term_string"}}],"inLanguage":"nl-BE"}]}},"jetpack_sharing_enabled":true,"_links":{"self":[{"href":"https:\/\/www.grangeventoux.com\/index.php?rest_route=\/wp\/v2\/pages\/1406","targetHints":{"allow":["GET"]}}],"collection":[{"href":"https:\/\/www.grangeventoux.com\/index.php?rest_route=\/wp\/v2\/pages"}],"about":[{"href":"https:\/\/www.grangeventoux.com\/index.php?rest_route=\/wp\/v2\/types\/page"}],"author":[{"embeddable":true,"href":"https:\/\/www.grangeventoux.com\/index.php?rest_route=\/wp\/v2\/users\/1"}],"replies":[{"embeddable":true,"href":"https:\/\/www.grangeventoux.com\/index.php?rest_route=%2Fwp%2Fv2%2Fcomments&post=1406"}],"version-history":[{"count":1,"href":"https:\/\/www.grangeventoux.com\/index.php?rest_route=\/wp\/v2\/pages\/1406\/revisions"}],"predecessor-version":[{"id":1417,"href":"https:\/\/www.grangeventoux.com\/index.php?rest_route=\/wp\/v2\/pages\/1406\/revisions\/1417"}],"up":[{"embeddable":true,"href":"https:\/\/www.grangeventoux.com\/index.php?rest_route=\/wp\/v2\/pages\/1359"}],"wp:attachment":[{"href":"https:\/\/www.grangeventoux.com\/index.php?rest_route=%2Fwp%2Fv2%2Fmedia&parent=1406"}],"curies":[{"name":"wp","href":"https:\/\/api.w.org\/{rel}","templated":true}]}}