{"id":1428,"date":"2019-02-25T12:39:26","date_gmt":"2019-02-25T12:39:26","guid":{"rendered":"http:\/\/www.grangeventoux.com\/?page_id=1428"},"modified":"2019-03-19T12:43:30","modified_gmt":"2019-03-19T12:43:30","slug":"gouter","status":"publish","type":"page","link":"https:\/\/www.grangeventoux.com\/?page_id=1428&lang=fr","title":{"rendered":"Go\u00fbter"},"content":{"rendered":"\n<figure class=\"wp-block-image\"><a href=\"http:\/\/www.grangeventoux.com\/wp-content\/uploads\/2019\/02\/20181025_151050.jpg\" target=\"_blank\" rel=\"noreferrer noopener\"><img loading=\"lazy\" decoding=\"async\" width=\"1024\" height=\"576\" src=\"http:\/\/www.grangeventoux.com\/wp-content\/uploads\/2019\/02\/20181025_151050-1024x576.jpg\" alt=\"\" class=\"wp-image-1431\" srcset=\"https:\/\/www.grangeventoux.com\/wp-content\/uploads\/2019\/02\/20181025_151050-1024x576.jpg 1024w, https:\/\/www.grangeventoux.com\/wp-content\/uploads\/2019\/02\/20181025_151050-300x169.jpg 300w, https:\/\/www.grangeventoux.com\/wp-content\/uploads\/2019\/02\/20181025_151050-768x432.jpg 768w, https:\/\/www.grangeventoux.com\/wp-content\/uploads\/2019\/02\/20181025_151050-800x450.jpg 800w, https:\/\/www.grangeventoux.com\/wp-content\/uploads\/2019\/02\/20181025_151050-600x338.jpg 600w\" sizes=\"auto, (max-width: 1024px) 100vw, 1024px\" \/><\/a><\/figure>\n\n\n\n<p>Par le climat favorable et le sol tr\u00e8s sp\u00e9cifique on peut cultiver un grand nombre de produits de qualit\u00e9 dans le Vaucluse. Cela se produit d\u2019 une mani\u00e8re artisanal organique. De l\u2019agneau de Sault, des c\u00e9rises autour de Bedoin, des fraises de Carpentras, des fruits confits l\u2019Apt et les c\u00e9l\u00e8bres melons de Cavaillon ne sont que quelques exemples. Chaque saison offre quelque chose de d\u00e9licieux!<\/p>\n\n\n\n<div class=\"wp-block-image\"><figure class=\"alignright\"><a href=\"http:\/\/www.grangeventoux.com\/wp-content\/uploads\/2019\/02\/IMG-20190206-WA0001-1.jpg\" target=\"_blank\" rel=\"noreferrer noopener\"><img loading=\"lazy\" decoding=\"async\" width=\"250\" height=\"188\" src=\"http:\/\/www.grangeventoux.com\/wp-content\/uploads\/2019\/02\/IMG-20190206-WA0001-1.jpg\" alt=\"\" class=\"wp-image-1438\"\/><\/a><\/figure><\/div>\n\n\n\n<p>Au pied du Ventoux, vous trouverez \u201cle diamant noir\u201d, le surnom de la truffe. Vous verrez aussi un peu partout des ruches. Par la diversit\u00e9 de l\u2019agriculture et de la nature le miel est \u00e9galement tr\u00e8s divers. A Sault, vous trouverez encore un magasin avec du nougat depuis 1887.<br><\/p>\n\n\n\n<p>Mais beaucoup plus \u00e2g\u00e9s sont les oliviers et les vignobles.\u00a0<br>Parlons de l\u2019effet b\u00e9n\u00e9fique du Mont Ventoux sur les vignobles. Malgr\u00e9 sa situation m\u00e9ridionale, la fra\u00eecheur de l\u2019air aide \u00e0 la maturation lente des raisins. Bien qu\u2019ils sont m\u00fbrs par le soleil du Sud, et ayant une bonne dose de teneur en alcool, les \u00e9l\u00e9ments naturels du Mont Ventoux donnent une finesse et \u00e9l\u00e9gance dans le go\u00fbt des vins. Le Ventoux est principalement une appellation de vins rouges (Syrah, Grenache et Carignan), mais vous y trouverez aussi des d\u00e9licieux vins ros\u00e9s.<\/p>\n\n\n\n<p>Tout pr\u00e8s vous trouverez \u00e9galement des meilleurs vignobles du C\u00f4tes du Rh\u00f4ne. Les Crus sont connus dans le monde entier comme e.a. <a rel=\"noreferrer noopener\" aria-label=\"Ch\u00e2teauneuf-du-Pape (opent in een nieuwe tab)\" href=\"https:\/\/www.wine-searcher.com\/regions-chateauneuf-du-pape?Xfromchoice=Y\" target=\"_blank\">Ch\u00e2teauneuf-du-Pape<\/a>, <a rel=\"noreferrer noopener\" aria-label=\"Gigondas (opent in een nieuwe tab)\" href=\"https:\/\/en.wikipedia.org\/wiki\/Gigondas_AOC\" target=\"_blank\">Gigondas<\/a>, <a rel=\"noreferrer noopener\" aria-label=\"Vacqueyras (opent in een nieuwe tab)\" href=\"https:\/\/en.wikipedia.org\/wiki\/Vacqueyras_AOC\" target=\"_blank\">Vacqueyras<\/a>, <a rel=\"noreferrer noopener\" aria-label=\"Beaumes-de-Venise (opent in een nieuwe tab)\" href=\"https:\/\/www.wine-searcher.com\/regions-beaumes-de-venise\" target=\"_blank\">Beaumes-de-Venise&#8230;<\/a><\/p>\n\n\n\n<ul class=\"wp-block-gallery columns-3 is-cropped wp-block-gallery-1 is-layout-flex wp-block-gallery-is-layout-flex\"><li class=\"blocks-gallery-item\"><figure><a href=\"http:\/\/www.grangeventoux.com\/wp-content\/uploads\/2019\/02\/IMG-20190206-WA0003-1024x690-1-1024x690.jpg\"><img loading=\"lazy\" decoding=\"async\" width=\"1024\" height=\"690\" src=\"http:\/\/www.grangeventoux.com\/wp-content\/uploads\/2019\/02\/IMG-20190206-WA0003-1024x690-1-1024x690.jpg\" alt=\"\" data-id=\"1447\" data-link=\"http:\/\/www.grangeventoux.com\/?attachment_id=1447#main\" class=\"wp-image-1447\" srcset=\"https:\/\/www.grangeventoux.com\/wp-content\/uploads\/2019\/02\/IMG-20190206-WA0003-1024x690-1.jpg 1024w, https:\/\/www.grangeventoux.com\/wp-content\/uploads\/2019\/02\/IMG-20190206-WA0003-1024x690-1-300x202.jpg 300w, https:\/\/www.grangeventoux.com\/wp-content\/uploads\/2019\/02\/IMG-20190206-WA0003-1024x690-1-768x518.jpg 768w, https:\/\/www.grangeventoux.com\/wp-content\/uploads\/2019\/02\/IMG-20190206-WA0003-1024x690-1-800x539.jpg 800w, https:\/\/www.grangeventoux.com\/wp-content\/uploads\/2019\/02\/IMG-20190206-WA0003-1024x690-1-600x404.jpg 600w\" sizes=\"auto, (max-width: 1024px) 100vw, 1024px\" \/><\/a><\/figure><\/li><li class=\"blocks-gallery-item\"><figure><a href=\"http:\/\/www.grangeventoux.com\/wp-content\/uploads\/2019\/02\/IMG-20190206-WA0002-1024x683-1-1024x683.jpg\"><img loading=\"lazy\" decoding=\"async\" width=\"1024\" height=\"683\" src=\"http:\/\/www.grangeventoux.com\/wp-content\/uploads\/2019\/02\/IMG-20190206-WA0002-1024x683-1-1024x683.jpg\" alt=\"\" data-id=\"1446\" data-link=\"http:\/\/www.grangeventoux.com\/?attachment_id=1446#main\" class=\"wp-image-1446\" srcset=\"https:\/\/www.grangeventoux.com\/wp-content\/uploads\/2019\/02\/IMG-20190206-WA0002-1024x683-1.jpg 1024w, https:\/\/www.grangeventoux.com\/wp-content\/uploads\/2019\/02\/IMG-20190206-WA0002-1024x683-1-300x200.jpg 300w, https:\/\/www.grangeventoux.com\/wp-content\/uploads\/2019\/02\/IMG-20190206-WA0002-1024x683-1-768x512.jpg 768w, https:\/\/www.grangeventoux.com\/wp-content\/uploads\/2019\/02\/IMG-20190206-WA0002-1024x683-1-800x534.jpg 800w, https:\/\/www.grangeventoux.com\/wp-content\/uploads\/2019\/02\/IMG-20190206-WA0002-1024x683-1-600x400.jpg 600w\" sizes=\"auto, (max-width: 1024px) 100vw, 1024px\" \/><\/a><\/figure><\/li><li class=\"blocks-gallery-item\"><figure><a href=\"http:\/\/www.grangeventoux.com\/wp-content\/uploads\/2019\/02\/IMG-20190206-WA0004-1024x683-1-1024x683.jpg\"><img loading=\"lazy\" decoding=\"async\" width=\"1024\" height=\"683\" src=\"http:\/\/www.grangeventoux.com\/wp-content\/uploads\/2019\/02\/IMG-20190206-WA0004-1024x683-1-1024x683.jpg\" alt=\"\" data-id=\"1448\" data-link=\"http:\/\/www.grangeventoux.com\/?attachment_id=1448#main\" class=\"wp-image-1448\" srcset=\"https:\/\/www.grangeventoux.com\/wp-content\/uploads\/2019\/02\/IMG-20190206-WA0004-1024x683-1.jpg 1024w, https:\/\/www.grangeventoux.com\/wp-content\/uploads\/2019\/02\/IMG-20190206-WA0004-1024x683-1-300x200.jpg 300w, https:\/\/www.grangeventoux.com\/wp-content\/uploads\/2019\/02\/IMG-20190206-WA0004-1024x683-1-768x512.jpg 768w, https:\/\/www.grangeventoux.com\/wp-content\/uploads\/2019\/02\/IMG-20190206-WA0004-1024x683-1-800x534.jpg 800w, https:\/\/www.grangeventoux.com\/wp-content\/uploads\/2019\/02\/IMG-20190206-WA0004-1024x683-1-600x400.jpg 600w\" sizes=\"auto, (max-width: 1024px) 100vw, 1024px\" \/><\/a><\/figure><\/li><\/ul>\n","protected":false},"excerpt":{"rendered":"<p>Par le climat favorable et le sol tr\u00e8s sp\u00e9cifique on peut cultiver un grand nombre de produits de qualit\u00e9 dans le Vaucluse. Cela se produit d\u2019 une mani\u00e8re artisanal organique. De l\u2019agneau de Sault, des c\u00e9rises autour de Bedoin, des fraises de Carpentras, des fruits confits l\u2019Apt et les c\u00e9l\u00e8bres melons de Cavaillon ne sont&hellip;<\/p>\n","protected":false},"author":1,"featured_media":0,"parent":1359,"menu_order":3,"comment_status":"closed","ping_status":"closed","template":"","meta":{"footnotes":""},"class_list":["post-1428","page","type-page","status-publish","hentry"],"yoast_head":"<!-- This site is optimized with the Yoast SEO plugin v24.9 - https:\/\/yoast.com\/wordpress\/plugins\/seo\/ -->\n<title>Go\u00fbter - bienvenue a Grange Ventoux<\/title>\n<meta name=\"robots\" content=\"index, follow, max-snippet:-1, max-image-preview:large, max-video-preview:-1\" \/>\n<link rel=\"canonical\" href=\"https:\/\/www.grangeventoux.com\/?page_id=1428&lang=fr\" \/>\n<meta property=\"og:locale\" content=\"nl_BE\" \/>\n<meta property=\"og:type\" content=\"article\" \/>\n<meta property=\"og:title\" content=\"Go\u00fbter - bienvenue a Grange Ventoux\" \/>\n<meta property=\"og:description\" content=\"Par le climat favorable et le sol tr\u00e8s sp\u00e9cifique on peut cultiver un grand nombre de produits de qualit\u00e9 dans le Vaucluse. Cela se produit d\u2019 une mani\u00e8re artisanal organique. De l\u2019agneau de Sault, des c\u00e9rises autour de Bedoin, des fraises de Carpentras, des fruits confits l\u2019Apt et les c\u00e9l\u00e8bres melons de Cavaillon ne sont&hellip;\" \/>\n<meta property=\"og:url\" content=\"https:\/\/www.grangeventoux.com\/?page_id=1428&amp;lang=fr\" \/>\n<meta property=\"og:site_name\" content=\"bienvenue a Grange Ventoux\" \/>\n<meta property=\"article:publisher\" content=\"https:\/\/www.facebook.com\/grangeventoux\/\" \/>\n<meta property=\"article:modified_time\" content=\"2019-03-19T12:43:30+00:00\" \/>\n<meta property=\"og:image\" content=\"http:\/\/www.grangeventoux.com\/wp-content\/uploads\/2019\/02\/20181025_151050-1024x576.jpg\" \/>\n<meta name=\"twitter:card\" content=\"summary_large_image\" \/>\n<meta name=\"twitter:label1\" content=\"Geschatte leestijd\" \/>\n\t<meta name=\"twitter:data1\" content=\"1 minuut\" \/>\n<script type=\"application\/ld+json\" class=\"yoast-schema-graph\">{\"@context\":\"https:\/\/schema.org\",\"@graph\":[{\"@type\":\"WebPage\",\"@id\":\"https:\/\/www.grangeventoux.com\/?page_id=1428&lang=fr\",\"url\":\"https:\/\/www.grangeventoux.com\/?page_id=1428&lang=fr\",\"name\":\"Go\u00fbter - bienvenue a Grange Ventoux\",\"isPartOf\":{\"@id\":\"https:\/\/www.grangeventoux.com\/#website\"},\"primaryImageOfPage\":{\"@id\":\"https:\/\/www.grangeventoux.com\/?page_id=1428&lang=fr#primaryimage\"},\"image\":{\"@id\":\"https:\/\/www.grangeventoux.com\/?page_id=1428&lang=fr#primaryimage\"},\"thumbnailUrl\":\"http:\/\/www.grangeventoux.com\/wp-content\/uploads\/2019\/02\/20181025_151050-1024x576.jpg\",\"datePublished\":\"2019-02-25T12:39:26+00:00\",\"dateModified\":\"2019-03-19T12:43:30+00:00\",\"breadcrumb\":{\"@id\":\"https:\/\/www.grangeventoux.com\/?page_id=1428&lang=fr#breadcrumb\"},\"inLanguage\":\"nl-BE\",\"potentialAction\":[{\"@type\":\"ReadAction\",\"target\":[\"https:\/\/www.grangeventoux.com\/?page_id=1428&lang=fr\"]}]},{\"@type\":\"ImageObject\",\"inLanguage\":\"nl-BE\",\"@id\":\"https:\/\/www.grangeventoux.com\/?page_id=1428&lang=fr#primaryimage\",\"url\":\"http:\/\/www.grangeventoux.com\/wp-content\/uploads\/2019\/02\/20181025_151050-1024x576.jpg\",\"contentUrl\":\"http:\/\/www.grangeventoux.com\/wp-content\/uploads\/2019\/02\/20181025_151050-1024x576.jpg\"},{\"@type\":\"BreadcrumbList\",\"@id\":\"https:\/\/www.grangeventoux.com\/?page_id=1428&lang=fr#breadcrumb\",\"itemListElement\":[{\"@type\":\"ListItem\",\"position\":1,\"name\":\"Home\",\"item\":\"https:\/\/www.grangeventoux.com\/\"},{\"@type\":\"ListItem\",\"position\":2,\"name\":\"Dolce far niente\",\"item\":\"https:\/\/www.grangeventoux.com\/?page_id=1359&lang=fr\"},{\"@type\":\"ListItem\",\"position\":3,\"name\":\"Go\u00fbter\"}]},{\"@type\":\"WebSite\",\"@id\":\"https:\/\/www.grangeventoux.com\/#website\",\"url\":\"https:\/\/www.grangeventoux.com\/\",\"name\":\"bienvenue a Grange Ventoux\",\"description\":\"un petit coin de paradis\",\"potentialAction\":[{\"@type\":\"SearchAction\",\"target\":{\"@type\":\"EntryPoint\",\"urlTemplate\":\"https:\/\/www.grangeventoux.com\/?s={search_term_string}\"},\"query-input\":{\"@type\":\"PropertyValueSpecification\",\"valueRequired\":true,\"valueName\":\"search_term_string\"}}],\"inLanguage\":\"nl-BE\"}]}<\/script>\n<!-- \/ Yoast SEO plugin. -->","yoast_head_json":{"title":"Go\u00fbter - bienvenue a Grange Ventoux","robots":{"index":"index","follow":"follow","max-snippet":"max-snippet:-1","max-image-preview":"max-image-preview:large","max-video-preview":"max-video-preview:-1"},"canonical":"https:\/\/www.grangeventoux.com\/?page_id=1428&lang=fr","og_locale":"nl_BE","og_type":"article","og_title":"Go\u00fbter - bienvenue a Grange Ventoux","og_description":"Par le climat favorable et le sol tr\u00e8s sp\u00e9cifique on peut cultiver un grand nombre de produits de qualit\u00e9 dans le Vaucluse. Cela se produit d\u2019 une mani\u00e8re artisanal organique. De l\u2019agneau de Sault, des c\u00e9rises autour de Bedoin, des fraises de Carpentras, des fruits confits l\u2019Apt et les c\u00e9l\u00e8bres melons de Cavaillon ne sont&hellip;","og_url":"https:\/\/www.grangeventoux.com\/?page_id=1428&lang=fr","og_site_name":"bienvenue a Grange Ventoux","article_publisher":"https:\/\/www.facebook.com\/grangeventoux\/","article_modified_time":"2019-03-19T12:43:30+00:00","og_image":[{"url":"http:\/\/www.grangeventoux.com\/wp-content\/uploads\/2019\/02\/20181025_151050-1024x576.jpg","type":"","width":"","height":""}],"twitter_card":"summary_large_image","twitter_misc":{"Geschatte leestijd":"1 minuut"},"schema":{"@context":"https:\/\/schema.org","@graph":[{"@type":"WebPage","@id":"https:\/\/www.grangeventoux.com\/?page_id=1428&lang=fr","url":"https:\/\/www.grangeventoux.com\/?page_id=1428&lang=fr","name":"Go\u00fbter - bienvenue a Grange Ventoux","isPartOf":{"@id":"https:\/\/www.grangeventoux.com\/#website"},"primaryImageOfPage":{"@id":"https:\/\/www.grangeventoux.com\/?page_id=1428&lang=fr#primaryimage"},"image":{"@id":"https:\/\/www.grangeventoux.com\/?page_id=1428&lang=fr#primaryimage"},"thumbnailUrl":"http:\/\/www.grangeventoux.com\/wp-content\/uploads\/2019\/02\/20181025_151050-1024x576.jpg","datePublished":"2019-02-25T12:39:26+00:00","dateModified":"2019-03-19T12:43:30+00:00","breadcrumb":{"@id":"https:\/\/www.grangeventoux.com\/?page_id=1428&lang=fr#breadcrumb"},"inLanguage":"nl-BE","potentialAction":[{"@type":"ReadAction","target":["https:\/\/www.grangeventoux.com\/?page_id=1428&lang=fr"]}]},{"@type":"ImageObject","inLanguage":"nl-BE","@id":"https:\/\/www.grangeventoux.com\/?page_id=1428&lang=fr#primaryimage","url":"http:\/\/www.grangeventoux.com\/wp-content\/uploads\/2019\/02\/20181025_151050-1024x576.jpg","contentUrl":"http:\/\/www.grangeventoux.com\/wp-content\/uploads\/2019\/02\/20181025_151050-1024x576.jpg"},{"@type":"BreadcrumbList","@id":"https:\/\/www.grangeventoux.com\/?page_id=1428&lang=fr#breadcrumb","itemListElement":[{"@type":"ListItem","position":1,"name":"Home","item":"https:\/\/www.grangeventoux.com\/"},{"@type":"ListItem","position":2,"name":"Dolce far niente","item":"https:\/\/www.grangeventoux.com\/?page_id=1359&lang=fr"},{"@type":"ListItem","position":3,"name":"Go\u00fbter"}]},{"@type":"WebSite","@id":"https:\/\/www.grangeventoux.com\/#website","url":"https:\/\/www.grangeventoux.com\/","name":"bienvenue a Grange Ventoux","description":"un petit coin de paradis","potentialAction":[{"@type":"SearchAction","target":{"@type":"EntryPoint","urlTemplate":"https:\/\/www.grangeventoux.com\/?s={search_term_string}"},"query-input":{"@type":"PropertyValueSpecification","valueRequired":true,"valueName":"search_term_string"}}],"inLanguage":"nl-BE"}]}},"jetpack_sharing_enabled":true,"_links":{"self":[{"href":"https:\/\/www.grangeventoux.com\/index.php?rest_route=\/wp\/v2\/pages\/1428","targetHints":{"allow":["GET"]}}],"collection":[{"href":"https:\/\/www.grangeventoux.com\/index.php?rest_route=\/wp\/v2\/pages"}],"about":[{"href":"https:\/\/www.grangeventoux.com\/index.php?rest_route=\/wp\/v2\/types\/page"}],"author":[{"embeddable":true,"href":"https:\/\/www.grangeventoux.com\/index.php?rest_route=\/wp\/v2\/users\/1"}],"replies":[{"embeddable":true,"href":"https:\/\/www.grangeventoux.com\/index.php?rest_route=%2Fwp%2Fv2%2Fcomments&post=1428"}],"version-history":[{"count":3,"href":"https:\/\/www.grangeventoux.com\/index.php?rest_route=\/wp\/v2\/pages\/1428\/revisions"}],"predecessor-version":[{"id":1626,"href":"https:\/\/www.grangeventoux.com\/index.php?rest_route=\/wp\/v2\/pages\/1428\/revisions\/1626"}],"up":[{"embeddable":true,"href":"https:\/\/www.grangeventoux.com\/index.php?rest_route=\/wp\/v2\/pages\/1359"}],"wp:attachment":[{"href":"https:\/\/www.grangeventoux.com\/index.php?rest_route=%2Fwp%2Fv2%2Fmedia&parent=1428"}],"curies":[{"name":"wp","href":"https:\/\/api.w.org\/{rel}","templated":true}]}}