{"id":1473,"date":"2019-02-25T12:45:24","date_gmt":"2019-02-25T12:45:24","guid":{"rendered":"http:\/\/www.grangeventoux.com\/?page_id=1473"},"modified":"2019-02-25T12:46:51","modified_gmt":"2019-02-25T12:46:51","slug":"marches","status":"publish","type":"page","link":"https:\/\/www.grangeventoux.com\/?page_id=1473&lang=fr","title":{"rendered":"March\u00e9s"},"content":{"rendered":"\n<p>Il n\u2019y a pas de meilleur endroit pour d\u00e9couvrir une culture qu\u2019un march\u00e9!. Le Luberon est le march\u00e9 des fruits de la France. Le plateau d&#8217;Albion est connu pour ses produits bio, fromage de ch\u00e8vre frais, \u00e9peautre, miel, la viande savoureuse etc\u2026 Vous sponsorisez \u00e9galement l&#8217;\u00e9conomie locale et la philosophie du produit honn\u00eate. <\/p>\n\n\n\n<p>1. Lundi = Bedoin \/ Mazan \/ Cavaillon <br>2. Mardi = Gordes \/ Mormoiron \/ Vaison La Romain <br>3. Mercredi = SAULT \/ Malauncene <br>4. Jeudi = Roussillon \/ Orange \/ Vacqueras <br>5. Vendredi = Apt \/ Pernes Les Fontainne <br>6. Dimanche = L&#8217;isle sur la Sorgue \/ Vaison la Roman &#8211; juillet et ao\u00fbt <br><br>Le dimanche, \u00e0 Monieux, autour du Plan d&#8217;eau, vous trouverez un petit march\u00e9 o\u00f9 vous pourrez trouver du pain d\u00e9licieux et des l\u00e9gumes frais.<\/p>\n","protected":false},"excerpt":{"rendered":"<p>Il n\u2019y a pas de meilleur endroit pour d\u00e9couvrir une culture qu\u2019un march\u00e9!. Le Luberon est le march\u00e9 des fruits de la France. Le plateau d&#8217;Albion est connu pour ses produits bio, fromage de ch\u00e8vre frais, \u00e9peautre, miel, la viande savoureuse etc\u2026 Vous sponsorisez \u00e9galement l&#8217;\u00e9conomie locale et la philosophie du produit honn\u00eate. 1. Lundi&hellip;<\/p>\n","protected":false},"author":1,"featured_media":0,"parent":1359,"menu_order":4,"comment_status":"closed","ping_status":"closed","template":"","meta":{"footnotes":""},"class_list":["post-1473","page","type-page","status-publish","hentry"],"yoast_head":"<!-- This site is optimized with the Yoast SEO plugin v24.9 - https:\/\/yoast.com\/wordpress\/plugins\/seo\/ -->\n<title>March\u00e9s - bienvenue a Grange Ventoux<\/title>\n<meta name=\"robots\" content=\"index, follow, max-snippet:-1, max-image-preview:large, max-video-preview:-1\" \/>\n<link rel=\"canonical\" href=\"https:\/\/www.grangeventoux.com\/?page_id=1473&lang=fr\" \/>\n<meta property=\"og:locale\" content=\"nl_BE\" \/>\n<meta property=\"og:type\" content=\"article\" \/>\n<meta property=\"og:title\" content=\"March\u00e9s - bienvenue a Grange Ventoux\" \/>\n<meta property=\"og:description\" content=\"Il n\u2019y a pas de meilleur endroit pour d\u00e9couvrir une culture qu\u2019un march\u00e9!. Le Luberon est le march\u00e9 des fruits de la France. Le plateau d&#8217;Albion est connu pour ses produits bio, fromage de ch\u00e8vre frais, \u00e9peautre, miel, la viande savoureuse etc\u2026 Vous sponsorisez \u00e9galement l&#8217;\u00e9conomie locale et la philosophie du produit honn\u00eate. 1. Lundi&hellip;\" \/>\n<meta property=\"og:url\" content=\"https:\/\/www.grangeventoux.com\/?page_id=1473&amp;lang=fr\" \/>\n<meta property=\"og:site_name\" content=\"bienvenue a Grange Ventoux\" \/>\n<meta property=\"article:publisher\" content=\"https:\/\/www.facebook.com\/grangeventoux\/\" \/>\n<meta property=\"article:modified_time\" content=\"2019-02-25T12:46:51+00:00\" \/>\n<meta name=\"twitter:card\" content=\"summary_large_image\" \/>\n<meta name=\"twitter:label1\" content=\"Geschatte leestijd\" \/>\n\t<meta name=\"twitter:data1\" content=\"1 minuut\" \/>\n<script type=\"application\/ld+json\" class=\"yoast-schema-graph\">{\"@context\":\"https:\/\/schema.org\",\"@graph\":[{\"@type\":\"WebPage\",\"@id\":\"https:\/\/www.grangeventoux.com\/?page_id=1473&lang=fr\",\"url\":\"https:\/\/www.grangeventoux.com\/?page_id=1473&lang=fr\",\"name\":\"March\u00e9s - bienvenue a Grange Ventoux\",\"isPartOf\":{\"@id\":\"https:\/\/www.grangeventoux.com\/#website\"},\"datePublished\":\"2019-02-25T12:45:24+00:00\",\"dateModified\":\"2019-02-25T12:46:51+00:00\",\"breadcrumb\":{\"@id\":\"https:\/\/www.grangeventoux.com\/?page_id=1473&lang=fr#breadcrumb\"},\"inLanguage\":\"nl-BE\",\"potentialAction\":[{\"@type\":\"ReadAction\",\"target\":[\"https:\/\/www.grangeventoux.com\/?page_id=1473&lang=fr\"]}]},{\"@type\":\"BreadcrumbList\",\"@id\":\"https:\/\/www.grangeventoux.com\/?page_id=1473&lang=fr#breadcrumb\",\"itemListElement\":[{\"@type\":\"ListItem\",\"position\":1,\"name\":\"Home\",\"item\":\"https:\/\/www.grangeventoux.com\/\"},{\"@type\":\"ListItem\",\"position\":2,\"name\":\"Dolce far niente\",\"item\":\"https:\/\/www.grangeventoux.com\/?page_id=1359&lang=fr\"},{\"@type\":\"ListItem\",\"position\":3,\"name\":\"March\u00e9s\"}]},{\"@type\":\"WebSite\",\"@id\":\"https:\/\/www.grangeventoux.com\/#website\",\"url\":\"https:\/\/www.grangeventoux.com\/\",\"name\":\"bienvenue a Grange Ventoux\",\"description\":\"un petit coin de paradis\",\"potentialAction\":[{\"@type\":\"SearchAction\",\"target\":{\"@type\":\"EntryPoint\",\"urlTemplate\":\"https:\/\/www.grangeventoux.com\/?s={search_term_string}\"},\"query-input\":{\"@type\":\"PropertyValueSpecification\",\"valueRequired\":true,\"valueName\":\"search_term_string\"}}],\"inLanguage\":\"nl-BE\"}]}<\/script>\n<!-- \/ Yoast SEO plugin. -->","yoast_head_json":{"title":"March\u00e9s - bienvenue a Grange Ventoux","robots":{"index":"index","follow":"follow","max-snippet":"max-snippet:-1","max-image-preview":"max-image-preview:large","max-video-preview":"max-video-preview:-1"},"canonical":"https:\/\/www.grangeventoux.com\/?page_id=1473&lang=fr","og_locale":"nl_BE","og_type":"article","og_title":"March\u00e9s - bienvenue a Grange Ventoux","og_description":"Il n\u2019y a pas de meilleur endroit pour d\u00e9couvrir une culture qu\u2019un march\u00e9!. Le Luberon est le march\u00e9 des fruits de la France. Le plateau d&#8217;Albion est connu pour ses produits bio, fromage de ch\u00e8vre frais, \u00e9peautre, miel, la viande savoureuse etc\u2026 Vous sponsorisez \u00e9galement l&#8217;\u00e9conomie locale et la philosophie du produit honn\u00eate. 1. Lundi&hellip;","og_url":"https:\/\/www.grangeventoux.com\/?page_id=1473&lang=fr","og_site_name":"bienvenue a Grange Ventoux","article_publisher":"https:\/\/www.facebook.com\/grangeventoux\/","article_modified_time":"2019-02-25T12:46:51+00:00","twitter_card":"summary_large_image","twitter_misc":{"Geschatte leestijd":"1 minuut"},"schema":{"@context":"https:\/\/schema.org","@graph":[{"@type":"WebPage","@id":"https:\/\/www.grangeventoux.com\/?page_id=1473&lang=fr","url":"https:\/\/www.grangeventoux.com\/?page_id=1473&lang=fr","name":"March\u00e9s - bienvenue a Grange Ventoux","isPartOf":{"@id":"https:\/\/www.grangeventoux.com\/#website"},"datePublished":"2019-02-25T12:45:24+00:00","dateModified":"2019-02-25T12:46:51+00:00","breadcrumb":{"@id":"https:\/\/www.grangeventoux.com\/?page_id=1473&lang=fr#breadcrumb"},"inLanguage":"nl-BE","potentialAction":[{"@type":"ReadAction","target":["https:\/\/www.grangeventoux.com\/?page_id=1473&lang=fr"]}]},{"@type":"BreadcrumbList","@id":"https:\/\/www.grangeventoux.com\/?page_id=1473&lang=fr#breadcrumb","itemListElement":[{"@type":"ListItem","position":1,"name":"Home","item":"https:\/\/www.grangeventoux.com\/"},{"@type":"ListItem","position":2,"name":"Dolce far niente","item":"https:\/\/www.grangeventoux.com\/?page_id=1359&lang=fr"},{"@type":"ListItem","position":3,"name":"March\u00e9s"}]},{"@type":"WebSite","@id":"https:\/\/www.grangeventoux.com\/#website","url":"https:\/\/www.grangeventoux.com\/","name":"bienvenue a Grange Ventoux","description":"un petit coin de paradis","potentialAction":[{"@type":"SearchAction","target":{"@type":"EntryPoint","urlTemplate":"https:\/\/www.grangeventoux.com\/?s={search_term_string}"},"query-input":{"@type":"PropertyValueSpecification","valueRequired":true,"valueName":"search_term_string"}}],"inLanguage":"nl-BE"}]}},"jetpack_sharing_enabled":true,"_links":{"self":[{"href":"https:\/\/www.grangeventoux.com\/index.php?rest_route=\/wp\/v2\/pages\/1473","targetHints":{"allow":["GET"]}}],"collection":[{"href":"https:\/\/www.grangeventoux.com\/index.php?rest_route=\/wp\/v2\/pages"}],"about":[{"href":"https:\/\/www.grangeventoux.com\/index.php?rest_route=\/wp\/v2\/types\/page"}],"author":[{"embeddable":true,"href":"https:\/\/www.grangeventoux.com\/index.php?rest_route=\/wp\/v2\/users\/1"}],"replies":[{"embeddable":true,"href":"https:\/\/www.grangeventoux.com\/index.php?rest_route=%2Fwp%2Fv2%2Fcomments&post=1473"}],"version-history":[{"count":2,"href":"https:\/\/www.grangeventoux.com\/index.php?rest_route=\/wp\/v2\/pages\/1473\/revisions"}],"predecessor-version":[{"id":1480,"href":"https:\/\/www.grangeventoux.com\/index.php?rest_route=\/wp\/v2\/pages\/1473\/revisions\/1480"}],"up":[{"embeddable":true,"href":"https:\/\/www.grangeventoux.com\/index.php?rest_route=\/wp\/v2\/pages\/1359"}],"wp:attachment":[{"href":"https:\/\/www.grangeventoux.com\/index.php?rest_route=%2Fwp%2Fv2%2Fmedia&parent=1473"}],"curies":[{"name":"wp","href":"https:\/\/api.w.org\/{rel}","templated":true}]}}