{"id":1483,"date":"2019-02-25T12:50:00","date_gmt":"2019-02-25T12:50:00","guid":{"rendered":"http:\/\/www.grangeventoux.com\/?page_id=1483"},"modified":"2019-03-19T12:45:38","modified_gmt":"2019-03-19T12:45:38","slug":"welness","status":"publish","type":"page","link":"https:\/\/www.grangeventoux.com\/?page_id=1483&lang=fr","title":{"rendered":"Welness"},"content":{"rendered":"\n<p>Pour une somme modique de 25 euros par semaine, vous pourrez vous d\u00e9tendre en prenant un massage apaisant dans notre whirlpool.<\/p>\n\n\n\n<p>Pour celle ou celui qui veut se faire soigner par des profesionnels, nous vous recommandons des thermes de Montbrun Les Bain. Ces sources chaudes sulfure \u00e9taient d\u00e9j\u00e0 connues par les Romains. Aujourd&#8217;hui, encore des traitements en ce qui concerne les rhumatismes et probl\u00e8mes respiratoires y sont effectu\u00e9s.<br>Evidemment, vous pourrez simplement profiter d\u2019un bain de vapeur, un sauna ou un jacuzzi sur une terrasse panoramique avec vue sur le village et le Mont Ventoux. A Montbrun se trouve une petite piscine int\u00e9rieure.<\/p>\n\n\n\n<figure class=\"wp-block-image\"><a href=\"http:\/\/www.grangeventoux.com\/wp-content\/uploads\/2019\/02\/20171003_171802-1024x576.jpg\" target=\"_blank\" rel=\"noreferrer noopener\"><img loading=\"lazy\" decoding=\"async\" width=\"1024\" height=\"576\" src=\"http:\/\/www.grangeventoux.com\/wp-content\/uploads\/2019\/02\/20171003_171802-1024x576.jpg\" alt=\"\" class=\"wp-image-1485\" srcset=\"https:\/\/www.grangeventoux.com\/wp-content\/uploads\/2019\/02\/20171003_171802-1024x576.jpg 1024w, https:\/\/www.grangeventoux.com\/wp-content\/uploads\/2019\/02\/20171003_171802-300x169.jpg 300w, https:\/\/www.grangeventoux.com\/wp-content\/uploads\/2019\/02\/20171003_171802-768x432.jpg 768w, https:\/\/www.grangeventoux.com\/wp-content\/uploads\/2019\/02\/20171003_171802-800x450.jpg 800w, https:\/\/www.grangeventoux.com\/wp-content\/uploads\/2019\/02\/20171003_171802-600x338.jpg 600w, https:\/\/www.grangeventoux.com\/wp-content\/uploads\/2019\/02\/20171003_171802.jpg 1280w\" sizes=\"auto, (max-width: 1024px) 100vw, 1024px\" \/><\/a><\/figure>\n\n\n\n<p>Vous ferez mieux de nager au camping de Sault.<\/p>\n","protected":false},"excerpt":{"rendered":"<p>Pour une somme modique de 25 euros par semaine, vous pourrez vous d\u00e9tendre en prenant un massage apaisant dans notre whirlpool. Pour celle ou celui qui veut se faire soigner par des profesionnels, nous vous recommandons des thermes de Montbrun Les Bain. Ces sources chaudes sulfure \u00e9taient d\u00e9j\u00e0 connues par les Romains. Aujourd&#8217;hui, encore des&hellip;<\/p>\n","protected":false},"author":1,"featured_media":0,"parent":1359,"menu_order":6,"comment_status":"closed","ping_status":"closed","template":"","meta":{"footnotes":""},"class_list":["post-1483","page","type-page","status-publish","hentry"],"yoast_head":"<!-- This site is optimized with the Yoast SEO plugin v24.9 - https:\/\/yoast.com\/wordpress\/plugins\/seo\/ -->\n<title>Welness - bienvenue a Grange Ventoux<\/title>\n<meta name=\"robots\" content=\"index, follow, max-snippet:-1, max-image-preview:large, max-video-preview:-1\" \/>\n<link rel=\"canonical\" href=\"https:\/\/www.grangeventoux.com\/?page_id=1483&lang=fr\" \/>\n<meta property=\"og:locale\" content=\"nl_BE\" \/>\n<meta property=\"og:type\" content=\"article\" \/>\n<meta property=\"og:title\" content=\"Welness - bienvenue a Grange Ventoux\" \/>\n<meta property=\"og:description\" content=\"Pour une somme modique de 25 euros par semaine, vous pourrez vous d\u00e9tendre en prenant un massage apaisant dans notre whirlpool. Pour celle ou celui qui veut se faire soigner par des profesionnels, nous vous recommandons des thermes de Montbrun Les Bain. Ces sources chaudes sulfure \u00e9taient d\u00e9j\u00e0 connues par les Romains. Aujourd&#8217;hui, encore des&hellip;\" \/>\n<meta property=\"og:url\" content=\"https:\/\/www.grangeventoux.com\/?page_id=1483&amp;lang=fr\" \/>\n<meta property=\"og:site_name\" content=\"bienvenue a Grange Ventoux\" \/>\n<meta property=\"article:publisher\" content=\"https:\/\/www.facebook.com\/grangeventoux\/\" \/>\n<meta property=\"article:modified_time\" content=\"2019-03-19T12:45:38+00:00\" \/>\n<meta property=\"og:image\" content=\"http:\/\/www.grangeventoux.com\/wp-content\/uploads\/2019\/02\/20171003_171802-1024x576.jpg\" \/>\n<meta name=\"twitter:card\" content=\"summary_large_image\" \/>\n<meta name=\"twitter:label1\" content=\"Geschatte leestijd\" \/>\n\t<meta name=\"twitter:data1\" content=\"1 minuut\" \/>\n<script type=\"application\/ld+json\" class=\"yoast-schema-graph\">{\"@context\":\"https:\/\/schema.org\",\"@graph\":[{\"@type\":\"WebPage\",\"@id\":\"https:\/\/www.grangeventoux.com\/?page_id=1483&lang=fr\",\"url\":\"https:\/\/www.grangeventoux.com\/?page_id=1483&lang=fr\",\"name\":\"Welness - bienvenue a Grange Ventoux\",\"isPartOf\":{\"@id\":\"https:\/\/www.grangeventoux.com\/#website\"},\"primaryImageOfPage\":{\"@id\":\"https:\/\/www.grangeventoux.com\/?page_id=1483&lang=fr#primaryimage\"},\"image\":{\"@id\":\"https:\/\/www.grangeventoux.com\/?page_id=1483&lang=fr#primaryimage\"},\"thumbnailUrl\":\"http:\/\/www.grangeventoux.com\/wp-content\/uploads\/2019\/02\/20171003_171802-1024x576.jpg\",\"datePublished\":\"2019-02-25T12:50:00+00:00\",\"dateModified\":\"2019-03-19T12:45:38+00:00\",\"breadcrumb\":{\"@id\":\"https:\/\/www.grangeventoux.com\/?page_id=1483&lang=fr#breadcrumb\"},\"inLanguage\":\"nl-BE\",\"potentialAction\":[{\"@type\":\"ReadAction\",\"target\":[\"https:\/\/www.grangeventoux.com\/?page_id=1483&lang=fr\"]}]},{\"@type\":\"ImageObject\",\"inLanguage\":\"nl-BE\",\"@id\":\"https:\/\/www.grangeventoux.com\/?page_id=1483&lang=fr#primaryimage\",\"url\":\"http:\/\/www.grangeventoux.com\/wp-content\/uploads\/2019\/02\/20171003_171802-1024x576.jpg\",\"contentUrl\":\"http:\/\/www.grangeventoux.com\/wp-content\/uploads\/2019\/02\/20171003_171802-1024x576.jpg\"},{\"@type\":\"BreadcrumbList\",\"@id\":\"https:\/\/www.grangeventoux.com\/?page_id=1483&lang=fr#breadcrumb\",\"itemListElement\":[{\"@type\":\"ListItem\",\"position\":1,\"name\":\"Home\",\"item\":\"https:\/\/www.grangeventoux.com\/\"},{\"@type\":\"ListItem\",\"position\":2,\"name\":\"Dolce far niente\",\"item\":\"https:\/\/www.grangeventoux.com\/?page_id=1359&lang=fr\"},{\"@type\":\"ListItem\",\"position\":3,\"name\":\"Welness\"}]},{\"@type\":\"WebSite\",\"@id\":\"https:\/\/www.grangeventoux.com\/#website\",\"url\":\"https:\/\/www.grangeventoux.com\/\",\"name\":\"bienvenue a Grange Ventoux\",\"description\":\"un petit coin de paradis\",\"potentialAction\":[{\"@type\":\"SearchAction\",\"target\":{\"@type\":\"EntryPoint\",\"urlTemplate\":\"https:\/\/www.grangeventoux.com\/?s={search_term_string}\"},\"query-input\":{\"@type\":\"PropertyValueSpecification\",\"valueRequired\":true,\"valueName\":\"search_term_string\"}}],\"inLanguage\":\"nl-BE\"}]}<\/script>\n<!-- \/ Yoast SEO plugin. -->","yoast_head_json":{"title":"Welness - bienvenue a Grange Ventoux","robots":{"index":"index","follow":"follow","max-snippet":"max-snippet:-1","max-image-preview":"max-image-preview:large","max-video-preview":"max-video-preview:-1"},"canonical":"https:\/\/www.grangeventoux.com\/?page_id=1483&lang=fr","og_locale":"nl_BE","og_type":"article","og_title":"Welness - bienvenue a Grange Ventoux","og_description":"Pour une somme modique de 25 euros par semaine, vous pourrez vous d\u00e9tendre en prenant un massage apaisant dans notre whirlpool. Pour celle ou celui qui veut se faire soigner par des profesionnels, nous vous recommandons des thermes de Montbrun Les Bain. Ces sources chaudes sulfure \u00e9taient d\u00e9j\u00e0 connues par les Romains. Aujourd&#8217;hui, encore des&hellip;","og_url":"https:\/\/www.grangeventoux.com\/?page_id=1483&lang=fr","og_site_name":"bienvenue a Grange Ventoux","article_publisher":"https:\/\/www.facebook.com\/grangeventoux\/","article_modified_time":"2019-03-19T12:45:38+00:00","og_image":[{"url":"http:\/\/www.grangeventoux.com\/wp-content\/uploads\/2019\/02\/20171003_171802-1024x576.jpg","type":"","width":"","height":""}],"twitter_card":"summary_large_image","twitter_misc":{"Geschatte leestijd":"1 minuut"},"schema":{"@context":"https:\/\/schema.org","@graph":[{"@type":"WebPage","@id":"https:\/\/www.grangeventoux.com\/?page_id=1483&lang=fr","url":"https:\/\/www.grangeventoux.com\/?page_id=1483&lang=fr","name":"Welness - bienvenue a Grange Ventoux","isPartOf":{"@id":"https:\/\/www.grangeventoux.com\/#website"},"primaryImageOfPage":{"@id":"https:\/\/www.grangeventoux.com\/?page_id=1483&lang=fr#primaryimage"},"image":{"@id":"https:\/\/www.grangeventoux.com\/?page_id=1483&lang=fr#primaryimage"},"thumbnailUrl":"http:\/\/www.grangeventoux.com\/wp-content\/uploads\/2019\/02\/20171003_171802-1024x576.jpg","datePublished":"2019-02-25T12:50:00+00:00","dateModified":"2019-03-19T12:45:38+00:00","breadcrumb":{"@id":"https:\/\/www.grangeventoux.com\/?page_id=1483&lang=fr#breadcrumb"},"inLanguage":"nl-BE","potentialAction":[{"@type":"ReadAction","target":["https:\/\/www.grangeventoux.com\/?page_id=1483&lang=fr"]}]},{"@type":"ImageObject","inLanguage":"nl-BE","@id":"https:\/\/www.grangeventoux.com\/?page_id=1483&lang=fr#primaryimage","url":"http:\/\/www.grangeventoux.com\/wp-content\/uploads\/2019\/02\/20171003_171802-1024x576.jpg","contentUrl":"http:\/\/www.grangeventoux.com\/wp-content\/uploads\/2019\/02\/20171003_171802-1024x576.jpg"},{"@type":"BreadcrumbList","@id":"https:\/\/www.grangeventoux.com\/?page_id=1483&lang=fr#breadcrumb","itemListElement":[{"@type":"ListItem","position":1,"name":"Home","item":"https:\/\/www.grangeventoux.com\/"},{"@type":"ListItem","position":2,"name":"Dolce far niente","item":"https:\/\/www.grangeventoux.com\/?page_id=1359&lang=fr"},{"@type":"ListItem","position":3,"name":"Welness"}]},{"@type":"WebSite","@id":"https:\/\/www.grangeventoux.com\/#website","url":"https:\/\/www.grangeventoux.com\/","name":"bienvenue a Grange Ventoux","description":"un petit coin de paradis","potentialAction":[{"@type":"SearchAction","target":{"@type":"EntryPoint","urlTemplate":"https:\/\/www.grangeventoux.com\/?s={search_term_string}"},"query-input":{"@type":"PropertyValueSpecification","valueRequired":true,"valueName":"search_term_string"}}],"inLanguage":"nl-BE"}]}},"jetpack_sharing_enabled":true,"_links":{"self":[{"href":"https:\/\/www.grangeventoux.com\/index.php?rest_route=\/wp\/v2\/pages\/1483","targetHints":{"allow":["GET"]}}],"collection":[{"href":"https:\/\/www.grangeventoux.com\/index.php?rest_route=\/wp\/v2\/pages"}],"about":[{"href":"https:\/\/www.grangeventoux.com\/index.php?rest_route=\/wp\/v2\/types\/page"}],"author":[{"embeddable":true,"href":"https:\/\/www.grangeventoux.com\/index.php?rest_route=\/wp\/v2\/users\/1"}],"replies":[{"embeddable":true,"href":"https:\/\/www.grangeventoux.com\/index.php?rest_route=%2Fwp%2Fv2%2Fcomments&post=1483"}],"version-history":[{"count":2,"href":"https:\/\/www.grangeventoux.com\/index.php?rest_route=\/wp\/v2\/pages\/1483\/revisions"}],"predecessor-version":[{"id":1627,"href":"https:\/\/www.grangeventoux.com\/index.php?rest_route=\/wp\/v2\/pages\/1483\/revisions\/1627"}],"up":[{"embeddable":true,"href":"https:\/\/www.grangeventoux.com\/index.php?rest_route=\/wp\/v2\/pages\/1359"}],"wp:attachment":[{"href":"https:\/\/www.grangeventoux.com\/index.php?rest_route=%2Fwp%2Fv2%2Fmedia&parent=1483"}],"curies":[{"name":"wp","href":"https:\/\/api.w.org\/{rel}","templated":true}]}}