{"id":1531,"date":"2019-02-25T13:04:50","date_gmt":"2019-02-25T13:04:50","guid":{"rendered":"http:\/\/www.grangeventoux.com\/?page_id=1531"},"modified":"2019-02-25T13:10:48","modified_gmt":"2019-02-25T13:10:48","slug":"quest-est-nous","status":"publish","type":"page","link":"https:\/\/www.grangeventoux.com\/?page_id=1531&lang=fr","title":{"rendered":"Qui sommes nous?"},"content":{"rendered":"\n<div class=\"wp-block-image\"><figure class=\"alignleft is-resized\"><a href=\"http:\/\/www.grangeventoux.com\/wp-content\/uploads\/2019\/02\/IMG_5262.jpg\" target=\"_blank\" rel=\"noreferrer noopener\"><img loading=\"lazy\" decoding=\"async\" src=\"http:\/\/www.grangeventoux.com\/wp-content\/uploads\/2019\/02\/IMG_5262.jpg\" alt=\"\" class=\"wp-image-1539\" width=\"159\" height=\"212\" srcset=\"https:\/\/www.grangeventoux.com\/wp-content\/uploads\/2019\/02\/IMG_5262.jpg 480w, https:\/\/www.grangeventoux.com\/wp-content\/uploads\/2019\/02\/IMG_5262-225x300.jpg 225w\" sizes=\"auto, (max-width: 159px) 100vw, 159px\" \/><\/a><\/figure><\/div>\n\n\n\n<p>Nous sommes un couple belge\/italien avec une passion pour les voyages, les sports de montagne, la nature et la culture. Pia vient de Toscane et elle a grandi entre les vignobles de Rufina. Elle a obtenu de la maison la fine cuisine italienne. Ses connaissances en mati\u00e8re de grands vins et de produits ont \u00e9t\u00e9 renforc\u00e9es \u00e0 la Brasserie Docks, o\u00f9 elle a travaill\u00e9 pendant pr\u00e8s de 30 ans.<\/p>\n\n\n\n<figure class=\"wp-block-image\"><a href=\"http:\/\/www.grangeventoux.com\/wp-content\/uploads\/2019\/02\/20180603_152402.jpg\" target=\"_blank\" rel=\"noreferrer noopener\"><img loading=\"lazy\" decoding=\"async\" width=\"1024\" height=\"576\" src=\"http:\/\/www.grangeventoux.com\/wp-content\/uploads\/2019\/02\/20180603_152402-1024x576.jpg\" alt=\"\" class=\"wp-image-1543\" srcset=\"https:\/\/www.grangeventoux.com\/wp-content\/uploads\/2019\/02\/20180603_152402-1024x576.jpg 1024w, https:\/\/www.grangeventoux.com\/wp-content\/uploads\/2019\/02\/20180603_152402-300x169.jpg 300w, https:\/\/www.grangeventoux.com\/wp-content\/uploads\/2019\/02\/20180603_152402-768x432.jpg 768w, https:\/\/www.grangeventoux.com\/wp-content\/uploads\/2019\/02\/20180603_152402-800x450.jpg 800w, https:\/\/www.grangeventoux.com\/wp-content\/uploads\/2019\/02\/20180603_152402-600x338.jpg 600w\" sizes=\"auto, (max-width: 1024px) 100vw, 1024px\" \/><\/a><\/figure>\n\n\n\n<p>Pia est \u00e9galement tr\u00e8s cr\u00e9ative et elle fait de belles gravures \u00e0 l&#8217;eau-forte et des ustensiles de c\u00e9ramique.<\/p>\n\n\n\n<ul class=\"wp-block-gallery columns-2 is-cropped wp-block-gallery-1 is-layout-flex wp-block-gallery-is-layout-flex\"><li class=\"blocks-gallery-item\"><figure><a href=\"http:\/\/www.grangeventoux.com\/wp-content\/uploads\/2019\/02\/IMG_8253-819x1024-819x1024.jpg\"><img loading=\"lazy\" decoding=\"async\" width=\"819\" height=\"1024\" src=\"http:\/\/www.grangeventoux.com\/wp-content\/uploads\/2019\/02\/IMG_8253-819x1024-819x1024.jpg\" alt=\"\" data-id=\"1547\" data-link=\"http:\/\/www.grangeventoux.com\/?attachment_id=1547#main\" class=\"wp-image-1547\" srcset=\"https:\/\/www.grangeventoux.com\/wp-content\/uploads\/2019\/02\/IMG_8253-819x1024.jpg 819w, https:\/\/www.grangeventoux.com\/wp-content\/uploads\/2019\/02\/IMG_8253-819x1024-240x300.jpg 240w, https:\/\/www.grangeventoux.com\/wp-content\/uploads\/2019\/02\/IMG_8253-819x1024-768x960.jpg 768w, https:\/\/www.grangeventoux.com\/wp-content\/uploads\/2019\/02\/IMG_8253-819x1024-800x1000.jpg 800w, https:\/\/www.grangeventoux.com\/wp-content\/uploads\/2019\/02\/IMG_8253-819x1024-600x750.jpg 600w\" sizes=\"auto, (max-width: 819px) 100vw, 819px\" \/><\/a><\/figure><\/li><li class=\"blocks-gallery-item\"><figure><a href=\"http:\/\/www.grangeventoux.com\/wp-content\/uploads\/2019\/02\/IMG_8276-1024x1024.jpg\"><img loading=\"lazy\" decoding=\"async\" width=\"1024\" height=\"1024\" src=\"http:\/\/www.grangeventoux.com\/wp-content\/uploads\/2019\/02\/IMG_8276-1024x1024.jpg\" alt=\"\" data-id=\"1548\" data-link=\"http:\/\/www.grangeventoux.com\/?attachment_id=1548#main\" class=\"wp-image-1548\" srcset=\"https:\/\/www.grangeventoux.com\/wp-content\/uploads\/2019\/02\/IMG_8276-1024x1024.jpg 1024w, https:\/\/www.grangeventoux.com\/wp-content\/uploads\/2019\/02\/IMG_8276-1024x1024-150x150.jpg 150w, https:\/\/www.grangeventoux.com\/wp-content\/uploads\/2019\/02\/IMG_8276-1024x1024-300x300.jpg 300w, https:\/\/www.grangeventoux.com\/wp-content\/uploads\/2019\/02\/IMG_8276-1024x1024-768x768.jpg 768w, https:\/\/www.grangeventoux.com\/wp-content\/uploads\/2019\/02\/IMG_8276-1024x1024-800x800.jpg 800w, https:\/\/www.grangeventoux.com\/wp-content\/uploads\/2019\/02\/IMG_8276-1024x1024-600x600.jpg 600w, https:\/\/www.grangeventoux.com\/wp-content\/uploads\/2019\/02\/IMG_8276-1024x1024-100x100.jpg 100w\" sizes=\"auto, (max-width: 1024px) 100vw, 1024px\" \/><\/a><\/figure><\/li><\/ul>\n\n\n\n<p>Tom n&#8217;a jamais cess\u00e9 de s\u2019entra\u00eener!. Il est toujours un passionn\u00e9 de cyclisme de montagne, skieur et alpiniste. Faire de longues randonn\u00e9es et photographier et se trouver \u00e0 l\u2019ext\u00e9rieur en plein nature lui rendent calme.<\/p>\n\n\n\n<p>Que nous avons perdu notre coeur \u00e0 ce petit coin de paradis, cela a \u00e9t\u00e9 \u00e9crit dans les \u00e9toiles. Apr\u00e8s des ann\u00e9es de r\u00e9novation, nous aimons partager nos passions et exp\u00e9riences avec vous. Nous aimons vous g\u00e2ter \u00e0 Grange Ventoux Monieux.<\/p>\n","protected":false},"excerpt":{"rendered":"<p>Nous sommes un couple belge\/italien avec une passion pour les voyages, les sports de montagne, la nature et la culture. Pia vient de Toscane et elle a grandi entre les vignobles de Rufina. Elle a obtenu de la maison la fine cuisine italienne. Ses connaissances en mati\u00e8re de grands vins et de produits ont \u00e9t\u00e9&hellip;<\/p>\n","protected":false},"author":1,"featured_media":0,"parent":1521,"menu_order":1,"comment_status":"closed","ping_status":"closed","template":"","meta":{"footnotes":""},"class_list":["post-1531","page","type-page","status-publish","hentry"],"yoast_head":"<!-- This site is optimized with the Yoast SEO plugin v24.9 - https:\/\/yoast.com\/wordpress\/plugins\/seo\/ -->\n<title>Qui sommes nous? - bienvenue a Grange Ventoux<\/title>\n<meta name=\"robots\" content=\"index, follow, max-snippet:-1, max-image-preview:large, max-video-preview:-1\" \/>\n<link rel=\"canonical\" href=\"https:\/\/www.grangeventoux.com\/?page_id=1531&lang=fr\" \/>\n<meta property=\"og:locale\" content=\"nl_BE\" \/>\n<meta property=\"og:type\" content=\"article\" \/>\n<meta property=\"og:title\" content=\"Qui sommes nous? - bienvenue a Grange Ventoux\" \/>\n<meta property=\"og:description\" content=\"Nous sommes un couple belge\/italien avec une passion pour les voyages, les sports de montagne, la nature et la culture. Pia vient de Toscane et elle a grandi entre les vignobles de Rufina. Elle a obtenu de la maison la fine cuisine italienne. Ses connaissances en mati\u00e8re de grands vins et de produits ont \u00e9t\u00e9&hellip;\" \/>\n<meta property=\"og:url\" content=\"https:\/\/www.grangeventoux.com\/?page_id=1531&amp;lang=fr\" \/>\n<meta property=\"og:site_name\" content=\"bienvenue a Grange Ventoux\" \/>\n<meta property=\"article:publisher\" content=\"https:\/\/www.facebook.com\/grangeventoux\/\" \/>\n<meta property=\"article:modified_time\" content=\"2019-02-25T13:10:48+00:00\" \/>\n<meta property=\"og:image\" content=\"http:\/\/www.grangeventoux.com\/wp-content\/uploads\/2019\/02\/IMG_5262.jpg\" \/>\n<meta name=\"twitter:card\" content=\"summary_large_image\" \/>\n<meta name=\"twitter:label1\" content=\"Geschatte leestijd\" \/>\n\t<meta name=\"twitter:data1\" content=\"1 minuut\" \/>\n<script type=\"application\/ld+json\" class=\"yoast-schema-graph\">{\"@context\":\"https:\/\/schema.org\",\"@graph\":[{\"@type\":\"WebPage\",\"@id\":\"https:\/\/www.grangeventoux.com\/?page_id=1531&lang=fr\",\"url\":\"https:\/\/www.grangeventoux.com\/?page_id=1531&lang=fr\",\"name\":\"Qui sommes nous? - bienvenue a Grange Ventoux\",\"isPartOf\":{\"@id\":\"https:\/\/www.grangeventoux.com\/#website\"},\"primaryImageOfPage\":{\"@id\":\"https:\/\/www.grangeventoux.com\/?page_id=1531&lang=fr#primaryimage\"},\"image\":{\"@id\":\"https:\/\/www.grangeventoux.com\/?page_id=1531&lang=fr#primaryimage\"},\"thumbnailUrl\":\"http:\/\/www.grangeventoux.com\/wp-content\/uploads\/2019\/02\/IMG_5262.jpg\",\"datePublished\":\"2019-02-25T13:04:50+00:00\",\"dateModified\":\"2019-02-25T13:10:48+00:00\",\"breadcrumb\":{\"@id\":\"https:\/\/www.grangeventoux.com\/?page_id=1531&lang=fr#breadcrumb\"},\"inLanguage\":\"nl-BE\",\"potentialAction\":[{\"@type\":\"ReadAction\",\"target\":[\"https:\/\/www.grangeventoux.com\/?page_id=1531&lang=fr\"]}]},{\"@type\":\"ImageObject\",\"inLanguage\":\"nl-BE\",\"@id\":\"https:\/\/www.grangeventoux.com\/?page_id=1531&lang=fr#primaryimage\",\"url\":\"http:\/\/www.grangeventoux.com\/wp-content\/uploads\/2019\/02\/IMG_5262.jpg\",\"contentUrl\":\"http:\/\/www.grangeventoux.com\/wp-content\/uploads\/2019\/02\/IMG_5262.jpg\"},{\"@type\":\"BreadcrumbList\",\"@id\":\"https:\/\/www.grangeventoux.com\/?page_id=1531&lang=fr#breadcrumb\",\"itemListElement\":[{\"@type\":\"ListItem\",\"position\":1,\"name\":\"Home\",\"item\":\"https:\/\/www.grangeventoux.com\/\"},{\"@type\":\"ListItem\",\"position\":2,\"name\":\"About us\",\"item\":\"https:\/\/www.grangeventoux.com\/?page_id=1521&lang=fr\"},{\"@type\":\"ListItem\",\"position\":3,\"name\":\"Qui sommes nous?\"}]},{\"@type\":\"WebSite\",\"@id\":\"https:\/\/www.grangeventoux.com\/#website\",\"url\":\"https:\/\/www.grangeventoux.com\/\",\"name\":\"bienvenue a Grange Ventoux\",\"description\":\"un petit coin de paradis\",\"potentialAction\":[{\"@type\":\"SearchAction\",\"target\":{\"@type\":\"EntryPoint\",\"urlTemplate\":\"https:\/\/www.grangeventoux.com\/?s={search_term_string}\"},\"query-input\":{\"@type\":\"PropertyValueSpecification\",\"valueRequired\":true,\"valueName\":\"search_term_string\"}}],\"inLanguage\":\"nl-BE\"}]}<\/script>\n<!-- \/ Yoast SEO plugin. -->","yoast_head_json":{"title":"Qui sommes nous? - bienvenue a Grange Ventoux","robots":{"index":"index","follow":"follow","max-snippet":"max-snippet:-1","max-image-preview":"max-image-preview:large","max-video-preview":"max-video-preview:-1"},"canonical":"https:\/\/www.grangeventoux.com\/?page_id=1531&lang=fr","og_locale":"nl_BE","og_type":"article","og_title":"Qui sommes nous? - bienvenue a Grange Ventoux","og_description":"Nous sommes un couple belge\/italien avec une passion pour les voyages, les sports de montagne, la nature et la culture. Pia vient de Toscane et elle a grandi entre les vignobles de Rufina. Elle a obtenu de la maison la fine cuisine italienne. Ses connaissances en mati\u00e8re de grands vins et de produits ont \u00e9t\u00e9&hellip;","og_url":"https:\/\/www.grangeventoux.com\/?page_id=1531&lang=fr","og_site_name":"bienvenue a Grange Ventoux","article_publisher":"https:\/\/www.facebook.com\/grangeventoux\/","article_modified_time":"2019-02-25T13:10:48+00:00","og_image":[{"url":"http:\/\/www.grangeventoux.com\/wp-content\/uploads\/2019\/02\/IMG_5262.jpg","type":"","width":"","height":""}],"twitter_card":"summary_large_image","twitter_misc":{"Geschatte leestijd":"1 minuut"},"schema":{"@context":"https:\/\/schema.org","@graph":[{"@type":"WebPage","@id":"https:\/\/www.grangeventoux.com\/?page_id=1531&lang=fr","url":"https:\/\/www.grangeventoux.com\/?page_id=1531&lang=fr","name":"Qui sommes nous? - bienvenue a Grange Ventoux","isPartOf":{"@id":"https:\/\/www.grangeventoux.com\/#website"},"primaryImageOfPage":{"@id":"https:\/\/www.grangeventoux.com\/?page_id=1531&lang=fr#primaryimage"},"image":{"@id":"https:\/\/www.grangeventoux.com\/?page_id=1531&lang=fr#primaryimage"},"thumbnailUrl":"http:\/\/www.grangeventoux.com\/wp-content\/uploads\/2019\/02\/IMG_5262.jpg","datePublished":"2019-02-25T13:04:50+00:00","dateModified":"2019-02-25T13:10:48+00:00","breadcrumb":{"@id":"https:\/\/www.grangeventoux.com\/?page_id=1531&lang=fr#breadcrumb"},"inLanguage":"nl-BE","potentialAction":[{"@type":"ReadAction","target":["https:\/\/www.grangeventoux.com\/?page_id=1531&lang=fr"]}]},{"@type":"ImageObject","inLanguage":"nl-BE","@id":"https:\/\/www.grangeventoux.com\/?page_id=1531&lang=fr#primaryimage","url":"http:\/\/www.grangeventoux.com\/wp-content\/uploads\/2019\/02\/IMG_5262.jpg","contentUrl":"http:\/\/www.grangeventoux.com\/wp-content\/uploads\/2019\/02\/IMG_5262.jpg"},{"@type":"BreadcrumbList","@id":"https:\/\/www.grangeventoux.com\/?page_id=1531&lang=fr#breadcrumb","itemListElement":[{"@type":"ListItem","position":1,"name":"Home","item":"https:\/\/www.grangeventoux.com\/"},{"@type":"ListItem","position":2,"name":"About us","item":"https:\/\/www.grangeventoux.com\/?page_id=1521&lang=fr"},{"@type":"ListItem","position":3,"name":"Qui sommes nous?"}]},{"@type":"WebSite","@id":"https:\/\/www.grangeventoux.com\/#website","url":"https:\/\/www.grangeventoux.com\/","name":"bienvenue a Grange Ventoux","description":"un petit coin de paradis","potentialAction":[{"@type":"SearchAction","target":{"@type":"EntryPoint","urlTemplate":"https:\/\/www.grangeventoux.com\/?s={search_term_string}"},"query-input":{"@type":"PropertyValueSpecification","valueRequired":true,"valueName":"search_term_string"}}],"inLanguage":"nl-BE"}]}},"jetpack_sharing_enabled":true,"_links":{"self":[{"href":"https:\/\/www.grangeventoux.com\/index.php?rest_route=\/wp\/v2\/pages\/1531","targetHints":{"allow":["GET"]}}],"collection":[{"href":"https:\/\/www.grangeventoux.com\/index.php?rest_route=\/wp\/v2\/pages"}],"about":[{"href":"https:\/\/www.grangeventoux.com\/index.php?rest_route=\/wp\/v2\/types\/page"}],"author":[{"embeddable":true,"href":"https:\/\/www.grangeventoux.com\/index.php?rest_route=\/wp\/v2\/users\/1"}],"replies":[{"embeddable":true,"href":"https:\/\/www.grangeventoux.com\/index.php?rest_route=%2Fwp%2Fv2%2Fcomments&post=1531"}],"version-history":[{"count":6,"href":"https:\/\/www.grangeventoux.com\/index.php?rest_route=\/wp\/v2\/pages\/1531\/revisions"}],"predecessor-version":[{"id":1559,"href":"https:\/\/www.grangeventoux.com\/index.php?rest_route=\/wp\/v2\/pages\/1531\/revisions\/1559"}],"up":[{"embeddable":true,"href":"https:\/\/www.grangeventoux.com\/index.php?rest_route=\/wp\/v2\/pages\/1521"}],"wp:attachment":[{"href":"https:\/\/www.grangeventoux.com\/index.php?rest_route=%2Fwp%2Fv2%2Fmedia&parent=1531"}],"curies":[{"name":"wp","href":"https:\/\/api.w.org\/{rel}","templated":true}]}}