{"id":37,"date":"2019-01-03T22:20:11","date_gmt":"2019-01-03T22:20:11","guid":{"rendered":"http:\/\/www.grangeventoux.com\/?page_id=37"},"modified":"2020-10-19T12:32:41","modified_gmt":"2020-10-19T10:32:41","slug":"dorpjes","status":"publish","type":"page","link":"https:\/\/www.grangeventoux.com\/?page_id=37","title":{"rendered":"Dorpjes"},"content":{"rendered":"\n<p>Wat is er leuker dan een terrasje te doen, een lokaal marktje te bezoeken of gewoon rond te kuieren in de smalle straatjes van de eeuwenoude dorpjes waar de tijd lijkt stil te staan.&nbsp;De Luberon heeft enkele van de  <br>mooiste dorpen in Frankrijk. Gorges, Lacoste en Bonieux zijn enkele klinkende namen die bekend zijn bij een breed publiek.&nbsp;Ik beschrijf enkele minder bekende maar vooral pittoreske dorpen uit de buurt.&nbsp;<\/p>\n\n\n\n<p><br><strong><a aria-label=\"Monieux\u00a0 (opens in a new tab)\" rel=\"noreferrer noopener\" href=\"https:\/\/www.provenceweb.fr\/e\/vaucluse\/monieux\/monieux.htm\" target=\"_blank\"><font color=\"hex_#00ff00\">Monieux\u00a0<\/font><\/a><\/strong><br>Grange Ventoux ligt aan de voet van dit kleine middeleeuwse dorp met een beladen geschiedenis.\u00a0Het is opgetrokken in kalksteen en ligt mooi verborgen in de beschutting van de oostflank van de Ventoux.\u00a0Het is heerlijk om met het boek van <a aria-label=\"Stefan Hertmans (opens in a new tab)\" rel=\"noreferrer noopener\" href=\"https:\/\/www.debezigebij.nl\/boeken\/de-bekeerlinge\/\" target=\"_blank\"><font color=\"hex_#00ff00\">Stefan Hertmans<\/font><\/a> koffie te drinken onder de platanen in de ochtendzon.\u00a0Stefan beschrijft het levensverhaal van een jonge christelijke vrouw van adel die verliefd wordt op de zoon van een joodse rabijn in de 11de eeuw. Ze moeten onderduiken in Monieux, vanwege hun verboden liefde. Het lijkt een beetje de Proven\u00e7aalse Romeo en Juliette. Je zult het dorp anders bekijken na het lezen van deze roman. Wandel naar de uitkijktoren waar je een prachtig zicht hebt op het dorp, de vallei van Sault en de groene heuvels rondom. Je zult passages waar Hertmans over schrijft, herkennen in het landschap. <br>Op de eerste zondag van september is hier een bruisend dorpsfeest.\u00a0<\/p>\n\n\n\n<p><strong><a rel=\"noreferrer noopener\" aria-label=\" (opens in a new tab)\" href=\"https:\/\/www.provenceweb.fr\/e\/vaucluse\/sault\/sault.htm\" target=\"_blank\"><font color=\"hex_#00ff00\">Sault<\/font><\/a><\/strong><a rel=\"noreferrer noopener\" aria-label=\" (opens in a new tab)\" href=\"https:\/\/www.provenceweb.fr\/e\/vaucluse\/sault\/sault.htm\" target=\"_blank\">&nbsp;<\/a><br>Waarschijnlijk ga je hier het meest komen. Je vindt er de supermarkt en fietsverhuur maar ook enkele&nbsp;niet te missen delicatessenwinkels (zie <a href=\"http:\/\/www.grangeventoux.com\/?page_id=89\" target=\"_blank\" rel=\"noreferrer noopener\" aria-label=\"winkels (opens in a new tab)\"><font color=\"hex_#00ff00\">winkels<\/font><\/a><font color=\"hex_#00ff00\">)<\/font>. Het stadje is gebouwd op een uitstekende rots met prachtig zicht op de lavendelvelden. Op woensdag is het markt en vind je veel bioproducten vanop het plateau: geitenkaas, spelt (\u00e9peautre ), honing, nougat en vlees van het Ventoux-varken. De lekkerbekken onder ons kunnen zich helemaal laten gaan.&nbsp;<br>Op 15 augustus is het hier Lavendelfeest!<\/p>\n\n\n\n<figure class=\"wp-block-image\"><a href=\"http:\/\/www.grangeventoux.com\/wp-content\/uploads\/2019\/01\/FB_IMG_1510781152216.jpg\"><img loading=\"lazy\" decoding=\"async\" width=\"720\" height=\"436\" src=\"http:\/\/www.grangeventoux.com\/wp-content\/uploads\/2019\/01\/FB_IMG_1510781152216.jpg\" alt=\"\" class=\"wp-image-526\" srcset=\"https:\/\/www.grangeventoux.com\/wp-content\/uploads\/2019\/01\/FB_IMG_1510781152216.jpg 720w, https:\/\/www.grangeventoux.com\/wp-content\/uploads\/2019\/01\/FB_IMG_1510781152216-300x182.jpg 300w, https:\/\/www.grangeventoux.com\/wp-content\/uploads\/2019\/01\/FB_IMG_1510781152216-600x363.jpg 600w\" sizes=\"auto, (max-width: 720px) 100vw, 720px\" \/><\/a><\/figure>\n\n\n\n<p><strong><a href=\"https:\/\/www.provenceweb.fr\/e\/vaucluse\/methamis\/methamis.htm\" target=\"_blank\" rel=\"noreferrer noopener\" aria-label=\"M\u00e9thamis (opens in a new tab)\"><font color=\"hex_#00ff00\">M\u00e9thamis<\/font><\/a><\/strong><br>Prachtig typisch proven\u00e7aals dorpje dat op een rotspunt gebouwd is. Zelfs in het hoogseizoen is het hier rustig. Als je de fietstocht &#8216;ronde van de Nesque&#8217; doet is het ideaal om hier je bidon te vullen en een terrasje te doen in het enige dorpscafe.<\/p>\n\n\n\n<p><br><strong><a rel=\"noreferrer noopener\" aria-label=\"Brantes&nbsp; (opens in a new tab)\" href=\"https:\/\/www.provenceweb.fr\/e\/vaucluse\/brantes\/brantes.htm\" target=\"_blank\"><font color=\"hex_#00ff00\">Brantes<\/font><\/a><\/strong><a rel=\"noreferrer noopener\" aria-label=\"Brantes&nbsp; (opens in a new tab)\" href=\"https:\/\/www.provenceweb.fr\/e\/vaucluse\/brantes\/brantes.htm\" target=\"_blank\">&nbsp;<\/a><br>Mijn &#8216;pr\u00e9f\u00e8re&#8217;! Het uitzicht op de noordzijde van de Mont Ventoux en de vallei van de Toulerenc is schitterend! Het dorpje plakt tegen de wand van de Montagne de Blog aan zoals een adelaarsnest. Je vindt hier heel wat kunstenaars en ambachtslieden.&nbsp;Bij &#8216;chez Martin&#8217; kan je van dit alles genieten op het terras van het gerenoveerde kasteel. Bezoek zeker Joop zijn keramiekatelier.<\/p>\n\n\n\n<figure class=\"wp-block-image\"><a href=\"http:\/\/www.grangeventoux.com\/wp-content\/uploads\/2019\/01\/4661826_1.jpg\"><img loading=\"lazy\" decoding=\"async\" width=\"700\" height=\"492\" src=\"http:\/\/www.grangeventoux.com\/wp-content\/uploads\/2019\/01\/4661826_1.jpg\" alt=\"\" class=\"wp-image-398\" srcset=\"https:\/\/www.grangeventoux.com\/wp-content\/uploads\/2019\/01\/4661826_1.jpg 700w, https:\/\/www.grangeventoux.com\/wp-content\/uploads\/2019\/01\/4661826_1-300x211.jpg 300w, https:\/\/www.grangeventoux.com\/wp-content\/uploads\/2019\/01\/4661826_1-600x422.jpg 600w\" sizes=\"auto, (max-width: 700px) 100vw, 700px\" \/><\/a><\/figure>\n\n\n\n<p><br><strong><a href=\"https:\/\/www.provenceweb.fr\/e\/drome-provencale\/montbrun-les-bains\/montbrun-les-bains.htm\" target=\"_blank\" rel=\"noreferrer noopener\" aria-label=\"Montbrun-les-Bains (opens in a new tab)\"><font color=\"hex_#00ff00\">Montbrun-les-Bains<\/font><\/a><\/strong><br>De Romeinen wisten waar het goed leven was en genoten er van de warmwaterbronnen. Toch waren zij h\u00eder niet de \u00e9\u00e9rste!&nbsp;Opgravingen onderaan het dorp bewezen dat zich hier de eerste landbouwers uit de Provence vestigden.&nbsp;Het is 1 van de mooiste dorpen van Frankrijk.&nbsp;Je wandelt hier stijl bergop door smalle middeleeuwse straatjes om boven het dorp,&nbsp; aan de voet van ru\u00efne van het kasteel te genieten van een adembenemend landschap. De noordzijde van de Mont Ventoux is goed zichtbaar.&nbsp;<\/p>\n\n\n\n<p><strong><a rel=\"noreferrer noopener\" aria-label=\"Roussilion (opens in a new tab)\" href=\"https:\/\/www.provenceweb.fr\/e\/vaucluse\/roussill\/roussill.htm\" target=\"_blank\"><font color=\"hex_#00ff00\">Roussilion<\/font><\/a><\/strong><br>Dit schilderachtig dorp is \u00e9\u00e9n van de mooiste van de Vaucluse, gebouwd op een okerrots. De gebouwen zijn uit deze mooie rode aarde vervaardigd en hun rode zandsteen zorgt voor een contrast met de groene atlassparren onderaan het dorp.&nbsp;De wandeling &#8216;le sentier des Ocres&#8217; is op zich deze uitstap al waard. Het is er in de zomermaanden erg druk. Kom dan vooral s&#8217;avonds met de ondergaande zon die de kleuren nog mooier maakt.&nbsp;<\/p>\n\n\n\n<p><strong><a rel=\"noreferrer noopener\" aria-label=\"Semiane-la-Rotonde (opens in a new tab)\" href=\"https:\/\/www.simiane-la-rotonde.fr\/\" target=\"_blank\"><font color=\"hex_#00ff00\">Simiane-la-Rotonde<\/font><\/a><\/strong><br>Dit dorpje is gelegen op een heuvel vanwaar je uitkijkt op de omringende omgeving.&nbsp;In de verte zie je de Alpen goed liggen. Onder het dorp liep een oude Romeinse handelsroute tussen Sisteron en Apt. Simaine kende haar hoogtijdagen vooral tijdens de renaissance, toen het de plaats was voor de glasindustrie.&nbsp;Authentieke gebouwen, smalle straatjes en mooie tuintjes.&nbsp;De hoofdattractie blijft wel de ronde toren van het ch\u00e2teau waar je vooral in augustus kunt genieten van klassieke muziek (fantastische akoestiek!).&nbsp;<\/p>\n\n\n\n<figure class=\"wp-block-image\"><a href=\"http:\/\/www.grangeventoux.com\/wp-content\/uploads\/2019\/01\/simiane.jpg\"><img loading=\"lazy\" decoding=\"async\" width=\"1024\" height=\"341\" src=\"http:\/\/www.grangeventoux.com\/wp-content\/uploads\/2019\/01\/simiane-1024x341.jpg\" alt=\"\" class=\"wp-image-391\" srcset=\"https:\/\/www.grangeventoux.com\/wp-content\/uploads\/2019\/01\/simiane-1024x341.jpg 1024w, https:\/\/www.grangeventoux.com\/wp-content\/uploads\/2019\/01\/simiane-300x100.jpg 300w, https:\/\/www.grangeventoux.com\/wp-content\/uploads\/2019\/01\/simiane-768x256.jpg 768w, https:\/\/www.grangeventoux.com\/wp-content\/uploads\/2019\/01\/simiane-800x267.jpg 800w, https:\/\/www.grangeventoux.com\/wp-content\/uploads\/2019\/01\/simiane-600x200.jpg 600w, https:\/\/www.grangeventoux.com\/wp-content\/uploads\/2019\/01\/simiane.jpg 1170w\" sizes=\"auto, (max-width: 1024px) 100vw, 1024px\" \/><\/a><\/figure>\n\n\n\n<p><br><strong><a rel=\"noreferrer noopener\" aria-label=\"Isle-sur-Sorgue (opens in a new tab)\" href=\"https:\/\/www.provenceweb.fr\/e\/vaucluse\/islesorg\/islesorg.htm\" target=\"_blank\"><font color=\"hex_#00ff00\">Isle-sur-la-Sorgue<\/font><\/a><\/strong><br>Het Veneti\u00eb van de Provence heeft haar naam te danken aan &#8220;eiland&#8221; in de Sorgue. Na de markt op zaterdag is het hier genieten op de verkoelende terrasjes, langs de Sorgue.&nbsp; Het is de &#8216;place to be&#8217; voor antiquairs. Je hebt er tal van winkeltjes en galerijen. Met pasen en op 15 augustus komen hier zo&#8217;n 800 exposanten en daarmee is het \u00e9\u00e9n van de belangrijkste antiekevenementen in Europa.&nbsp;Hier vind je ook enkele eeuwenoude brasseries en lekkere ijssalons! <\/p>\n\n\n\n<figure class=\"wp-block-image\"><a href=\"http:\/\/www.grangeventoux.com\/wp-content\/uploads\/2019\/01\/2c4eaaec5639035521677cfd9f8315dd.jpg\"><img loading=\"lazy\" decoding=\"async\" width=\"1024\" height=\"768\" src=\"http:\/\/www.grangeventoux.com\/wp-content\/uploads\/2019\/01\/2c4eaaec5639035521677cfd9f8315dd-1024x768.jpg\" alt=\"\" class=\"wp-image-394\" srcset=\"https:\/\/www.grangeventoux.com\/wp-content\/uploads\/2019\/01\/2c4eaaec5639035521677cfd9f8315dd-1024x768.jpg 1024w, https:\/\/www.grangeventoux.com\/wp-content\/uploads\/2019\/01\/2c4eaaec5639035521677cfd9f8315dd-300x225.jpg 300w, https:\/\/www.grangeventoux.com\/wp-content\/uploads\/2019\/01\/2c4eaaec5639035521677cfd9f8315dd-768x576.jpg 768w, https:\/\/www.grangeventoux.com\/wp-content\/uploads\/2019\/01\/2c4eaaec5639035521677cfd9f8315dd-800x600.jpg 800w, https:\/\/www.grangeventoux.com\/wp-content\/uploads\/2019\/01\/2c4eaaec5639035521677cfd9f8315dd-600x450.jpg 600w\" sizes=\"auto, (max-width: 1024px) 100vw, 1024px\" \/><\/a><\/figure>\n","protected":false},"excerpt":{"rendered":"<p>Wat is er leuker dan een terrasje te doen, een lokaal marktje te bezoeken of gewoon rond te kuieren in de smalle straatjes van de eeuwenoude dorpjes waar de tijd lijkt stil te staan.&nbsp;De Luberon heeft enkele van de mooiste dorpen in Frankrijk. Gorges, Lacoste en Bonieux zijn enkele klinkende namen die bekend zijn bij&hellip;<\/p>\n","protected":false},"author":1,"featured_media":0,"parent":25,"menu_order":4,"comment_status":"closed","ping_status":"closed","template":"","meta":{"footnotes":""},"class_list":["post-37","page","type-page","status-publish","hentry"],"yoast_head":"<!-- This site is optimized with the Yoast SEO plugin v24.9 - https:\/\/yoast.com\/wordpress\/plugins\/seo\/ -->\n<title>Dorpjes - bienvenue a Grange Ventoux<\/title>\n<meta name=\"robots\" content=\"index, follow, max-snippet:-1, max-image-preview:large, max-video-preview:-1\" \/>\n<link rel=\"canonical\" href=\"https:\/\/www.grangeventoux.com\/?page_id=37\" \/>\n<meta property=\"og:locale\" content=\"nl_BE\" \/>\n<meta property=\"og:type\" content=\"article\" \/>\n<meta property=\"og:title\" content=\"Dorpjes - bienvenue a Grange Ventoux\" \/>\n<meta property=\"og:description\" content=\"Wat is er leuker dan een terrasje te doen, een lokaal marktje te bezoeken of gewoon rond te kuieren in de smalle straatjes van de eeuwenoude dorpjes waar de tijd lijkt stil te staan.&nbsp;De Luberon heeft enkele van de mooiste dorpen in Frankrijk. Gorges, Lacoste en Bonieux zijn enkele klinkende namen die bekend zijn bij&hellip;\" \/>\n<meta property=\"og:url\" content=\"https:\/\/www.grangeventoux.com\/?page_id=37\" \/>\n<meta property=\"og:site_name\" content=\"bienvenue a Grange Ventoux\" \/>\n<meta property=\"article:publisher\" content=\"https:\/\/www.facebook.com\/grangeventoux\/\" \/>\n<meta property=\"article:modified_time\" content=\"2020-10-19T10:32:41+00:00\" \/>\n<meta property=\"og:image\" content=\"http:\/\/www.grangeventoux.com\/wp-content\/uploads\/2019\/01\/FB_IMG_1510781152216.jpg\" \/>\n<meta name=\"twitter:card\" content=\"summary_large_image\" \/>\n<meta name=\"twitter:label1\" content=\"Geschatte leestijd\" \/>\n\t<meta name=\"twitter:data1\" content=\"4 minuten\" \/>\n<script type=\"application\/ld+json\" class=\"yoast-schema-graph\">{\"@context\":\"https:\/\/schema.org\",\"@graph\":[{\"@type\":\"WebPage\",\"@id\":\"https:\/\/www.grangeventoux.com\/?page_id=37\",\"url\":\"https:\/\/www.grangeventoux.com\/?page_id=37\",\"name\":\"Dorpjes - bienvenue a Grange Ventoux\",\"isPartOf\":{\"@id\":\"https:\/\/www.grangeventoux.com\/#website\"},\"primaryImageOfPage\":{\"@id\":\"https:\/\/www.grangeventoux.com\/?page_id=37#primaryimage\"},\"image\":{\"@id\":\"https:\/\/www.grangeventoux.com\/?page_id=37#primaryimage\"},\"thumbnailUrl\":\"http:\/\/www.grangeventoux.com\/wp-content\/uploads\/2019\/01\/FB_IMG_1510781152216.jpg\",\"datePublished\":\"2019-01-03T22:20:11+00:00\",\"dateModified\":\"2020-10-19T10:32:41+00:00\",\"breadcrumb\":{\"@id\":\"https:\/\/www.grangeventoux.com\/?page_id=37#breadcrumb\"},\"inLanguage\":\"nl-BE\",\"potentialAction\":[{\"@type\":\"ReadAction\",\"target\":[\"https:\/\/www.grangeventoux.com\/?page_id=37\"]}]},{\"@type\":\"ImageObject\",\"inLanguage\":\"nl-BE\",\"@id\":\"https:\/\/www.grangeventoux.com\/?page_id=37#primaryimage\",\"url\":\"https:\/\/www.grangeventoux.com\/wp-content\/uploads\/2019\/01\/FB_IMG_1510781152216.jpg\",\"contentUrl\":\"https:\/\/www.grangeventoux.com\/wp-content\/uploads\/2019\/01\/FB_IMG_1510781152216.jpg\",\"width\":720,\"height\":436},{\"@type\":\"BreadcrumbList\",\"@id\":\"https:\/\/www.grangeventoux.com\/?page_id=37#breadcrumb\",\"itemListElement\":[{\"@type\":\"ListItem\",\"position\":1,\"name\":\"Home\",\"item\":\"https:\/\/www.grangeventoux.com\/\"},{\"@type\":\"ListItem\",\"position\":2,\"name\":\"Omgeving\",\"item\":\"https:\/\/www.grangeventoux.com\/?page_id=25\"},{\"@type\":\"ListItem\",\"position\":3,\"name\":\"Dorpjes\"}]},{\"@type\":\"WebSite\",\"@id\":\"https:\/\/www.grangeventoux.com\/#website\",\"url\":\"https:\/\/www.grangeventoux.com\/\",\"name\":\"bienvenue a Grange Ventoux\",\"description\":\"un petit coin de paradis\",\"potentialAction\":[{\"@type\":\"SearchAction\",\"target\":{\"@type\":\"EntryPoint\",\"urlTemplate\":\"https:\/\/www.grangeventoux.com\/?s={search_term_string}\"},\"query-input\":{\"@type\":\"PropertyValueSpecification\",\"valueRequired\":true,\"valueName\":\"search_term_string\"}}],\"inLanguage\":\"nl-BE\"}]}<\/script>\n<!-- \/ Yoast SEO plugin. -->","yoast_head_json":{"title":"Dorpjes - bienvenue a Grange Ventoux","robots":{"index":"index","follow":"follow","max-snippet":"max-snippet:-1","max-image-preview":"max-image-preview:large","max-video-preview":"max-video-preview:-1"},"canonical":"https:\/\/www.grangeventoux.com\/?page_id=37","og_locale":"nl_BE","og_type":"article","og_title":"Dorpjes - bienvenue a Grange Ventoux","og_description":"Wat is er leuker dan een terrasje te doen, een lokaal marktje te bezoeken of gewoon rond te kuieren in de smalle straatjes van de eeuwenoude dorpjes waar de tijd lijkt stil te staan.&nbsp;De Luberon heeft enkele van de mooiste dorpen in Frankrijk. Gorges, Lacoste en Bonieux zijn enkele klinkende namen die bekend zijn bij&hellip;","og_url":"https:\/\/www.grangeventoux.com\/?page_id=37","og_site_name":"bienvenue a Grange Ventoux","article_publisher":"https:\/\/www.facebook.com\/grangeventoux\/","article_modified_time":"2020-10-19T10:32:41+00:00","og_image":[{"url":"http:\/\/www.grangeventoux.com\/wp-content\/uploads\/2019\/01\/FB_IMG_1510781152216.jpg","type":"","width":"","height":""}],"twitter_card":"summary_large_image","twitter_misc":{"Geschatte leestijd":"4 minuten"},"schema":{"@context":"https:\/\/schema.org","@graph":[{"@type":"WebPage","@id":"https:\/\/www.grangeventoux.com\/?page_id=37","url":"https:\/\/www.grangeventoux.com\/?page_id=37","name":"Dorpjes - bienvenue a Grange Ventoux","isPartOf":{"@id":"https:\/\/www.grangeventoux.com\/#website"},"primaryImageOfPage":{"@id":"https:\/\/www.grangeventoux.com\/?page_id=37#primaryimage"},"image":{"@id":"https:\/\/www.grangeventoux.com\/?page_id=37#primaryimage"},"thumbnailUrl":"http:\/\/www.grangeventoux.com\/wp-content\/uploads\/2019\/01\/FB_IMG_1510781152216.jpg","datePublished":"2019-01-03T22:20:11+00:00","dateModified":"2020-10-19T10:32:41+00:00","breadcrumb":{"@id":"https:\/\/www.grangeventoux.com\/?page_id=37#breadcrumb"},"inLanguage":"nl-BE","potentialAction":[{"@type":"ReadAction","target":["https:\/\/www.grangeventoux.com\/?page_id=37"]}]},{"@type":"ImageObject","inLanguage":"nl-BE","@id":"https:\/\/www.grangeventoux.com\/?page_id=37#primaryimage","url":"https:\/\/www.grangeventoux.com\/wp-content\/uploads\/2019\/01\/FB_IMG_1510781152216.jpg","contentUrl":"https:\/\/www.grangeventoux.com\/wp-content\/uploads\/2019\/01\/FB_IMG_1510781152216.jpg","width":720,"height":436},{"@type":"BreadcrumbList","@id":"https:\/\/www.grangeventoux.com\/?page_id=37#breadcrumb","itemListElement":[{"@type":"ListItem","position":1,"name":"Home","item":"https:\/\/www.grangeventoux.com\/"},{"@type":"ListItem","position":2,"name":"Omgeving","item":"https:\/\/www.grangeventoux.com\/?page_id=25"},{"@type":"ListItem","position":3,"name":"Dorpjes"}]},{"@type":"WebSite","@id":"https:\/\/www.grangeventoux.com\/#website","url":"https:\/\/www.grangeventoux.com\/","name":"bienvenue a Grange Ventoux","description":"un petit coin de paradis","potentialAction":[{"@type":"SearchAction","target":{"@type":"EntryPoint","urlTemplate":"https:\/\/www.grangeventoux.com\/?s={search_term_string}"},"query-input":{"@type":"PropertyValueSpecification","valueRequired":true,"valueName":"search_term_string"}}],"inLanguage":"nl-BE"}]}},"jetpack_sharing_enabled":true,"_links":{"self":[{"href":"https:\/\/www.grangeventoux.com\/index.php?rest_route=\/wp\/v2\/pages\/37","targetHints":{"allow":["GET"]}}],"collection":[{"href":"https:\/\/www.grangeventoux.com\/index.php?rest_route=\/wp\/v2\/pages"}],"about":[{"href":"https:\/\/www.grangeventoux.com\/index.php?rest_route=\/wp\/v2\/types\/page"}],"author":[{"embeddable":true,"href":"https:\/\/www.grangeventoux.com\/index.php?rest_route=\/wp\/v2\/users\/1"}],"replies":[{"embeddable":true,"href":"https:\/\/www.grangeventoux.com\/index.php?rest_route=%2Fwp%2Fv2%2Fcomments&post=37"}],"version-history":[{"count":29,"href":"https:\/\/www.grangeventoux.com\/index.php?rest_route=\/wp\/v2\/pages\/37\/revisions"}],"predecessor-version":[{"id":2200,"href":"https:\/\/www.grangeventoux.com\/index.php?rest_route=\/wp\/v2\/pages\/37\/revisions\/2200"}],"up":[{"embeddable":true,"href":"https:\/\/www.grangeventoux.com\/index.php?rest_route=\/wp\/v2\/pages\/25"}],"wp:attachment":[{"href":"https:\/\/www.grangeventoux.com\/index.php?rest_route=%2Fwp%2Fv2%2Fmedia&parent=37"}],"curies":[{"name":"wp","href":"https:\/\/api.w.org\/{rel}","templated":true}]}}