{"id":73,"date":"2019-01-03T22:46:34","date_gmt":"2019-01-03T22:46:34","guid":{"rendered":"http:\/\/www.grangeventoux.com\/?page_id=73"},"modified":"2019-01-30T11:25:46","modified_gmt":"2019-01-30T11:25:46","slug":"bars","status":"publish","type":"page","link":"https:\/\/www.grangeventoux.com\/?page_id=73","title":{"rendered":"Bars"},"content":{"rendered":"\n<p><strong><a rel=\"noreferrer noopener\" aria-label=\"Les Lavandes (opens in a new tab)\" href=\"https:\/\/www.restaurant-les-lavandes.fr\/\" target=\"_blank\"><font color=\"hex_#00ff00\">Les Lavandes<\/font><\/a><\/strong><br>Op 5 minuten wandelafstand kom je op het dorpsplein van Monieux onder de platanen beschut tegen de hitte.&nbsp;Je zit er naast een mooie fontein, amper verkeer, Proven\u00e7aalser dan dit bestaat niet. Heerlijke perzik- en appeltaart bij de koffie.&nbsp;<br> <br><strong><a rel=\"noreferrer noopener\" aria-label=\"Ar\u00f4ma Plantes  (opens in a new tab)\" href=\"http:\/\/www.distillerie-aromaplantes.com\/en\/\" target=\"_blank\"><font color=\"hex_#00ff00\">Ar\u00f4ma Plantes<\/font><\/a><\/strong><a rel=\"noreferrer noopener\" aria-label=\"Ar\u00f4ma Plantes  (opens in a new tab)\" href=\"http:\/\/www.distillerie-aromaplantes.com\/en\/\" target=\"_blank\"> <\/a><br>Dit is het cafe&#8217;tje van een van de belangrijkste distilleri\u00ebn uit de buurt. Hier zijn ze al sinds 1978 op een biologische manier essenti\u00eble oli\u00ebn van lavendel en andere aromatische planten aan het distilleren. Deze worden vooral gebruikt in hun aromatherapie en eigen lijn van kosmetische producten. Maar hier ook de biologische teelt van spelt, kikkererwten en linzen. Het ruikt er heerlijk en ligt in het midden van de lavendelvelden. Na een rondleiding in de distillerie kan je genieten van een lavendelthee, of artisanaal biertje. Je zit er in de schaduw van een prachtige oude kastanjeboom. <br>ps. Hier werkt de gastvrouw gedurende het zomerseizoen. <br><a rel=\"noreferrer noopener\" aria-label=\"\nLa Promenade de Justi (opens in a new tab)\" href=\"https:\/\/www.tripadvisor.com\/Restaurant_Review-g1237104-d3842135-Reviews-La_Promenade_de_Justin-Sault_Vaucluse_Provence_Alpes_Cote_d_Azur.html\" target=\"_blank\"><br><\/a><strong><a rel=\"noreferrer noopener\" aria-label=\"La Promenade de Justin (opens in a new tab)\" href=\"https:\/\/www.tripadvisor.com\/Restaurant_Review-g1237104-d3842135-Reviews-La_Promenade_de_Justin-Sault_Vaucluse_Provence_Alpes_Cote_d_Azur.html\" target=\"_blank\"><font color=\"hex_#00ff00\">La Promenade de Justin<\/font><\/a><\/strong><br>Het terras bij uitstek van Sault. Hier heb je een prachtig zicht op de vallei met zijn lavendelvelden en de top van de Mont Ventoux. Je ziet er dan ook veel wielrenners. Ik raad aan om er zeker een pastis te gaan drinken. Op het dorpsplein naast het caf\u00e9 worden regelmatig petanquecompetities gehouden.&nbsp;<br><br><strong><a href=\"https:\/\/www.faiencedebrantes.com\/\" target=\"_blank\" rel=\"noreferrer noopener\" aria-label=\"'Chez Martine' (opens in a new tab)\"><font color=\"hex_#00ff00\">&#8216;Chez Martine&#8217;<\/font><\/a><\/strong><br>Opgelet, enkel open in het weekend en feestdagen&#8230;maar veruit het mooiste terrasje uit de buurt. Brantes opzich is al de moeite waard, maar de kers op de taart is wel het terrasje onder de rode parasols.&nbsp;Joop en Martine kochten 30 jaar geleden een ru\u00efne van een kasteeltje, en kijk wat ze er van maakten. Je kunt er niet naast kijken dat Joop een keramist is. Vooral het zicht op de noordkant van de Mont Ventoux en de vallei van de Toulerenc zijn met geen woorden te beschrijven. <\/p>\n","protected":false},"excerpt":{"rendered":"<p>Les LavandesOp 5 minuten wandelafstand kom je op het dorpsplein van Monieux onder de platanen beschut tegen de hitte.&nbsp;Je zit er naast een mooie fontein, amper verkeer, Proven\u00e7aalser dan dit bestaat niet. Heerlijke perzik- en appeltaart bij de koffie.&nbsp; Ar\u00f4ma Plantes Dit is het cafe&#8217;tje van een van de belangrijkste distilleri\u00ebn uit de buurt. Hier&hellip;<\/p>\n","protected":false},"author":1,"featured_media":0,"parent":69,"menu_order":2,"comment_status":"closed","ping_status":"closed","template":"","meta":{"footnotes":""},"class_list":["post-73","page","type-page","status-publish","hentry"],"yoast_head":"<!-- This site is optimized with the Yoast SEO plugin v24.9 - https:\/\/yoast.com\/wordpress\/plugins\/seo\/ -->\n<title>Bars - bienvenue a Grange Ventoux<\/title>\n<meta name=\"robots\" content=\"index, follow, max-snippet:-1, max-image-preview:large, max-video-preview:-1\" \/>\n<link rel=\"canonical\" href=\"https:\/\/www.grangeventoux.com\/?page_id=73\" \/>\n<meta property=\"og:locale\" content=\"nl_BE\" \/>\n<meta property=\"og:type\" content=\"article\" \/>\n<meta property=\"og:title\" content=\"Bars - bienvenue a Grange Ventoux\" \/>\n<meta property=\"og:description\" content=\"Les LavandesOp 5 minuten wandelafstand kom je op het dorpsplein van Monieux onder de platanen beschut tegen de hitte.&nbsp;Je zit er naast een mooie fontein, amper verkeer, Proven\u00e7aalser dan dit bestaat niet. Heerlijke perzik- en appeltaart bij de koffie.&nbsp; Ar\u00f4ma Plantes Dit is het cafe&#8217;tje van een van de belangrijkste distilleri\u00ebn uit de buurt. Hier&hellip;\" \/>\n<meta property=\"og:url\" content=\"https:\/\/www.grangeventoux.com\/?page_id=73\" \/>\n<meta property=\"og:site_name\" content=\"bienvenue a Grange Ventoux\" \/>\n<meta property=\"article:publisher\" content=\"https:\/\/www.facebook.com\/grangeventoux\/\" \/>\n<meta property=\"article:modified_time\" content=\"2019-01-30T11:25:46+00:00\" \/>\n<meta name=\"twitter:card\" content=\"summary_large_image\" \/>\n<meta name=\"twitter:label1\" content=\"Geschatte leestijd\" \/>\n\t<meta name=\"twitter:data1\" content=\"1 minuut\" \/>\n<script type=\"application\/ld+json\" class=\"yoast-schema-graph\">{\"@context\":\"https:\/\/schema.org\",\"@graph\":[{\"@type\":\"WebPage\",\"@id\":\"https:\/\/www.grangeventoux.com\/?page_id=73\",\"url\":\"https:\/\/www.grangeventoux.com\/?page_id=73\",\"name\":\"Bars - bienvenue a Grange Ventoux\",\"isPartOf\":{\"@id\":\"https:\/\/www.grangeventoux.com\/#website\"},\"datePublished\":\"2019-01-03T22:46:34+00:00\",\"dateModified\":\"2019-01-30T11:25:46+00:00\",\"breadcrumb\":{\"@id\":\"https:\/\/www.grangeventoux.com\/?page_id=73#breadcrumb\"},\"inLanguage\":\"nl-BE\",\"potentialAction\":[{\"@type\":\"ReadAction\",\"target\":[\"https:\/\/www.grangeventoux.com\/?page_id=73\"]}]},{\"@type\":\"BreadcrumbList\",\"@id\":\"https:\/\/www.grangeventoux.com\/?page_id=73#breadcrumb\",\"itemListElement\":[{\"@type\":\"ListItem\",\"position\":1,\"name\":\"Home\",\"item\":\"https:\/\/www.grangeventoux.com\/\"},{\"@type\":\"ListItem\",\"position\":2,\"name\":\"Dolce far niente\",\"item\":\"https:\/\/www.grangeventoux.com\/?page_id=69\"},{\"@type\":\"ListItem\",\"position\":3,\"name\":\"Bars\"}]},{\"@type\":\"WebSite\",\"@id\":\"https:\/\/www.grangeventoux.com\/#website\",\"url\":\"https:\/\/www.grangeventoux.com\/\",\"name\":\"bienvenue a Grange Ventoux\",\"description\":\"un petit coin de paradis\",\"potentialAction\":[{\"@type\":\"SearchAction\",\"target\":{\"@type\":\"EntryPoint\",\"urlTemplate\":\"https:\/\/www.grangeventoux.com\/?s={search_term_string}\"},\"query-input\":{\"@type\":\"PropertyValueSpecification\",\"valueRequired\":true,\"valueName\":\"search_term_string\"}}],\"inLanguage\":\"nl-BE\"}]}<\/script>\n<!-- \/ Yoast SEO plugin. -->","yoast_head_json":{"title":"Bars - bienvenue a Grange Ventoux","robots":{"index":"index","follow":"follow","max-snippet":"max-snippet:-1","max-image-preview":"max-image-preview:large","max-video-preview":"max-video-preview:-1"},"canonical":"https:\/\/www.grangeventoux.com\/?page_id=73","og_locale":"nl_BE","og_type":"article","og_title":"Bars - bienvenue a Grange Ventoux","og_description":"Les LavandesOp 5 minuten wandelafstand kom je op het dorpsplein van Monieux onder de platanen beschut tegen de hitte.&nbsp;Je zit er naast een mooie fontein, amper verkeer, Proven\u00e7aalser dan dit bestaat niet. Heerlijke perzik- en appeltaart bij de koffie.&nbsp; Ar\u00f4ma Plantes Dit is het cafe&#8217;tje van een van de belangrijkste distilleri\u00ebn uit de buurt. Hier&hellip;","og_url":"https:\/\/www.grangeventoux.com\/?page_id=73","og_site_name":"bienvenue a Grange Ventoux","article_publisher":"https:\/\/www.facebook.com\/grangeventoux\/","article_modified_time":"2019-01-30T11:25:46+00:00","twitter_card":"summary_large_image","twitter_misc":{"Geschatte leestijd":"1 minuut"},"schema":{"@context":"https:\/\/schema.org","@graph":[{"@type":"WebPage","@id":"https:\/\/www.grangeventoux.com\/?page_id=73","url":"https:\/\/www.grangeventoux.com\/?page_id=73","name":"Bars - bienvenue a Grange Ventoux","isPartOf":{"@id":"https:\/\/www.grangeventoux.com\/#website"},"datePublished":"2019-01-03T22:46:34+00:00","dateModified":"2019-01-30T11:25:46+00:00","breadcrumb":{"@id":"https:\/\/www.grangeventoux.com\/?page_id=73#breadcrumb"},"inLanguage":"nl-BE","potentialAction":[{"@type":"ReadAction","target":["https:\/\/www.grangeventoux.com\/?page_id=73"]}]},{"@type":"BreadcrumbList","@id":"https:\/\/www.grangeventoux.com\/?page_id=73#breadcrumb","itemListElement":[{"@type":"ListItem","position":1,"name":"Home","item":"https:\/\/www.grangeventoux.com\/"},{"@type":"ListItem","position":2,"name":"Dolce far niente","item":"https:\/\/www.grangeventoux.com\/?page_id=69"},{"@type":"ListItem","position":3,"name":"Bars"}]},{"@type":"WebSite","@id":"https:\/\/www.grangeventoux.com\/#website","url":"https:\/\/www.grangeventoux.com\/","name":"bienvenue a Grange Ventoux","description":"un petit coin de paradis","potentialAction":[{"@type":"SearchAction","target":{"@type":"EntryPoint","urlTemplate":"https:\/\/www.grangeventoux.com\/?s={search_term_string}"},"query-input":{"@type":"PropertyValueSpecification","valueRequired":true,"valueName":"search_term_string"}}],"inLanguage":"nl-BE"}]}},"jetpack_sharing_enabled":true,"_links":{"self":[{"href":"https:\/\/www.grangeventoux.com\/index.php?rest_route=\/wp\/v2\/pages\/73","targetHints":{"allow":["GET"]}}],"collection":[{"href":"https:\/\/www.grangeventoux.com\/index.php?rest_route=\/wp\/v2\/pages"}],"about":[{"href":"https:\/\/www.grangeventoux.com\/index.php?rest_route=\/wp\/v2\/types\/page"}],"author":[{"embeddable":true,"href":"https:\/\/www.grangeventoux.com\/index.php?rest_route=\/wp\/v2\/users\/1"}],"replies":[{"embeddable":true,"href":"https:\/\/www.grangeventoux.com\/index.php?rest_route=%2Fwp%2Fv2%2Fcomments&post=73"}],"version-history":[{"count":7,"href":"https:\/\/www.grangeventoux.com\/index.php?rest_route=\/wp\/v2\/pages\/73\/revisions"}],"predecessor-version":[{"id":817,"href":"https:\/\/www.grangeventoux.com\/index.php?rest_route=\/wp\/v2\/pages\/73\/revisions\/817"}],"up":[{"embeddable":true,"href":"https:\/\/www.grangeventoux.com\/index.php?rest_route=\/wp\/v2\/pages\/69"}],"wp:attachment":[{"href":"https:\/\/www.grangeventoux.com\/index.php?rest_route=%2Fwp%2Fv2%2Fmedia&parent=73"}],"curies":[{"name":"wp","href":"https:\/\/api.w.org\/{rel}","templated":true}]}}