{"id":75,"date":"2019-01-03T22:47:20","date_gmt":"2019-01-03T22:47:20","guid":{"rendered":"http:\/\/www.grangeventoux.com\/?page_id=75"},"modified":"2019-02-06T18:22:41","modified_gmt":"2019-02-06T18:22:41","slug":"proeven","status":"publish","type":"page","link":"https:\/\/www.grangeventoux.com\/?page_id=75","title":{"rendered":"Proeven"},"content":{"rendered":"\n<figure class=\"wp-block-image\"><a href=\"http:\/\/www.grangeventoux.com\/wp-content\/uploads\/2019\/01\/20181025_151050.jpg\"><img loading=\"lazy\" decoding=\"async\" width=\"1024\" height=\"576\" src=\"http:\/\/www.grangeventoux.com\/wp-content\/uploads\/2019\/01\/20181025_151050-1024x576.jpg\" alt=\"\" class=\"wp-image-516\" srcset=\"https:\/\/www.grangeventoux.com\/wp-content\/uploads\/2019\/01\/20181025_151050-1024x576.jpg 1024w, https:\/\/www.grangeventoux.com\/wp-content\/uploads\/2019\/01\/20181025_151050-300x169.jpg 300w, https:\/\/www.grangeventoux.com\/wp-content\/uploads\/2019\/01\/20181025_151050-768x432.jpg 768w, https:\/\/www.grangeventoux.com\/wp-content\/uploads\/2019\/01\/20181025_151050-800x450.jpg 800w, https:\/\/www.grangeventoux.com\/wp-content\/uploads\/2019\/01\/20181025_151050-600x338.jpg 600w\" sizes=\"auto, (max-width: 1024px) 100vw, 1024px\" \/><\/a><\/figure>\n\n\n\n<p>Door de specifiekere ondergrond en gunstige klimaat worden in de Vaucluse heel wat kwaliteitsproducten geteeld. Dit gebeurt op een artisanale biologische manier. Lam uit Sault, kersen rond Bedoin, aardbeien van Carpentras, geconfijt fruit uit Apt en de bekende meloenen van Cavaillon.\u00a0Ieder seizoen biedt wat lekkers.\u00a0<\/p>\n\n\n\n<div class=\"wp-block-image\"><figure class=\"alignright\"><a href=\"http:\/\/www.grangeventoux.com\/wp-content\/uploads\/2019\/02\/IMG-20190206-WA0001.jpg\"><img loading=\"lazy\" decoding=\"async\" width=\"250\" height=\"188\" src=\"http:\/\/www.grangeventoux.com\/wp-content\/uploads\/2019\/02\/IMG-20190206-WA0001.jpg\" alt=\"\" class=\"wp-image-847\"\/><\/a><\/figure><\/div>\n\n\n\n<p>Aan de voet van de Ventoux vind je de zwarte diamant, de bijnaam van de truffel.\u00a0Overal in de buurt zul je bijenkorven zien staan. Door de verscheidenheid in landbouw en natuur vind je hier heel diverse honing. In Sault vind je dan ook nog een speciaalzaak met nougat sinds 1887. <br><br>Maar nog veel ouder zijn de olijf- en wijnteelt.\u00a0<br>Laat het even hebben over de gunstige invloed van de Mont Ventoux op de wijngaarden. Ondanks de zuidelijke ligging zorgt de koele lucht dat het rijpen van de druiven hier langzaam gaat. Hoe rijp ze ook worden door de zuid Franse zon,\u00a0 en hoe hoog het alcoholgehalte dan ook is, dit zorgt voor een finesse en elegantie in de smaak.\u00a0De Ventoux is vooral een appellatie van rode wijnen (Syrah, Grenache en Carignan) maar je vindt er ook lekkere ros\u00e9wijntjes.<br><br>Vlak bij vind je ook de betere wijngaarden van de C\u00f4tes du Rh\u00f4ne. De Cru&#8217;s zijn dan ook wereldwijd bekend. <a rel=\"noreferrer noopener\" aria-label=\"Ch\u00e2teauneuf-du-Pape (opens in a new tab)\" href=\"https:\/\/www.wine-searcher.com\/regions-chateauneuf-du-pape?Xfromchoice=Y\" target=\"_blank\"><font color=\"hex_#00ff00\">Ch\u00e2teauneuf-du-Pape<\/font><\/a><font color=\"hex_#00ff00\">, <a rel=\"noreferrer noopener\" aria-label=\"Gigondas (opens in a new tab)\" href=\"https:\/\/en.wikipedia.org\/wiki\/Gigondas_AOC\" target=\"_blank\"><font color=\"hex_#00ff00\">Gigondas<\/font><\/a><font color=\"hex_#00ff00\">, <a rel=\"noreferrer noopener\" aria-label=\"Vacqueyras (opens in a new tab)\" href=\"https:\/\/en.wikipedia.org\/wiki\/Vacqueyras_AOC\" target=\"_blank\"><font color=\"hex_#00ff00\">Vacqueyras<\/font><\/a><font color=\"hex_#00ff00\">, <a rel=\"noreferrer noopener\" aria-label=\"Beaumes-de-Venise (opens in a new tab)\" href=\"https:\/\/www.wine-searcher.com\/regions-beaumes-de-venise\" target=\"_blank\"><font color=\"hex_#00ff00\">Beaumes-de-Venise <\/font><\/a> om er enkele op te noemen.\u00a0<\/font><\/font><\/font><\/p>\n\n\n\n<ul class=\"wp-block-gallery columns-3 is-cropped wp-block-gallery-1 is-layout-flex wp-block-gallery-is-layout-flex\"><li class=\"blocks-gallery-item\"><figure><a href=\"http:\/\/www.grangeventoux.com\/wp-content\/uploads\/2019\/02\/IMG-20190206-WA0003-1024x690.jpg\"><img loading=\"lazy\" decoding=\"async\" width=\"1024\" height=\"690\" src=\"http:\/\/www.grangeventoux.com\/wp-content\/uploads\/2019\/02\/IMG-20190206-WA0003-1024x690.jpg\" alt=\"\" data-id=\"850\" data-link=\"http:\/\/www.grangeventoux.com\/?attachment_id=850#main\" class=\"wp-image-850\" srcset=\"https:\/\/www.grangeventoux.com\/wp-content\/uploads\/2019\/02\/IMG-20190206-WA0003-1024x690.jpg 1024w, https:\/\/www.grangeventoux.com\/wp-content\/uploads\/2019\/02\/IMG-20190206-WA0003-300x202.jpg 300w, https:\/\/www.grangeventoux.com\/wp-content\/uploads\/2019\/02\/IMG-20190206-WA0003-768x517.jpg 768w, https:\/\/www.grangeventoux.com\/wp-content\/uploads\/2019\/02\/IMG-20190206-WA0003-800x539.jpg 800w, https:\/\/www.grangeventoux.com\/wp-content\/uploads\/2019\/02\/IMG-20190206-WA0003-600x404.jpg 600w, https:\/\/www.grangeventoux.com\/wp-content\/uploads\/2019\/02\/IMG-20190206-WA0003.jpg 1302w\" sizes=\"auto, (max-width: 1024px) 100vw, 1024px\" \/><\/a><\/figure><\/li><li class=\"blocks-gallery-item\"><figure><a href=\"http:\/\/www.grangeventoux.com\/wp-content\/uploads\/2019\/02\/IMG-20190206-WA0002-1024x683.jpg\"><img loading=\"lazy\" decoding=\"async\" width=\"1024\" height=\"683\" src=\"http:\/\/www.grangeventoux.com\/wp-content\/uploads\/2019\/02\/IMG-20190206-WA0002-1024x683.jpg\" alt=\"\" data-id=\"851\" data-link=\"http:\/\/www.grangeventoux.com\/?attachment_id=851#main\" class=\"wp-image-851\" srcset=\"https:\/\/www.grangeventoux.com\/wp-content\/uploads\/2019\/02\/IMG-20190206-WA0002-1024x683.jpg 1024w, https:\/\/www.grangeventoux.com\/wp-content\/uploads\/2019\/02\/IMG-20190206-WA0002-300x200.jpg 300w, https:\/\/www.grangeventoux.com\/wp-content\/uploads\/2019\/02\/IMG-20190206-WA0002-768x512.jpg 768w, https:\/\/www.grangeventoux.com\/wp-content\/uploads\/2019\/02\/IMG-20190206-WA0002-800x533.jpg 800w, https:\/\/www.grangeventoux.com\/wp-content\/uploads\/2019\/02\/IMG-20190206-WA0002-600x400.jpg 600w, https:\/\/www.grangeventoux.com\/wp-content\/uploads\/2019\/02\/IMG-20190206-WA0002.jpg 1080w\" sizes=\"auto, (max-width: 1024px) 100vw, 1024px\" \/><\/a><\/figure><\/li><li class=\"blocks-gallery-item\"><figure><a href=\"http:\/\/www.grangeventoux.com\/wp-content\/uploads\/2019\/02\/IMG-20190206-WA0004-1024x683.jpg\"><img loading=\"lazy\" decoding=\"async\" width=\"1024\" height=\"683\" src=\"http:\/\/www.grangeventoux.com\/wp-content\/uploads\/2019\/02\/IMG-20190206-WA0004-1024x683.jpg\" alt=\"\" data-id=\"852\" data-link=\"http:\/\/www.grangeventoux.com\/?attachment_id=852#main\" class=\"wp-image-852\" srcset=\"https:\/\/www.grangeventoux.com\/wp-content\/uploads\/2019\/02\/IMG-20190206-WA0004-1024x683.jpg 1024w, https:\/\/www.grangeventoux.com\/wp-content\/uploads\/2019\/02\/IMG-20190206-WA0004-300x200.jpg 300w, https:\/\/www.grangeventoux.com\/wp-content\/uploads\/2019\/02\/IMG-20190206-WA0004-768x512.jpg 768w, https:\/\/www.grangeventoux.com\/wp-content\/uploads\/2019\/02\/IMG-20190206-WA0004-800x533.jpg 800w, https:\/\/www.grangeventoux.com\/wp-content\/uploads\/2019\/02\/IMG-20190206-WA0004-600x400.jpg 600w, https:\/\/www.grangeventoux.com\/wp-content\/uploads\/2019\/02\/IMG-20190206-WA0004.jpg 1080w\" sizes=\"auto, (max-width: 1024px) 100vw, 1024px\" \/><\/a><\/figure><\/li><\/ul>\n\n\n\n<p><font color=\"hex_#00ff00\"><font color=\"hex_#00ff00\"><font color=\"hex_#00ff00\"><br><\/font><\/font><\/font><\/p>\n","protected":false},"excerpt":{"rendered":"<p>Door de specifiekere ondergrond en gunstige klimaat worden in de Vaucluse heel wat kwaliteitsproducten geteeld. Dit gebeurt op een artisanale biologische manier. Lam uit Sault, kersen rond Bedoin, aardbeien van Carpentras, geconfijt fruit uit Apt en de bekende meloenen van Cavaillon.\u00a0Ieder seizoen biedt wat lekkers.\u00a0 Aan de voet van de Ventoux vind je de zwarte&hellip;<\/p>\n","protected":false},"author":1,"featured_media":0,"parent":69,"menu_order":3,"comment_status":"closed","ping_status":"closed","template":"","meta":{"footnotes":""},"class_list":["post-75","page","type-page","status-publish","hentry"],"yoast_head":"<!-- This site is optimized with the Yoast SEO plugin v24.9 - https:\/\/yoast.com\/wordpress\/plugins\/seo\/ -->\n<title>Proeven - bienvenue a Grange Ventoux<\/title>\n<meta name=\"robots\" content=\"index, follow, max-snippet:-1, max-image-preview:large, max-video-preview:-1\" \/>\n<link rel=\"canonical\" href=\"https:\/\/www.grangeventoux.com\/?page_id=75\" \/>\n<meta property=\"og:locale\" content=\"nl_BE\" \/>\n<meta property=\"og:type\" content=\"article\" \/>\n<meta property=\"og:title\" content=\"Proeven - bienvenue a Grange Ventoux\" \/>\n<meta property=\"og:description\" content=\"Door de specifiekere ondergrond en gunstige klimaat worden in de Vaucluse heel wat kwaliteitsproducten geteeld. Dit gebeurt op een artisanale biologische manier. Lam uit Sault, kersen rond Bedoin, aardbeien van Carpentras, geconfijt fruit uit Apt en de bekende meloenen van Cavaillon.\u00a0Ieder seizoen biedt wat lekkers.\u00a0 Aan de voet van de Ventoux vind je de zwarte&hellip;\" \/>\n<meta property=\"og:url\" content=\"https:\/\/www.grangeventoux.com\/?page_id=75\" \/>\n<meta property=\"og:site_name\" content=\"bienvenue a Grange Ventoux\" \/>\n<meta property=\"article:publisher\" content=\"https:\/\/www.facebook.com\/grangeventoux\/\" \/>\n<meta property=\"article:modified_time\" content=\"2019-02-06T18:22:41+00:00\" \/>\n<meta property=\"og:image\" content=\"http:\/\/www.grangeventoux.com\/wp-content\/uploads\/2019\/01\/20181025_151050-1024x576.jpg\" \/>\n<meta name=\"twitter:card\" content=\"summary_large_image\" \/>\n<meta name=\"twitter:label1\" content=\"Geschatte leestijd\" \/>\n\t<meta name=\"twitter:data1\" content=\"1 minuut\" \/>\n<script type=\"application\/ld+json\" class=\"yoast-schema-graph\">{\"@context\":\"https:\/\/schema.org\",\"@graph\":[{\"@type\":\"WebPage\",\"@id\":\"https:\/\/www.grangeventoux.com\/?page_id=75\",\"url\":\"https:\/\/www.grangeventoux.com\/?page_id=75\",\"name\":\"Proeven - bienvenue a Grange Ventoux\",\"isPartOf\":{\"@id\":\"https:\/\/www.grangeventoux.com\/#website\"},\"primaryImageOfPage\":{\"@id\":\"https:\/\/www.grangeventoux.com\/?page_id=75#primaryimage\"},\"image\":{\"@id\":\"https:\/\/www.grangeventoux.com\/?page_id=75#primaryimage\"},\"thumbnailUrl\":\"http:\/\/www.grangeventoux.com\/wp-content\/uploads\/2019\/01\/20181025_151050-1024x576.jpg\",\"datePublished\":\"2019-01-03T22:47:20+00:00\",\"dateModified\":\"2019-02-06T18:22:41+00:00\",\"breadcrumb\":{\"@id\":\"https:\/\/www.grangeventoux.com\/?page_id=75#breadcrumb\"},\"inLanguage\":\"nl-BE\",\"potentialAction\":[{\"@type\":\"ReadAction\",\"target\":[\"https:\/\/www.grangeventoux.com\/?page_id=75\"]}]},{\"@type\":\"ImageObject\",\"inLanguage\":\"nl-BE\",\"@id\":\"https:\/\/www.grangeventoux.com\/?page_id=75#primaryimage\",\"url\":\"https:\/\/www.grangeventoux.com\/wp-content\/uploads\/2019\/01\/20181025_151050.jpg\",\"contentUrl\":\"https:\/\/www.grangeventoux.com\/wp-content\/uploads\/2019\/01\/20181025_151050.jpg\",\"width\":4608,\"height\":2592},{\"@type\":\"BreadcrumbList\",\"@id\":\"https:\/\/www.grangeventoux.com\/?page_id=75#breadcrumb\",\"itemListElement\":[{\"@type\":\"ListItem\",\"position\":1,\"name\":\"Home\",\"item\":\"https:\/\/www.grangeventoux.com\/\"},{\"@type\":\"ListItem\",\"position\":2,\"name\":\"Dolce far niente\",\"item\":\"https:\/\/www.grangeventoux.com\/?page_id=69\"},{\"@type\":\"ListItem\",\"position\":3,\"name\":\"Proeven\"}]},{\"@type\":\"WebSite\",\"@id\":\"https:\/\/www.grangeventoux.com\/#website\",\"url\":\"https:\/\/www.grangeventoux.com\/\",\"name\":\"bienvenue a Grange Ventoux\",\"description\":\"un petit coin de paradis\",\"potentialAction\":[{\"@type\":\"SearchAction\",\"target\":{\"@type\":\"EntryPoint\",\"urlTemplate\":\"https:\/\/www.grangeventoux.com\/?s={search_term_string}\"},\"query-input\":{\"@type\":\"PropertyValueSpecification\",\"valueRequired\":true,\"valueName\":\"search_term_string\"}}],\"inLanguage\":\"nl-BE\"}]}<\/script>\n<!-- \/ Yoast SEO plugin. -->","yoast_head_json":{"title":"Proeven - bienvenue a Grange Ventoux","robots":{"index":"index","follow":"follow","max-snippet":"max-snippet:-1","max-image-preview":"max-image-preview:large","max-video-preview":"max-video-preview:-1"},"canonical":"https:\/\/www.grangeventoux.com\/?page_id=75","og_locale":"nl_BE","og_type":"article","og_title":"Proeven - bienvenue a Grange Ventoux","og_description":"Door de specifiekere ondergrond en gunstige klimaat worden in de Vaucluse heel wat kwaliteitsproducten geteeld. Dit gebeurt op een artisanale biologische manier. Lam uit Sault, kersen rond Bedoin, aardbeien van Carpentras, geconfijt fruit uit Apt en de bekende meloenen van Cavaillon.\u00a0Ieder seizoen biedt wat lekkers.\u00a0 Aan de voet van de Ventoux vind je de zwarte&hellip;","og_url":"https:\/\/www.grangeventoux.com\/?page_id=75","og_site_name":"bienvenue a Grange Ventoux","article_publisher":"https:\/\/www.facebook.com\/grangeventoux\/","article_modified_time":"2019-02-06T18:22:41+00:00","og_image":[{"url":"http:\/\/www.grangeventoux.com\/wp-content\/uploads\/2019\/01\/20181025_151050-1024x576.jpg","type":"","width":"","height":""}],"twitter_card":"summary_large_image","twitter_misc":{"Geschatte leestijd":"1 minuut"},"schema":{"@context":"https:\/\/schema.org","@graph":[{"@type":"WebPage","@id":"https:\/\/www.grangeventoux.com\/?page_id=75","url":"https:\/\/www.grangeventoux.com\/?page_id=75","name":"Proeven - bienvenue a Grange Ventoux","isPartOf":{"@id":"https:\/\/www.grangeventoux.com\/#website"},"primaryImageOfPage":{"@id":"https:\/\/www.grangeventoux.com\/?page_id=75#primaryimage"},"image":{"@id":"https:\/\/www.grangeventoux.com\/?page_id=75#primaryimage"},"thumbnailUrl":"http:\/\/www.grangeventoux.com\/wp-content\/uploads\/2019\/01\/20181025_151050-1024x576.jpg","datePublished":"2019-01-03T22:47:20+00:00","dateModified":"2019-02-06T18:22:41+00:00","breadcrumb":{"@id":"https:\/\/www.grangeventoux.com\/?page_id=75#breadcrumb"},"inLanguage":"nl-BE","potentialAction":[{"@type":"ReadAction","target":["https:\/\/www.grangeventoux.com\/?page_id=75"]}]},{"@type":"ImageObject","inLanguage":"nl-BE","@id":"https:\/\/www.grangeventoux.com\/?page_id=75#primaryimage","url":"https:\/\/www.grangeventoux.com\/wp-content\/uploads\/2019\/01\/20181025_151050.jpg","contentUrl":"https:\/\/www.grangeventoux.com\/wp-content\/uploads\/2019\/01\/20181025_151050.jpg","width":4608,"height":2592},{"@type":"BreadcrumbList","@id":"https:\/\/www.grangeventoux.com\/?page_id=75#breadcrumb","itemListElement":[{"@type":"ListItem","position":1,"name":"Home","item":"https:\/\/www.grangeventoux.com\/"},{"@type":"ListItem","position":2,"name":"Dolce far niente","item":"https:\/\/www.grangeventoux.com\/?page_id=69"},{"@type":"ListItem","position":3,"name":"Proeven"}]},{"@type":"WebSite","@id":"https:\/\/www.grangeventoux.com\/#website","url":"https:\/\/www.grangeventoux.com\/","name":"bienvenue a Grange Ventoux","description":"un petit coin de paradis","potentialAction":[{"@type":"SearchAction","target":{"@type":"EntryPoint","urlTemplate":"https:\/\/www.grangeventoux.com\/?s={search_term_string}"},"query-input":{"@type":"PropertyValueSpecification","valueRequired":true,"valueName":"search_term_string"}}],"inLanguage":"nl-BE"}]}},"jetpack_sharing_enabled":true,"_links":{"self":[{"href":"https:\/\/www.grangeventoux.com\/index.php?rest_route=\/wp\/v2\/pages\/75","targetHints":{"allow":["GET"]}}],"collection":[{"href":"https:\/\/www.grangeventoux.com\/index.php?rest_route=\/wp\/v2\/pages"}],"about":[{"href":"https:\/\/www.grangeventoux.com\/index.php?rest_route=\/wp\/v2\/types\/page"}],"author":[{"embeddable":true,"href":"https:\/\/www.grangeventoux.com\/index.php?rest_route=\/wp\/v2\/users\/1"}],"replies":[{"embeddable":true,"href":"https:\/\/www.grangeventoux.com\/index.php?rest_route=%2Fwp%2Fv2%2Fcomments&post=75"}],"version-history":[{"count":13,"href":"https:\/\/www.grangeventoux.com\/index.php?rest_route=\/wp\/v2\/pages\/75\/revisions"}],"predecessor-version":[{"id":854,"href":"https:\/\/www.grangeventoux.com\/index.php?rest_route=\/wp\/v2\/pages\/75\/revisions\/854"}],"up":[{"embeddable":true,"href":"https:\/\/www.grangeventoux.com\/index.php?rest_route=\/wp\/v2\/pages\/69"}],"wp:attachment":[{"href":"https:\/\/www.grangeventoux.com\/index.php?rest_route=%2Fwp%2Fv2%2Fmedia&parent=75"}],"curies":[{"name":"wp","href":"https:\/\/api.w.org\/{rel}","templated":true}]}}