{"id":900,"date":"2019-02-20T10:21:49","date_gmt":"2019-02-20T10:21:49","guid":{"rendered":"http:\/\/www.grangeventoux.com\/?page_id=900"},"modified":"2021-01-10T18:11:38","modified_gmt":"2021-01-10T17:11:38","slug":"900-2","status":"publish","type":"page","link":"https:\/\/www.grangeventoux.com\/?page_id=900&lang=fr","title":{"rendered":"Home"},"content":{"rendered":"\n<p><strong>Grange Ventoux Monieux<\/strong> est une <a href=\"http:\/\/www.grangeventoux.com\/wp-content\/uploads\/2019\/01\/DSC_1413-1.jpg\" target=\"_blank\" rel=\"noreferrer noopener\" aria-label=\" (opent in een nieuwe tab)\">grange restaur\u00e9e<\/a> de 1747 \u00e0 la p\u00e9riph\u00e9rie du joli village m\u00e9di\u00e9val <strong>Monieux<\/strong> . Au pied de cette maison romantique s\u2019\u00e9tend la <strong>rivi\u00e8re<\/strong> La Nesque. Celle-ci forme une gorge spectaculaire quelques kilom\u00e8tres plus loin; les &#8221; <strong>Gorges de la Nesque<\/strong> &#8220;. <\/p>\n\n\n\n<figure class=\"wp-block-gallery columns-2 is-cropped wp-block-gallery-1 is-layout-flex wp-block-gallery-is-layout-flex\"><ul class=\"blocks-gallery-grid\"><li class=\"blocks-gallery-item\"><figure><a href=\"http:\/\/www.grangeventoux.com\/wp-content\/uploads\/2020\/06\/grangeventoux.jpeg\"><img loading=\"lazy\" decoding=\"async\" width=\"1024\" height=\"647\" src=\"http:\/\/www.grangeventoux.com\/wp-content\/uploads\/2020\/06\/grangeventoux-1024x647.jpeg\" alt=\"\" data-id=\"2003\" data-full-url=\"http:\/\/www.grangeventoux.com\/wp-content\/uploads\/2020\/06\/grangeventoux.jpeg\" data-link=\"http:\/\/www.grangeventoux.com\/?attachment_id=2003#main\" class=\"wp-image-2003\" srcset=\"https:\/\/www.grangeventoux.com\/wp-content\/uploads\/2020\/06\/grangeventoux-1024x647.jpeg 1024w, https:\/\/www.grangeventoux.com\/wp-content\/uploads\/2020\/06\/grangeventoux-300x190.jpeg 300w, https:\/\/www.grangeventoux.com\/wp-content\/uploads\/2020\/06\/grangeventoux-768x486.jpeg 768w, https:\/\/www.grangeventoux.com\/wp-content\/uploads\/2020\/06\/grangeventoux-1536x971.jpeg 1536w, https:\/\/www.grangeventoux.com\/wp-content\/uploads\/2020\/06\/grangeventoux-2048x1295.jpeg 2048w, https:\/\/www.grangeventoux.com\/wp-content\/uploads\/2020\/06\/grangeventoux-800x506.jpeg 800w, https:\/\/www.grangeventoux.com\/wp-content\/uploads\/2020\/06\/grangeventoux-600x379.jpeg 600w\" sizes=\"auto, (max-width: 1024px) 100vw, 1024px\" \/><\/a><\/figure><\/li><li class=\"blocks-gallery-item\"><figure><a href=\"http:\/\/www.grangeventoux.com\/wp-content\/uploads\/2019\/05\/IMG-20190502-WA0010-1.jpg\"><img loading=\"lazy\" decoding=\"async\" width=\"1024\" height=\"608\" src=\"http:\/\/www.grangeventoux.com\/wp-content\/uploads\/2019\/05\/IMG-20190502-WA0010-1-1024x608.jpg\" alt=\"\" data-id=\"1733\" data-full-url=\"http:\/\/www.grangeventoux.com\/wp-content\/uploads\/2019\/05\/IMG-20190502-WA0010-1.jpg\" data-link=\"http:\/\/www.grangeventoux.com\/?attachment_id=1733#main\" class=\"wp-image-1733\" srcset=\"https:\/\/www.grangeventoux.com\/wp-content\/uploads\/2019\/05\/IMG-20190502-WA0010-1-1024x608.jpg 1024w, https:\/\/www.grangeventoux.com\/wp-content\/uploads\/2019\/05\/IMG-20190502-WA0010-1-300x178.jpg 300w, https:\/\/www.grangeventoux.com\/wp-content\/uploads\/2019\/05\/IMG-20190502-WA0010-1-768x456.jpg 768w, https:\/\/www.grangeventoux.com\/wp-content\/uploads\/2019\/05\/IMG-20190502-WA0010-1-800x475.jpg 800w, https:\/\/www.grangeventoux.com\/wp-content\/uploads\/2019\/05\/IMG-20190502-WA0010-1-600x356.jpg 600w, https:\/\/www.grangeventoux.com\/wp-content\/uploads\/2019\/05\/IMG-20190502-WA0010-1.jpg 1600w\" sizes=\"auto, (max-width: 1024px) 100vw, 1024px\" \/><\/a><\/figure><\/li><\/ul><\/figure>\n\n\n\n<figure class=\"wp-block-gallery columns-3 is-cropped wp-block-gallery-2 is-layout-flex wp-block-gallery-is-layout-flex\"><ul class=\"blocks-gallery-grid\"><li class=\"blocks-gallery-item\"><figure><a href=\"http:\/\/www.grangeventoux.com\/wp-content\/uploads\/2019\/02\/20180909_213207.jpg\"><img loading=\"lazy\" decoding=\"async\" width=\"1024\" height=\"441\" src=\"http:\/\/www.grangeventoux.com\/wp-content\/uploads\/2019\/02\/20180909_213207-1024x441.jpg\" alt=\"\" data-id=\"904\" data-full-url=\"http:\/\/www.grangeventoux.com\/wp-content\/uploads\/2019\/02\/20180909_213207.jpg\" data-link=\"http:\/\/www.grangeventoux.com\/?attachment_id=904#main\" class=\"wp-image-904\" srcset=\"https:\/\/www.grangeventoux.com\/wp-content\/uploads\/2019\/02\/20180909_213207-1024x441.jpg 1024w, https:\/\/www.grangeventoux.com\/wp-content\/uploads\/2019\/02\/20180909_213207-300x129.jpg 300w, https:\/\/www.grangeventoux.com\/wp-content\/uploads\/2019\/02\/20180909_213207-768x331.jpg 768w, https:\/\/www.grangeventoux.com\/wp-content\/uploads\/2019\/02\/20180909_213207-800x345.jpg 800w, https:\/\/www.grangeventoux.com\/wp-content\/uploads\/2019\/02\/20180909_213207-600x258.jpg 600w\" sizes=\"auto, (max-width: 1024px) 100vw, 1024px\" \/><\/a><\/figure><\/li><li class=\"blocks-gallery-item\"><figure><a href=\"http:\/\/www.grangeventoux.com\/wp-content\/uploads\/2020\/06\/grange.jpeg\"><img loading=\"lazy\" decoding=\"async\" width=\"1024\" height=\"780\" src=\"http:\/\/www.grangeventoux.com\/wp-content\/uploads\/2020\/06\/grange-1024x780.jpeg\" alt=\"\" data-id=\"2004\" data-full-url=\"http:\/\/www.grangeventoux.com\/wp-content\/uploads\/2020\/06\/grange.jpeg\" data-link=\"http:\/\/www.grangeventoux.com\/?attachment_id=2004#main\" class=\"wp-image-2004\" srcset=\"https:\/\/www.grangeventoux.com\/wp-content\/uploads\/2020\/06\/grange-1024x780.jpeg 1024w, https:\/\/www.grangeventoux.com\/wp-content\/uploads\/2020\/06\/grange-300x228.jpeg 300w, https:\/\/www.grangeventoux.com\/wp-content\/uploads\/2020\/06\/grange-768x585.jpeg 768w, https:\/\/www.grangeventoux.com\/wp-content\/uploads\/2020\/06\/grange-1536x1170.jpeg 1536w, https:\/\/www.grangeventoux.com\/wp-content\/uploads\/2020\/06\/grange-800x609.jpeg 800w, https:\/\/www.grangeventoux.com\/wp-content\/uploads\/2020\/06\/grange-600x457.jpeg 600w, https:\/\/www.grangeventoux.com\/wp-content\/uploads\/2020\/06\/grange.jpeg 1870w\" sizes=\"auto, (max-width: 1024px) 100vw, 1024px\" \/><\/a><\/figure><\/li><li class=\"blocks-gallery-item\"><figure><a href=\"http:\/\/www.grangeventoux.com\/wp-content\/uploads\/2019\/02\/20180916_101404.jpg\"><img loading=\"lazy\" decoding=\"async\" width=\"4288\" height=\"2848\" src=\"https:\/\/www.grangeventoux.com\/wp-content\/uploads\/2021\/01\/DSC1153-2.jpeg\" alt=\"\" data-id=\"2298\" data-full-url=\"http:\/\/www.grangeventoux.com\/wp-content\/uploads\/2019\/02\/20180916_101404.jpg\" data-link=\"https:\/\/www.grangeventoux.com\/?attachment_id=2298#main\" class=\"wp-image-2298\"\/><\/a><\/figure><\/li><\/ul><\/figure>\n\n\n\n<p>La maison dispose de <strong>deux grandes terrasses<\/strong>. Une terrasse touche a un <strong>petit jardin rocaille<\/strong>, l\u2019autre \u00e0 un prairie . Elles vous offrent surtout une <strong>vue magnifique<\/strong>!. C&#8217;est bien de prendre son petit d\u00e9jeuner au soleil du matin parmis les <strong>fleurs<\/strong>, les herbes et le parfum du <strong>champ de lavande<\/strong> \u00e0 c\u00f4t\u00e9 de la maison. Le soir vous allumez le <strong>BBQ<\/strong> et vous utilisez les <strong>herbes fra\u00eeches<\/strong> de notre jardin. <\/p>\n\n\n\n<figure class=\"wp-block-image\"><img decoding=\"async\" src=\"http:\/\/www.grangeventoux.com\/wp-content\/uploads\/2020\/05\/DSC2349-1024x680.jpeg\" alt=\"Deze afbeelding heeft een leeg alt-attribuut; de bestandsnaam is DSC2349-1024x680.jpeg\"\/><\/figure>\n\n\n\n<p>Avez-vous envie d\u2019<strong>aller \u00e0 pied ou de partir en VTT<\/strong>? Vous pouvez vous mettre en marche \u201clitt\u00e9ralement\u201d depuis la terrasse en suivant le GR9 ou par le sentier de v\u00e9lo de montagne n * 4. La maison dispose d\u2019 un <strong>garage ferm\u00e9<\/strong> et d\u2019un <strong>atelier de v\u00e9lo<\/strong> \u00e9quip\u00e9. Les routes d\u2019approches pour <strong>grimper le Mont Ventoux <\/strong>, ou la descente des <strong>Gorges de la Nesque<\/strong> commencent \u00e0 la porte. <\/p>\n\n\n\n<figure class=\"wp-block-image\"><a href=\"http:\/\/www.grangeventoux.com\/wp-content\/uploads\/2019\/02\/DSC_1400.jpg\" target=\"_blank\" rel=\"noreferrer noopener\"><img loading=\"lazy\" decoding=\"async\" width=\"1024\" height=\"680\" src=\"http:\/\/www.grangeventoux.com\/wp-content\/uploads\/2019\/02\/DSC_1400-1024x680.jpg\" alt=\"\" class=\"wp-image-933\" srcset=\"https:\/\/www.grangeventoux.com\/wp-content\/uploads\/2019\/02\/DSC_1400-1024x680.jpg 1024w, https:\/\/www.grangeventoux.com\/wp-content\/uploads\/2019\/02\/DSC_1400-300x199.jpg 300w, https:\/\/www.grangeventoux.com\/wp-content\/uploads\/2019\/02\/DSC_1400-768x510.jpg 768w, https:\/\/www.grangeventoux.com\/wp-content\/uploads\/2019\/02\/DSC_1400-800x531.jpg 800w, https:\/\/www.grangeventoux.com\/wp-content\/uploads\/2019\/02\/DSC_1400-600x399.jpg 600w\" sizes=\"auto, (max-width: 1024px) 100vw, 1024px\" \/><\/a><\/figure>\n\n\n\n<p>Les <strong>grimpeurs<\/strong> peuvent utiliser cette maison comme &#8220;camp de base&#8221;. Le <strong>massif d\u2019escalade<\/strong> des Gorges de la Nesque, Saint L\u00e9ger de Ventoux, Venasque, Buis-les-Baronnies, Buoux et les Dentelles de Montmirail sont facilement accessibles.<\/p>\n\n\n\n<p>Adresse Grange Ventoux:<br><strong>Route de Methamis<br>Quartier Moulin de la Fontain 1<br>84390 Monieux<\/strong><\/p>\n\n\n\n<iframe loading=\"lazy\" src=\"https:\/\/www.google.com\/maps\/embed?pb=!1m14!1m12!1m3!1d1168.2047415846355!2d5.361653999999998!3d44.06746100000001!2m3!1f0!2f0!3f0!3m2!1i1024!2i768!4f13.1!5e1!3m2!1snl!2sbe!4v1548844757269\" width=\"600\" height=\"450\" frameborder=\"0\" style=\"border:0\" allowfullscreen=\"\"><\/iframe>\n","protected":false},"excerpt":{"rendered":"<p>Grange Ventoux Monieux est une grange restaur\u00e9e de 1747 \u00e0 la p\u00e9riph\u00e9rie du joli village m\u00e9di\u00e9val Monieux . Au pied de cette maison romantique s\u2019\u00e9tend la rivi\u00e8re La Nesque. Celle-ci forme une gorge spectaculaire quelques kilom\u00e8tres plus loin; les &#8221; Gorges de la Nesque &#8220;. La maison dispose de deux grandes terrasses. Une terrasse touche&hellip;<\/p>\n","protected":false},"author":1,"featured_media":0,"parent":0,"menu_order":2,"comment_status":"closed","ping_status":"closed","template":"","meta":{"footnotes":""},"class_list":["post-900","page","type-page","status-publish","hentry"],"yoast_head":"<!-- This site is optimized with the Yoast SEO plugin v24.9 - https:\/\/yoast.com\/wordpress\/plugins\/seo\/ -->\n<title>Home - bienvenue a Grange Ventoux<\/title>\n<meta name=\"description\" content=\"Grange, Ventoux, verhuur, Vaucluse, fietsvakantie, wandelvakantie, vakantie, Grange Ventoux, vakantiewoning\" \/>\n<meta name=\"robots\" content=\"index, follow, max-snippet:-1, max-image-preview:large, max-video-preview:-1\" \/>\n<link rel=\"canonical\" href=\"https:\/\/www.grangeventoux.com\/?page_id=900&lang=fr\" \/>\n<meta property=\"og:locale\" content=\"nl_BE\" \/>\n<meta property=\"og:type\" content=\"article\" \/>\n<meta property=\"og:title\" content=\"Home - bienvenue a Grange Ventoux\" \/>\n<meta property=\"og:description\" content=\"Grange, Ventoux, verhuur, Vaucluse, fietsvakantie, wandelvakantie, vakantie, Grange Ventoux, vakantiewoning\" \/>\n<meta property=\"og:url\" content=\"https:\/\/www.grangeventoux.com\/?page_id=900&amp;lang=fr\" \/>\n<meta property=\"og:site_name\" content=\"bienvenue a Grange Ventoux\" \/>\n<meta property=\"article:publisher\" content=\"https:\/\/www.facebook.com\/grangeventoux\/\" \/>\n<meta property=\"article:modified_time\" content=\"2021-01-10T17:11:38+00:00\" \/>\n<meta property=\"og:image\" content=\"http:\/\/www.grangeventoux.com\/wp-content\/uploads\/2020\/06\/grangeventoux-1024x647.jpeg\" \/>\n<meta name=\"twitter:card\" content=\"summary_large_image\" \/>\n<meta name=\"twitter:label1\" content=\"Geschatte leestijd\" \/>\n\t<meta name=\"twitter:data1\" content=\"1 minuut\" \/>\n<script type=\"application\/ld+json\" class=\"yoast-schema-graph\">{\"@context\":\"https:\/\/schema.org\",\"@graph\":[{\"@type\":\"WebPage\",\"@id\":\"https:\/\/www.grangeventoux.com\/?page_id=900&lang=fr\",\"url\":\"https:\/\/www.grangeventoux.com\/?page_id=900&lang=fr\",\"name\":\"Home - bienvenue a Grange Ventoux\",\"isPartOf\":{\"@id\":\"https:\/\/www.grangeventoux.com\/#website\"},\"primaryImageOfPage\":{\"@id\":\"https:\/\/www.grangeventoux.com\/?page_id=900&lang=fr#primaryimage\"},\"image\":{\"@id\":\"https:\/\/www.grangeventoux.com\/?page_id=900&lang=fr#primaryimage\"},\"thumbnailUrl\":\"http:\/\/www.grangeventoux.com\/wp-content\/uploads\/2020\/06\/grangeventoux-1024x647.jpeg\",\"datePublished\":\"2019-02-20T10:21:49+00:00\",\"dateModified\":\"2021-01-10T17:11:38+00:00\",\"description\":\"Grange, Ventoux, verhuur, Vaucluse, fietsvakantie, wandelvakantie, vakantie, Grange Ventoux, vakantiewoning\",\"breadcrumb\":{\"@id\":\"https:\/\/www.grangeventoux.com\/?page_id=900&lang=fr#breadcrumb\"},\"inLanguage\":\"nl-BE\",\"potentialAction\":[{\"@type\":\"ReadAction\",\"target\":[\"https:\/\/www.grangeventoux.com\/?page_id=900&lang=fr\"]}]},{\"@type\":\"ImageObject\",\"inLanguage\":\"nl-BE\",\"@id\":\"https:\/\/www.grangeventoux.com\/?page_id=900&lang=fr#primaryimage\",\"url\":\"https:\/\/www.grangeventoux.com\/wp-content\/uploads\/2020\/06\/grangeventoux.jpeg\",\"contentUrl\":\"https:\/\/www.grangeventoux.com\/wp-content\/uploads\/2020\/06\/grangeventoux.jpeg\",\"width\":2107,\"height\":1332},{\"@type\":\"BreadcrumbList\",\"@id\":\"https:\/\/www.grangeventoux.com\/?page_id=900&lang=fr#breadcrumb\",\"itemListElement\":[{\"@type\":\"ListItem\",\"position\":1,\"name\":\"Home\",\"item\":\"https:\/\/www.grangeventoux.com\/\"},{\"@type\":\"ListItem\",\"position\":2,\"name\":\"Home\"}]},{\"@type\":\"WebSite\",\"@id\":\"https:\/\/www.grangeventoux.com\/#website\",\"url\":\"https:\/\/www.grangeventoux.com\/\",\"name\":\"bienvenue a Grange Ventoux\",\"description\":\"un petit coin de paradis\",\"potentialAction\":[{\"@type\":\"SearchAction\",\"target\":{\"@type\":\"EntryPoint\",\"urlTemplate\":\"https:\/\/www.grangeventoux.com\/?s={search_term_string}\"},\"query-input\":{\"@type\":\"PropertyValueSpecification\",\"valueRequired\":true,\"valueName\":\"search_term_string\"}}],\"inLanguage\":\"nl-BE\"}]}<\/script>\n<!-- \/ Yoast SEO plugin. -->","yoast_head_json":{"title":"Home - bienvenue a Grange Ventoux","description":"Grange, Ventoux, verhuur, Vaucluse, fietsvakantie, wandelvakantie, vakantie, Grange Ventoux, vakantiewoning","robots":{"index":"index","follow":"follow","max-snippet":"max-snippet:-1","max-image-preview":"max-image-preview:large","max-video-preview":"max-video-preview:-1"},"canonical":"https:\/\/www.grangeventoux.com\/?page_id=900&lang=fr","og_locale":"nl_BE","og_type":"article","og_title":"Home - bienvenue a Grange Ventoux","og_description":"Grange, Ventoux, verhuur, Vaucluse, fietsvakantie, wandelvakantie, vakantie, Grange Ventoux, vakantiewoning","og_url":"https:\/\/www.grangeventoux.com\/?page_id=900&lang=fr","og_site_name":"bienvenue a Grange Ventoux","article_publisher":"https:\/\/www.facebook.com\/grangeventoux\/","article_modified_time":"2021-01-10T17:11:38+00:00","og_image":[{"url":"http:\/\/www.grangeventoux.com\/wp-content\/uploads\/2020\/06\/grangeventoux-1024x647.jpeg","type":"","width":"","height":""}],"twitter_card":"summary_large_image","twitter_misc":{"Geschatte leestijd":"1 minuut"},"schema":{"@context":"https:\/\/schema.org","@graph":[{"@type":"WebPage","@id":"https:\/\/www.grangeventoux.com\/?page_id=900&lang=fr","url":"https:\/\/www.grangeventoux.com\/?page_id=900&lang=fr","name":"Home - bienvenue a Grange Ventoux","isPartOf":{"@id":"https:\/\/www.grangeventoux.com\/#website"},"primaryImageOfPage":{"@id":"https:\/\/www.grangeventoux.com\/?page_id=900&lang=fr#primaryimage"},"image":{"@id":"https:\/\/www.grangeventoux.com\/?page_id=900&lang=fr#primaryimage"},"thumbnailUrl":"http:\/\/www.grangeventoux.com\/wp-content\/uploads\/2020\/06\/grangeventoux-1024x647.jpeg","datePublished":"2019-02-20T10:21:49+00:00","dateModified":"2021-01-10T17:11:38+00:00","description":"Grange, Ventoux, verhuur, Vaucluse, fietsvakantie, wandelvakantie, vakantie, Grange Ventoux, vakantiewoning","breadcrumb":{"@id":"https:\/\/www.grangeventoux.com\/?page_id=900&lang=fr#breadcrumb"},"inLanguage":"nl-BE","potentialAction":[{"@type":"ReadAction","target":["https:\/\/www.grangeventoux.com\/?page_id=900&lang=fr"]}]},{"@type":"ImageObject","inLanguage":"nl-BE","@id":"https:\/\/www.grangeventoux.com\/?page_id=900&lang=fr#primaryimage","url":"https:\/\/www.grangeventoux.com\/wp-content\/uploads\/2020\/06\/grangeventoux.jpeg","contentUrl":"https:\/\/www.grangeventoux.com\/wp-content\/uploads\/2020\/06\/grangeventoux.jpeg","width":2107,"height":1332},{"@type":"BreadcrumbList","@id":"https:\/\/www.grangeventoux.com\/?page_id=900&lang=fr#breadcrumb","itemListElement":[{"@type":"ListItem","position":1,"name":"Home","item":"https:\/\/www.grangeventoux.com\/"},{"@type":"ListItem","position":2,"name":"Home"}]},{"@type":"WebSite","@id":"https:\/\/www.grangeventoux.com\/#website","url":"https:\/\/www.grangeventoux.com\/","name":"bienvenue a Grange Ventoux","description":"un petit coin de paradis","potentialAction":[{"@type":"SearchAction","target":{"@type":"EntryPoint","urlTemplate":"https:\/\/www.grangeventoux.com\/?s={search_term_string}"},"query-input":{"@type":"PropertyValueSpecification","valueRequired":true,"valueName":"search_term_string"}}],"inLanguage":"nl-BE"}]}},"jetpack_sharing_enabled":true,"_links":{"self":[{"href":"https:\/\/www.grangeventoux.com\/index.php?rest_route=\/wp\/v2\/pages\/900","targetHints":{"allow":["GET"]}}],"collection":[{"href":"https:\/\/www.grangeventoux.com\/index.php?rest_route=\/wp\/v2\/pages"}],"about":[{"href":"https:\/\/www.grangeventoux.com\/index.php?rest_route=\/wp\/v2\/types\/page"}],"author":[{"embeddable":true,"href":"https:\/\/www.grangeventoux.com\/index.php?rest_route=\/wp\/v2\/users\/1"}],"replies":[{"embeddable":true,"href":"https:\/\/www.grangeventoux.com\/index.php?rest_route=%2Fwp%2Fv2%2Fcomments&post=900"}],"version-history":[{"count":8,"href":"https:\/\/www.grangeventoux.com\/index.php?rest_route=\/wp\/v2\/pages\/900\/revisions"}],"predecessor-version":[{"id":2299,"href":"https:\/\/www.grangeventoux.com\/index.php?rest_route=\/wp\/v2\/pages\/900\/revisions\/2299"}],"wp:attachment":[{"href":"https:\/\/www.grangeventoux.com\/index.php?rest_route=%2Fwp%2Fv2%2Fmedia&parent=900"}],"curies":[{"name":"wp","href":"https:\/\/api.w.org\/{rel}","templated":true}]}}