{"id":924,"date":"2019-02-20T10:53:43","date_gmt":"2019-02-20T10:53:43","guid":{"rendered":"http:\/\/www.grangeventoux.com\/?page_id=924"},"modified":"2021-01-10T18:23:18","modified_gmt":"2021-01-10T17:23:18","slug":"jardin-terasse","status":"publish","type":"page","link":"https:\/\/www.grangeventoux.com\/?page_id=924&lang=fr","title":{"rendered":"Jardin &#038; Terasse"},"content":{"rendered":"\n<figure class=\"wp-block-gallery columns-3 is-cropped wp-block-gallery-1 is-layout-flex wp-block-gallery-is-layout-flex\"><ul class=\"blocks-gallery-grid\"><li class=\"blocks-gallery-item\"><figure><img loading=\"lazy\" decoding=\"async\" width=\"1024\" height=\"680\" src=\"http:\/\/www.grangeventoux.com\/wp-content\/uploads\/2019\/02\/DSC_0034-1024x680-1024x680.jpg\" alt=\"\" data-id=\"1113\" data-link=\"http:\/\/www.grangeventoux.com\/?attachment_id=1113#main\" class=\"wp-image-1113\" srcset=\"https:\/\/www.grangeventoux.com\/wp-content\/uploads\/2019\/02\/DSC_0034-1024x680.jpg 1024w, https:\/\/www.grangeventoux.com\/wp-content\/uploads\/2019\/02\/DSC_0034-1024x680-300x199.jpg 300w, https:\/\/www.grangeventoux.com\/wp-content\/uploads\/2019\/02\/DSC_0034-1024x680-768x510.jpg 768w, https:\/\/www.grangeventoux.com\/wp-content\/uploads\/2019\/02\/DSC_0034-1024x680-800x531.jpg 800w, https:\/\/www.grangeventoux.com\/wp-content\/uploads\/2019\/02\/DSC_0034-1024x680-600x398.jpg 600w\" sizes=\"auto, (max-width: 1024px) 100vw, 1024px\" \/><\/figure><\/li><li class=\"blocks-gallery-item\"><figure><img loading=\"lazy\" decoding=\"async\" width=\"1024\" height=\"680\" src=\"http:\/\/www.grangeventoux.com\/wp-content\/uploads\/2019\/02\/DSC_0456-1024x680-1024x680.jpg\" alt=\"\" data-id=\"1115\" data-link=\"http:\/\/www.grangeventoux.com\/?attachment_id=1115#main\" class=\"wp-image-1115\" srcset=\"https:\/\/www.grangeventoux.com\/wp-content\/uploads\/2019\/02\/DSC_0456-1024x680.jpg 1024w, https:\/\/www.grangeventoux.com\/wp-content\/uploads\/2019\/02\/DSC_0456-1024x680-300x199.jpg 300w, https:\/\/www.grangeventoux.com\/wp-content\/uploads\/2019\/02\/DSC_0456-1024x680-768x510.jpg 768w, https:\/\/www.grangeventoux.com\/wp-content\/uploads\/2019\/02\/DSC_0456-1024x680-800x531.jpg 800w, https:\/\/www.grangeventoux.com\/wp-content\/uploads\/2019\/02\/DSC_0456-1024x680-600x398.jpg 600w\" sizes=\"auto, (max-width: 1024px) 100vw, 1024px\" \/><\/figure><\/li><li class=\"blocks-gallery-item\"><figure><img loading=\"lazy\" decoding=\"async\" width=\"1024\" height=\"768\" src=\"https:\/\/www.grangeventoux.com\/wp-content\/uploads\/2021\/01\/tuin-2-1024x768.jpeg\" alt=\"\" data-id=\"2306\" data-full-url=\"https:\/\/www.grangeventoux.com\/wp-content\/uploads\/2021\/01\/tuin-2.jpeg\" data-link=\"https:\/\/www.grangeventoux.com\/?attachment_id=2306#main\" class=\"wp-image-2306\" srcset=\"https:\/\/www.grangeventoux.com\/wp-content\/uploads\/2021\/01\/tuin-2-1024x768.jpeg 1024w, https:\/\/www.grangeventoux.com\/wp-content\/uploads\/2021\/01\/tuin-2-300x225.jpeg 300w, https:\/\/www.grangeventoux.com\/wp-content\/uploads\/2021\/01\/tuin-2-768x576.jpeg 768w, https:\/\/www.grangeventoux.com\/wp-content\/uploads\/2021\/01\/tuin-2-1536x1152.jpeg 1536w, https:\/\/www.grangeventoux.com\/wp-content\/uploads\/2021\/01\/tuin-2-800x600.jpeg 800w, https:\/\/www.grangeventoux.com\/wp-content\/uploads\/2021\/01\/tuin-2-600x450.jpeg 600w, https:\/\/www.grangeventoux.com\/wp-content\/uploads\/2021\/01\/tuin-2.jpeg 1919w\" sizes=\"auto, (max-width: 1024px) 100vw, 1024px\" \/><\/figure><\/li><li class=\"blocks-gallery-item\"><figure><img loading=\"lazy\" decoding=\"async\" width=\"1024\" height=\"680\" src=\"http:\/\/www.grangeventoux.com\/wp-content\/uploads\/2019\/02\/DSC_0864-1024x680-1024x680.jpg\" alt=\"\" data-id=\"1116\" data-link=\"http:\/\/www.grangeventoux.com\/?attachment_id=1116#main\" class=\"wp-image-1116\" srcset=\"https:\/\/www.grangeventoux.com\/wp-content\/uploads\/2019\/02\/DSC_0864-1024x680.jpg 1024w, https:\/\/www.grangeventoux.com\/wp-content\/uploads\/2019\/02\/DSC_0864-1024x680-300x199.jpg 300w, https:\/\/www.grangeventoux.com\/wp-content\/uploads\/2019\/02\/DSC_0864-1024x680-768x510.jpg 768w, https:\/\/www.grangeventoux.com\/wp-content\/uploads\/2019\/02\/DSC_0864-1024x680-800x531.jpg 800w, https:\/\/www.grangeventoux.com\/wp-content\/uploads\/2019\/02\/DSC_0864-1024x680-600x398.jpg 600w\" sizes=\"auto, (max-width: 1024px) 100vw, 1024px\" \/><\/figure><\/li><\/ul><\/figure>\n\n\n\n<p>Sur la terrasse, derri\u00e8re la cuisine, vous avez un BBQ int\u00e9gr\u00e9 en pierre. Il y a une grande table \u00e0 8 personnes. Un mur vous donne une protection pendant le mistral. Comme cela vous pouvez manger dehors \u00e0 chaque saison parmis les herbes, les fleurs de saison et les odeurs typiques de cette r\u00e9gion.<\/p>\n\n\n\n<figure class=\"wp-block-gallery columns-2 is-cropped wp-block-gallery-2 is-layout-flex wp-block-gallery-is-layout-flex\"><ul class=\"blocks-gallery-grid\"><li class=\"blocks-gallery-item\"><figure><img loading=\"lazy\" decoding=\"async\" width=\"1024\" height=\"680\" src=\"http:\/\/www.grangeventoux.com\/wp-content\/uploads\/2019\/02\/DSC_0378-1024x680.jpg\" alt=\"\" data-id=\"926\" data-link=\"http:\/\/www.grangeventoux.com\/?attachment_id=926#main\" class=\"wp-image-926\" srcset=\"https:\/\/www.grangeventoux.com\/wp-content\/uploads\/2019\/02\/DSC_0378-1024x680.jpg 1024w, https:\/\/www.grangeventoux.com\/wp-content\/uploads\/2019\/02\/DSC_0378-300x199.jpg 300w, https:\/\/www.grangeventoux.com\/wp-content\/uploads\/2019\/02\/DSC_0378-768x510.jpg 768w, https:\/\/www.grangeventoux.com\/wp-content\/uploads\/2019\/02\/DSC_0378-800x531.jpg 800w, https:\/\/www.grangeventoux.com\/wp-content\/uploads\/2019\/02\/DSC_0378-600x399.jpg 600w\" sizes=\"auto, (max-width: 1024px) 100vw, 1024px\" \/><\/figure><\/li><li class=\"blocks-gallery-item\"><figure><img loading=\"lazy\" decoding=\"async\" width=\"1024\" height=\"680\" src=\"http:\/\/www.grangeventoux.com\/wp-content\/uploads\/2019\/02\/DSC_0916-1024x680.jpg\" alt=\"\" data-id=\"925\" data-link=\"http:\/\/www.grangeventoux.com\/?attachment_id=925#main\" class=\"wp-image-925\" srcset=\"https:\/\/www.grangeventoux.com\/wp-content\/uploads\/2019\/02\/DSC_0916-1024x680.jpg 1024w, https:\/\/www.grangeventoux.com\/wp-content\/uploads\/2019\/02\/DSC_0916-300x199.jpg 300w, https:\/\/www.grangeventoux.com\/wp-content\/uploads\/2019\/02\/DSC_0916-768x510.jpg 768w, https:\/\/www.grangeventoux.com\/wp-content\/uploads\/2019\/02\/DSC_0916-800x531.jpg 800w, https:\/\/www.grangeventoux.com\/wp-content\/uploads\/2019\/02\/DSC_0916-600x399.jpg 600w\" sizes=\"auto, (max-width: 1024px) 100vw, 1024px\" \/><\/figure><\/li><\/ul><\/figure>\n\n\n\n<p>Vous profitez d\u2019une belle vue sur la Chapelle Saint Roch et sur un champ de lavande qui colore pourpre en \u00e9t\u00e9. Si vous aimeriez du yoga, n\u2019h\u00e9sitez pas de rouler votre tapis d\u00e8s que le soleil se l\u00e8ve ou encore apr\u00e8s le coucher du soleil. <\/p>\n\n\n\n<figure class=\"wp-block-image\"><img loading=\"lazy\" decoding=\"async\" width=\"1024\" height=\"680\" src=\"http:\/\/www.grangeventoux.com\/wp-content\/uploads\/2019\/02\/DSC_1198-1024x680.jpg\" alt=\"\" class=\"wp-image-929\" srcset=\"https:\/\/www.grangeventoux.com\/wp-content\/uploads\/2019\/02\/DSC_1198-1024x680.jpg 1024w, https:\/\/www.grangeventoux.com\/wp-content\/uploads\/2019\/02\/DSC_1198-300x199.jpg 300w, https:\/\/www.grangeventoux.com\/wp-content\/uploads\/2019\/02\/DSC_1198-768x510.jpg 768w, https:\/\/www.grangeventoux.com\/wp-content\/uploads\/2019\/02\/DSC_1198-800x531.jpg 800w, https:\/\/www.grangeventoux.com\/wp-content\/uploads\/2019\/02\/DSC_1198-600x399.jpg 600w\" sizes=\"auto, (max-width: 1024px) 100vw, 1024px\" \/><\/figure>\n\n\n\n<p>Au cours de la p\u00e9riode estivale, nous pr\u00e9f\u00e9rons nous asseoir sur la terrasse devant la grange. Celle-ci vous offre plus d\u2019 ombre et en extra une belle vue sur l&#8217;ancienne tour de guet m\u00e9di\u00e9vale de Monieux. <\/p>\n\n\n\n<figure class=\"wp-block-gallery columns-2 is-cropped wp-block-gallery-3 is-layout-flex wp-block-gallery-is-layout-flex\"><ul class=\"blocks-gallery-grid\"><li class=\"blocks-gallery-item\"><figure><img loading=\"lazy\" decoding=\"async\" width=\"1024\" height=\"680\" src=\"http:\/\/www.grangeventoux.com\/wp-content\/uploads\/2019\/05\/pub-whire-pool-1-1024x680.jpg\" alt=\"\" data-id=\"1728\" data-link=\"http:\/\/www.grangeventoux.com\/?attachment_id=1728#main\" class=\"wp-image-1728\" srcset=\"https:\/\/www.grangeventoux.com\/wp-content\/uploads\/2019\/05\/pub-whire-pool-1-1024x680.jpg 1024w, https:\/\/www.grangeventoux.com\/wp-content\/uploads\/2019\/05\/pub-whire-pool-1-300x199.jpg 300w, https:\/\/www.grangeventoux.com\/wp-content\/uploads\/2019\/05\/pub-whire-pool-1-768x510.jpg 768w, https:\/\/www.grangeventoux.com\/wp-content\/uploads\/2019\/05\/pub-whire-pool-1-800x531.jpg 800w, https:\/\/www.grangeventoux.com\/wp-content\/uploads\/2019\/05\/pub-whire-pool-1-600x399.jpg 600w\" sizes=\"auto, (max-width: 1024px) 100vw, 1024px\" \/><\/figure><\/li><li class=\"blocks-gallery-item\"><figure><img loading=\"lazy\" decoding=\"async\" width=\"1024\" height=\"680\" src=\"http:\/\/www.grangeventoux.com\/wp-content\/uploads\/2019\/05\/pub-wihe-pool-1-1024x680.jpg\" alt=\"\" data-id=\"1729\" data-link=\"http:\/\/www.grangeventoux.com\/?attachment_id=1729#main\" class=\"wp-image-1729\" srcset=\"https:\/\/www.grangeventoux.com\/wp-content\/uploads\/2019\/05\/pub-wihe-pool-1-1024x680.jpg 1024w, https:\/\/www.grangeventoux.com\/wp-content\/uploads\/2019\/05\/pub-wihe-pool-1-300x199.jpg 300w, https:\/\/www.grangeventoux.com\/wp-content\/uploads\/2019\/05\/pub-wihe-pool-1-768x510.jpg 768w, https:\/\/www.grangeventoux.com\/wp-content\/uploads\/2019\/05\/pub-wihe-pool-1-800x531.jpg 800w, https:\/\/www.grangeventoux.com\/wp-content\/uploads\/2019\/05\/pub-wihe-pool-1-600x399.jpg 600w\" sizes=\"auto, (max-width: 1024px) 100vw, 1024px\" \/><\/figure><\/li><\/ul><\/figure>\n\n\n\n<p>De ce c\u00f4t\u00e9 il y a \u00e9galement un petit jacuzzi et une douche ext\u00e9rieure. C&#8217;est merveilleux \u00e0 souvourer apr\u00e8s une balade \u00e0 pied ou en v\u00e9lo en \u00e9coutant la \u201cmusique des grillons\u201d.<\/p>\n\n\n\n<figure class=\"wp-block-image size-large\"><img loading=\"lazy\" decoding=\"async\" width=\"1024\" height=\"768\" src=\"https:\/\/www.grangeventoux.com\/wp-content\/uploads\/2021\/01\/WhatsApp-Image-2021-01-07-at-11.55.38-1-1024x768.jpeg\" alt=\"\" class=\"wp-image-2309\" srcset=\"https:\/\/www.grangeventoux.com\/wp-content\/uploads\/2021\/01\/WhatsApp-Image-2021-01-07-at-11.55.38-1-1024x768.jpeg 1024w, https:\/\/www.grangeventoux.com\/wp-content\/uploads\/2021\/01\/WhatsApp-Image-2021-01-07-at-11.55.38-1-300x225.jpeg 300w, https:\/\/www.grangeventoux.com\/wp-content\/uploads\/2021\/01\/WhatsApp-Image-2021-01-07-at-11.55.38-1-768x576.jpeg 768w, https:\/\/www.grangeventoux.com\/wp-content\/uploads\/2021\/01\/WhatsApp-Image-2021-01-07-at-11.55.38-1-1536x1152.jpeg 1536w, https:\/\/www.grangeventoux.com\/wp-content\/uploads\/2021\/01\/WhatsApp-Image-2021-01-07-at-11.55.38-1-800x600.jpeg 800w, https:\/\/www.grangeventoux.com\/wp-content\/uploads\/2021\/01\/WhatsApp-Image-2021-01-07-at-11.55.38-1-600x450.jpeg 600w, https:\/\/www.grangeventoux.com\/wp-content\/uploads\/2021\/01\/WhatsApp-Image-2021-01-07-at-11.55.38-1.jpeg 1919w\" sizes=\"auto, (max-width: 1024px) 100vw, 1024px\" \/><figcaption>Vue sur le champ de lavande \u00e0 c\u00f4t\u00e9 de la maison.<\/figcaption><\/figure>\n\n\n\n<figure class=\"wp-block-image size-large\"><img loading=\"lazy\" decoding=\"async\" width=\"1024\" height=\"683\" src=\"https:\/\/www.grangeventoux.com\/wp-content\/uploads\/2021\/01\/WhatsApp-Image-2021-01-07-at-12.05.40-1-1024x683.jpeg\" alt=\"\" class=\"wp-image-2310\" srcset=\"https:\/\/www.grangeventoux.com\/wp-content\/uploads\/2021\/01\/WhatsApp-Image-2021-01-07-at-12.05.40-1-1024x683.jpeg 1024w, https:\/\/www.grangeventoux.com\/wp-content\/uploads\/2021\/01\/WhatsApp-Image-2021-01-07-at-12.05.40-1-300x200.jpeg 300w, https:\/\/www.grangeventoux.com\/wp-content\/uploads\/2021\/01\/WhatsApp-Image-2021-01-07-at-12.05.40-1-768x512.jpeg 768w, https:\/\/www.grangeventoux.com\/wp-content\/uploads\/2021\/01\/WhatsApp-Image-2021-01-07-at-12.05.40-1-1536x1024.jpeg 1536w, https:\/\/www.grangeventoux.com\/wp-content\/uploads\/2021\/01\/WhatsApp-Image-2021-01-07-at-12.05.40-1-800x533.jpeg 800w, https:\/\/www.grangeventoux.com\/wp-content\/uploads\/2021\/01\/WhatsApp-Image-2021-01-07-at-12.05.40-1-600x400.jpeg 600w, https:\/\/www.grangeventoux.com\/wp-content\/uploads\/2021\/01\/WhatsApp-Image-2021-01-07-at-12.05.40-1.jpeg 1776w\" sizes=\"auto, (max-width: 1024px) 100vw, 1024px\" \/><figcaption>La Grange Ventoux est le lieu id\u00e9al pour initier vos (petits) enfants \u00e0 la nature.<\/figcaption><\/figure>\n\n\n\n<figure class=\"wp-block-image size-large\"><img loading=\"lazy\" decoding=\"async\" width=\"1024\" height=\"576\" src=\"https:\/\/www.grangeventoux.com\/wp-content\/uploads\/2021\/01\/WhatsApp-Image-2021-01-07-at-11.55.28-1-1024x576.jpeg\" alt=\"\" class=\"wp-image-2311\" srcset=\"https:\/\/www.grangeventoux.com\/wp-content\/uploads\/2021\/01\/WhatsApp-Image-2021-01-07-at-11.55.28-1-1024x576.jpeg 1024w, https:\/\/www.grangeventoux.com\/wp-content\/uploads\/2021\/01\/WhatsApp-Image-2021-01-07-at-11.55.28-1-300x169.jpeg 300w, https:\/\/www.grangeventoux.com\/wp-content\/uploads\/2021\/01\/WhatsApp-Image-2021-01-07-at-11.55.28-1-768x432.jpeg 768w, https:\/\/www.grangeventoux.com\/wp-content\/uploads\/2021\/01\/WhatsApp-Image-2021-01-07-at-11.55.28-1-1536x864.jpeg 1536w, https:\/\/www.grangeventoux.com\/wp-content\/uploads\/2021\/01\/WhatsApp-Image-2021-01-07-at-11.55.28-1-800x450.jpeg 800w, https:\/\/www.grangeventoux.com\/wp-content\/uploads\/2021\/01\/WhatsApp-Image-2021-01-07-at-11.55.28-1-600x338.jpeg 600w, https:\/\/www.grangeventoux.com\/wp-content\/uploads\/2021\/01\/WhatsApp-Image-2021-01-07-at-11.55.28-1.jpeg 1728w\" sizes=\"auto, (max-width: 1024px) 100vw, 1024px\" \/><figcaption>Depuis 2020, la Grange Ventoux dispose \u00e9galement d&#8217;un jardin de 700 M2 devant la maison o\u00f9 vous pourrez vous d\u00e9tendre dans le hamac sous les arbres ombrag\u00e9s au bord de la Nesque.<\/figcaption><\/figure>\n","protected":false},"excerpt":{"rendered":"<p>Sur la terrasse, derri\u00e8re la cuisine, vous avez un BBQ int\u00e9gr\u00e9 en pierre. Il y a une grande table \u00e0 8 personnes. Un mur vous donne une protection pendant le mistral. Comme cela vous pouvez manger dehors \u00e0 chaque saison parmis les herbes, les fleurs de saison et les odeurs typiques de cette r\u00e9gion. Vous&hellip;<\/p>\n","protected":false},"author":1,"featured_media":0,"parent":900,"menu_order":2,"comment_status":"closed","ping_status":"closed","template":"","meta":{"footnotes":""},"class_list":["post-924","page","type-page","status-publish","hentry"],"yoast_head":"<!-- This site is optimized with the Yoast SEO plugin v24.9 - https:\/\/yoast.com\/wordpress\/plugins\/seo\/ -->\n<title>Jardin &amp; Terasse - bienvenue a Grange Ventoux<\/title>\n<meta name=\"robots\" content=\"index, follow, max-snippet:-1, max-image-preview:large, max-video-preview:-1\" \/>\n<link rel=\"canonical\" href=\"https:\/\/www.grangeventoux.com\/?page_id=924&lang=fr\" \/>\n<meta property=\"og:locale\" content=\"nl_BE\" \/>\n<meta property=\"og:type\" content=\"article\" \/>\n<meta property=\"og:title\" content=\"Jardin &amp; Terasse - bienvenue a Grange Ventoux\" \/>\n<meta property=\"og:description\" content=\"Sur la terrasse, derri\u00e8re la cuisine, vous avez un BBQ int\u00e9gr\u00e9 en pierre. Il y a une grande table \u00e0 8 personnes. Un mur vous donne une protection pendant le mistral. Comme cela vous pouvez manger dehors \u00e0 chaque saison parmis les herbes, les fleurs de saison et les odeurs typiques de cette r\u00e9gion. Vous&hellip;\" \/>\n<meta property=\"og:url\" content=\"https:\/\/www.grangeventoux.com\/?page_id=924&amp;lang=fr\" \/>\n<meta property=\"og:site_name\" content=\"bienvenue a Grange Ventoux\" \/>\n<meta property=\"article:publisher\" content=\"https:\/\/www.facebook.com\/grangeventoux\/\" \/>\n<meta property=\"article:modified_time\" content=\"2021-01-10T17:23:18+00:00\" \/>\n<meta property=\"og:image\" content=\"http:\/\/www.grangeventoux.com\/wp-content\/uploads\/2019\/02\/DSC_0034-1024x680-1024x680.jpg\" \/>\n<meta name=\"twitter:card\" content=\"summary_large_image\" \/>\n<meta name=\"twitter:label1\" content=\"Geschatte leestijd\" \/>\n\t<meta name=\"twitter:data1\" content=\"1 minuut\" \/>\n<script type=\"application\/ld+json\" class=\"yoast-schema-graph\">{\"@context\":\"https:\/\/schema.org\",\"@graph\":[{\"@type\":\"WebPage\",\"@id\":\"https:\/\/www.grangeventoux.com\/?page_id=924&lang=fr\",\"url\":\"https:\/\/www.grangeventoux.com\/?page_id=924&lang=fr\",\"name\":\"Jardin & Terasse - bienvenue a Grange Ventoux\",\"isPartOf\":{\"@id\":\"https:\/\/www.grangeventoux.com\/#website\"},\"primaryImageOfPage\":{\"@id\":\"https:\/\/www.grangeventoux.com\/?page_id=924&lang=fr#primaryimage\"},\"image\":{\"@id\":\"https:\/\/www.grangeventoux.com\/?page_id=924&lang=fr#primaryimage\"},\"thumbnailUrl\":\"http:\/\/www.grangeventoux.com\/wp-content\/uploads\/2019\/02\/DSC_0034-1024x680-1024x680.jpg\",\"datePublished\":\"2019-02-20T10:53:43+00:00\",\"dateModified\":\"2021-01-10T17:23:18+00:00\",\"breadcrumb\":{\"@id\":\"https:\/\/www.grangeventoux.com\/?page_id=924&lang=fr#breadcrumb\"},\"inLanguage\":\"nl-BE\",\"potentialAction\":[{\"@type\":\"ReadAction\",\"target\":[\"https:\/\/www.grangeventoux.com\/?page_id=924&lang=fr\"]}]},{\"@type\":\"ImageObject\",\"inLanguage\":\"nl-BE\",\"@id\":\"https:\/\/www.grangeventoux.com\/?page_id=924&lang=fr#primaryimage\",\"url\":\"https:\/\/www.grangeventoux.com\/wp-content\/uploads\/2019\/02\/DSC_0034-1024x680.jpg\",\"contentUrl\":\"https:\/\/www.grangeventoux.com\/wp-content\/uploads\/2019\/02\/DSC_0034-1024x680.jpg\",\"width\":1024,\"height\":680},{\"@type\":\"BreadcrumbList\",\"@id\":\"https:\/\/www.grangeventoux.com\/?page_id=924&lang=fr#breadcrumb\",\"itemListElement\":[{\"@type\":\"ListItem\",\"position\":1,\"name\":\"Home\",\"item\":\"https:\/\/www.grangeventoux.com\/\"},{\"@type\":\"ListItem\",\"position\":2,\"name\":\"Home\",\"item\":\"https:\/\/www.grangeventoux.com\/?page_id=900&lang=fr\"},{\"@type\":\"ListItem\",\"position\":3,\"name\":\"Jardin &#038; Terasse\"}]},{\"@type\":\"WebSite\",\"@id\":\"https:\/\/www.grangeventoux.com\/#website\",\"url\":\"https:\/\/www.grangeventoux.com\/\",\"name\":\"bienvenue a Grange Ventoux\",\"description\":\"un petit coin de paradis\",\"potentialAction\":[{\"@type\":\"SearchAction\",\"target\":{\"@type\":\"EntryPoint\",\"urlTemplate\":\"https:\/\/www.grangeventoux.com\/?s={search_term_string}\"},\"query-input\":{\"@type\":\"PropertyValueSpecification\",\"valueRequired\":true,\"valueName\":\"search_term_string\"}}],\"inLanguage\":\"nl-BE\"}]}<\/script>\n<!-- \/ Yoast SEO plugin. -->","yoast_head_json":{"title":"Jardin & Terasse - bienvenue a Grange Ventoux","robots":{"index":"index","follow":"follow","max-snippet":"max-snippet:-1","max-image-preview":"max-image-preview:large","max-video-preview":"max-video-preview:-1"},"canonical":"https:\/\/www.grangeventoux.com\/?page_id=924&lang=fr","og_locale":"nl_BE","og_type":"article","og_title":"Jardin & Terasse - bienvenue a Grange Ventoux","og_description":"Sur la terrasse, derri\u00e8re la cuisine, vous avez un BBQ int\u00e9gr\u00e9 en pierre. Il y a une grande table \u00e0 8 personnes. Un mur vous donne une protection pendant le mistral. Comme cela vous pouvez manger dehors \u00e0 chaque saison parmis les herbes, les fleurs de saison et les odeurs typiques de cette r\u00e9gion. Vous&hellip;","og_url":"https:\/\/www.grangeventoux.com\/?page_id=924&lang=fr","og_site_name":"bienvenue a Grange Ventoux","article_publisher":"https:\/\/www.facebook.com\/grangeventoux\/","article_modified_time":"2021-01-10T17:23:18+00:00","og_image":[{"url":"http:\/\/www.grangeventoux.com\/wp-content\/uploads\/2019\/02\/DSC_0034-1024x680-1024x680.jpg","type":"","width":"","height":""}],"twitter_card":"summary_large_image","twitter_misc":{"Geschatte leestijd":"1 minuut"},"schema":{"@context":"https:\/\/schema.org","@graph":[{"@type":"WebPage","@id":"https:\/\/www.grangeventoux.com\/?page_id=924&lang=fr","url":"https:\/\/www.grangeventoux.com\/?page_id=924&lang=fr","name":"Jardin & Terasse - bienvenue a Grange Ventoux","isPartOf":{"@id":"https:\/\/www.grangeventoux.com\/#website"},"primaryImageOfPage":{"@id":"https:\/\/www.grangeventoux.com\/?page_id=924&lang=fr#primaryimage"},"image":{"@id":"https:\/\/www.grangeventoux.com\/?page_id=924&lang=fr#primaryimage"},"thumbnailUrl":"http:\/\/www.grangeventoux.com\/wp-content\/uploads\/2019\/02\/DSC_0034-1024x680-1024x680.jpg","datePublished":"2019-02-20T10:53:43+00:00","dateModified":"2021-01-10T17:23:18+00:00","breadcrumb":{"@id":"https:\/\/www.grangeventoux.com\/?page_id=924&lang=fr#breadcrumb"},"inLanguage":"nl-BE","potentialAction":[{"@type":"ReadAction","target":["https:\/\/www.grangeventoux.com\/?page_id=924&lang=fr"]}]},{"@type":"ImageObject","inLanguage":"nl-BE","@id":"https:\/\/www.grangeventoux.com\/?page_id=924&lang=fr#primaryimage","url":"https:\/\/www.grangeventoux.com\/wp-content\/uploads\/2019\/02\/DSC_0034-1024x680.jpg","contentUrl":"https:\/\/www.grangeventoux.com\/wp-content\/uploads\/2019\/02\/DSC_0034-1024x680.jpg","width":1024,"height":680},{"@type":"BreadcrumbList","@id":"https:\/\/www.grangeventoux.com\/?page_id=924&lang=fr#breadcrumb","itemListElement":[{"@type":"ListItem","position":1,"name":"Home","item":"https:\/\/www.grangeventoux.com\/"},{"@type":"ListItem","position":2,"name":"Home","item":"https:\/\/www.grangeventoux.com\/?page_id=900&lang=fr"},{"@type":"ListItem","position":3,"name":"Jardin &#038; Terasse"}]},{"@type":"WebSite","@id":"https:\/\/www.grangeventoux.com\/#website","url":"https:\/\/www.grangeventoux.com\/","name":"bienvenue a Grange Ventoux","description":"un petit coin de paradis","potentialAction":[{"@type":"SearchAction","target":{"@type":"EntryPoint","urlTemplate":"https:\/\/www.grangeventoux.com\/?s={search_term_string}"},"query-input":{"@type":"PropertyValueSpecification","valueRequired":true,"valueName":"search_term_string"}}],"inLanguage":"nl-BE"}]}},"jetpack_sharing_enabled":true,"_links":{"self":[{"href":"https:\/\/www.grangeventoux.com\/index.php?rest_route=\/wp\/v2\/pages\/924","targetHints":{"allow":["GET"]}}],"collection":[{"href":"https:\/\/www.grangeventoux.com\/index.php?rest_route=\/wp\/v2\/pages"}],"about":[{"href":"https:\/\/www.grangeventoux.com\/index.php?rest_route=\/wp\/v2\/types\/page"}],"author":[{"embeddable":true,"href":"https:\/\/www.grangeventoux.com\/index.php?rest_route=\/wp\/v2\/users\/1"}],"replies":[{"embeddable":true,"href":"https:\/\/www.grangeventoux.com\/index.php?rest_route=%2Fwp%2Fv2%2Fcomments&post=924"}],"version-history":[{"count":6,"href":"https:\/\/www.grangeventoux.com\/index.php?rest_route=\/wp\/v2\/pages\/924\/revisions"}],"predecessor-version":[{"id":2312,"href":"https:\/\/www.grangeventoux.com\/index.php?rest_route=\/wp\/v2\/pages\/924\/revisions\/2312"}],"up":[{"embeddable":true,"href":"https:\/\/www.grangeventoux.com\/index.php?rest_route=\/wp\/v2\/pages\/900"}],"wp:attachment":[{"href":"https:\/\/www.grangeventoux.com\/index.php?rest_route=%2Fwp%2Fv2%2Fmedia&parent=924"}],"curies":[{"name":"wp","href":"https:\/\/api.w.org\/{rel}","templated":true}]}}