{"id":960,"date":"2019-02-20T23:03:21","date_gmt":"2019-02-20T23:03:21","guid":{"rendered":"http:\/\/www.grangeventoux.com\/?page_id=960"},"modified":"2019-02-25T10:51:59","modified_gmt":"2019-02-25T10:51:59","slug":"villages","status":"publish","type":"page","link":"https:\/\/www.grangeventoux.com\/?page_id=960&lang=fr","title":{"rendered":"Villages"},"content":{"rendered":"\n<p>Et qui ne voudrait pas prendre un petit verre sur une terrase avec vue superbe? Ou aller visiter un march\u00e9 local? Ou encore fl\u00e2ner dans les rues \u00e9troites des anciens villages o\u00f9 le temps semble s\u2019arr\u00eater? Le Luberon poss\u00e8de un tas \u201cdes plus beaux villages\u201d de la France. Gorges, Lacoste et Bonieux sont certes des noms connus parmis un large public. Nous vous d\u00e9crivons quelques villages moins connus mais tellement pittoresques.<\/p>\n\n\n\n<p><strong><a rel=\"noreferrer noopener\" aria-label=\"Monieux (opent in een nieuwe tab)\" href=\"https:\/\/www.provenceweb.fr\/e\/vaucluse\/monieux\/monieux.htm\" target=\"_blank\"><font color=\"hex_#00ff00\">Monieux<\/font><\/a><\/strong><br>Grange Ventoux Monieux se trouve au pied de ce petit village m\u00e9di\u00e9val avec son histoire charg\u00e9e. Il est construit en calcaire et il est bien cach\u00e9 \u00e0 l\u2019abri du flanc sud-est du Ventoux.. . C\u2019est merveilleux de lire le livre de Stefan Hertmans sous les platanes au soleil levant. Stefan d\u00e9crit l&#8217;histoire de la vie d&#8217;une jeune femme noble chr\u00e9tienne qui tombe amoureuse d&#8217;un fils de rabbin juif au 11\u00e8me si\u00e8cle. Ils doivent se cacher \u00e0 Monieux \u00e0 cause de leur amour interdit. L\u2019histoire ressemble un peu \u00e0 Rom\u00e9o et Juliette. Vous verrez le village certainement diff\u00e9remment apr\u00e8s avoir lu ce roman. Depuis la tour de guet vous avez une vue magnifique sur le village, la vall\u00e9e de Sault et les collines verdoyantes environnantes. Vous reconna\u00eetrez des paysages que Hermans \u00e9crit dans son livre. Le premier dimanche de septembre Monieux est en f\u00eate et pandant cette f\u00eate annuelle tout le monde se rassemble et profite de la belle vie ici.<\/p>\n\n\n\n<p><strong><a rel=\"noreferrer noopener\" aria-label=\"Sault (opent in een nieuwe tab)\" href=\"https:\/\/www.provenceweb.fr\/e\/vaucluse\/sault\/sault.htm\" target=\"_blank\"><font color=\"hex_#00ff00\">Sault<\/font><\/a><\/strong><br>Vous passerez probablement souvent ici. Non seulement vous trouverez ici le supermarch\u00e9 et la location de v\u00e9los mais aussi quelques \u00e9piceries fines \u00e0 ne pas manquer (voir quoi acheter ). La ville est construite sur un rocher avec une vue magnifique sur les champs de lavande. Le mercredi, c&#8217;est le march\u00e9 et vous trouverez de nombreux produits bio du plateau: fromage de ch\u00e8vre, \u00e9peautre, miel, nougat et viande de porc du Ventoux. Le 15 ao\u00fbt, c&#8217;est la f\u00eate de la lavande ici!<\/p>\n\n\n\n<figure class=\"wp-block-image\"><a href=\"http:\/\/www.grangeventoux.com\/wp-content\/uploads\/2019\/02\/FB_IMG_1510781152216.jpg\" target=\"_blank\" rel=\"noreferrer noopener\"><img loading=\"lazy\" decoding=\"async\" width=\"720\" height=\"436\" src=\"http:\/\/www.grangeventoux.com\/wp-content\/uploads\/2019\/02\/FB_IMG_1510781152216.jpg\" alt=\"\" class=\"wp-image-963\" srcset=\"https:\/\/www.grangeventoux.com\/wp-content\/uploads\/2019\/02\/FB_IMG_1510781152216.jpg 720w, https:\/\/www.grangeventoux.com\/wp-content\/uploads\/2019\/02\/FB_IMG_1510781152216-300x182.jpg 300w, https:\/\/www.grangeventoux.com\/wp-content\/uploads\/2019\/02\/FB_IMG_1510781152216-600x363.jpg 600w\" sizes=\"auto, (max-width: 720px) 100vw, 720px\" \/><\/a><\/figure>\n\n\n\n<p><strong><a rel=\"noreferrer noopener\" aria-label=\"M\u00e9thamis (opent in een nieuwe tab)\" href=\"https:\/\/www.provenceweb.fr\/e\/vaucluse\/methamis\/methamis.htm\" target=\"_blank\"><font color=\"hex_#00ff00\">M\u00e9thamis<\/font><\/a><\/strong><br>Un petit village typiquement proven\u00e7al construit sur un \u00e9peron rocheux. M\u00eame en haute saison, vous y trouverez la calme compl\u00e8te. Si vous faites le tour de la Nesque \u00e0 v\u00e9lo, c\u2019est bien de pouvoir remplir sa bouteille d&#8217;eau ou de prendre un petit verre dans l&#8217;unique pub du village.<\/p>\n\n\n\n<p><strong><a rel=\"noreferrer noopener\" aria-label=\"Brantes (opent in een nieuwe tab)\" href=\"https:\/\/www.provenceweb.fr\/e\/vaucluse\/brantes\/brantes.htm\" target=\"_blank\"><font color=\"hex_#00ff00\">Brantes<\/font><\/a><\/strong><br>Cest notre village pr\u00e9f\u00e9r\u00e9! . La vue sur le c\u00f4t\u00e9 nord du Mont Ventoux et la vall\u00e9e de la Toulerence est magnifique ! Le village \u201ccolle\u201d contre la paroi de la Montagne de Blog comme un nid d\u2019aigle. Vous y trouverez un grand nombre d\u2019artistes et d\u2019artisans. \u201c Chez Martin \u00bb, vous pourrez profiter \u00e0 la terrasse du ch\u00e2teau r\u00e9nov\u00e9. N\u2019oubliez pas de visiter l\u2019 atelier de poterie de Joop.<\/p>\n\n\n\n<figure class=\"wp-block-image\"><img loading=\"lazy\" decoding=\"async\" width=\"700\" height=\"492\" src=\"http:\/\/www.grangeventoux.com\/wp-content\/uploads\/2019\/02\/4661826_1.jpg\" alt=\"\" class=\"wp-image-966\" srcset=\"https:\/\/www.grangeventoux.com\/wp-content\/uploads\/2019\/02\/4661826_1.jpg 700w, https:\/\/www.grangeventoux.com\/wp-content\/uploads\/2019\/02\/4661826_1-300x211.jpg 300w, https:\/\/www.grangeventoux.com\/wp-content\/uploads\/2019\/02\/4661826_1-600x422.jpg 600w\" sizes=\"auto, (max-width: 700px) 100vw, 700px\" \/><\/figure>\n\n\n\n<p><strong><a rel=\"noreferrer noopener\" href=\"https:\/\/www.provenceweb.fr\/e\/drome-provencale\/montbrun-les-bains\/montbrun-les-bains.htm\" target=\"_blank\"><font color=\"hex_#00ff00\">Montbrun-les-Bains<\/font><\/a><\/strong><br>Les Romains connaissaient la belle vie. Ils appr\u00e9ciaient surtout les sources thermales et ils en profitaient \u00e0 100%. Pourtant, ils n\u2019\u00e9taient pas les premiers r\u00e9cidents! ! Des fouilles en bas du village ont prouv\u00e9 la pr\u00e9sence des premiers agriculteurs de la Provence\u2026 C\u2019est 1 des plus beaux villages de la France. Vous vous prom\u00e8nerez par les ruelles m\u00e9di\u00e9vales au-dessus du village, au pied des ruines du ch\u00e2teau pour profiter d\u2019un paysages \u00e0 couper le souffle. De l\u00e0 le c\u00f4t\u00e9 nord du Mont Ventoux est bien visible.<\/p>\n\n\n\n<p><strong><a rel=\"noreferrer noopener\" href=\"https:\/\/www.provenceweb.fr\/e\/vaucluse\/roussill\/roussill.htm\" target=\"_blank\"><font color=\"hex_#00ff00\">Roussilion<\/font><\/a><\/strong> <br>Ce village pittoresque est l\u2019un des plus beaux du Vaucluse, Il est construit sur un rocher en ocre. Les b\u00e2timents sont construits de cette belle terre rouge . Le gr\u00e8s rouge contraste avec les sapins verts de l\u2019atlas au bas du village. La promenade &#8216;le sentier des Ocres&#8217; vaut ce voyage en soi-m\u00eame. Pendant les mois d\u2019\u00e9t\u00e9 Roussion est tr\u00e8s occup\u00e9!. Alors, venez visiter ce village au soleil couchant. Il rend les couleurs encore plus belles.<\/p>\n\n\n\n<p><strong><a rel=\"noreferrer noopener\" href=\"https:\/\/www.simiane-la-rotonde.fr\/\" target=\"_blank\"><font color=\"hex_#00ff00\">Simiane-la-Rotonde<\/font><\/a><\/strong><br>Ce village est situ\u00e9 sur une colline et vous offre une vue splendite sur l\u2019environnement. Dans le lointain vous pouvez voir les Alpes. Sous le village, une ancienne route de commerce romaine reliait Sisteron et Apt.. Semiane a connu son apog\u00e9e surtout pendant la Renaissance, l&#8217;\u00e9poque o\u00f9 l&#8217;industrie du verre occupait une place importante. Vous verrez des b\u00e2timents authentiques, des rues \u00e9troites et de beaux jardins L\u2019attraction principale reste la tour ronde du ch\u00e2teau o\u00f9, pendant le mois d\u2019ao\u00fbt, vous pourrez profiter de la musique classique (une acoustique fantastique).<\/p>\n\n\n\n<figure class=\"wp-block-image\"><a href=\"http:\/\/www.grangeventoux.com\/wp-content\/uploads\/2019\/02\/simiane.jpg\" target=\"_blank\" rel=\"noreferrer noopener\"><img loading=\"lazy\" decoding=\"async\" width=\"1024\" height=\"341\" src=\"http:\/\/www.grangeventoux.com\/wp-content\/uploads\/2019\/02\/simiane-1024x341.jpg\" alt=\"\" class=\"wp-image-967\" srcset=\"https:\/\/www.grangeventoux.com\/wp-content\/uploads\/2019\/02\/simiane-1024x341.jpg 1024w, https:\/\/www.grangeventoux.com\/wp-content\/uploads\/2019\/02\/simiane-300x100.jpg 300w, https:\/\/www.grangeventoux.com\/wp-content\/uploads\/2019\/02\/simiane-768x256.jpg 768w, https:\/\/www.grangeventoux.com\/wp-content\/uploads\/2019\/02\/simiane-800x267.jpg 800w, https:\/\/www.grangeventoux.com\/wp-content\/uploads\/2019\/02\/simiane-600x200.jpg 600w, https:\/\/www.grangeventoux.com\/wp-content\/uploads\/2019\/02\/simiane.jpg 1170w\" sizes=\"auto, (max-width: 1024px) 100vw, 1024px\" \/><\/a><\/figure>\n\n\n\n<p><strong><a rel=\"noreferrer noopener\" href=\"https:\/\/www.provenceweb.fr\/e\/vaucluse\/islesorg\/islesorg.htm\" target=\"_blank\"><font color=\"hex_#00ff00\">Isle-sur-la-Sorgue<\/font><\/a><\/strong><br>La \u201cVenise de Provence\u201d doit son nom \u00e0 &#8220;l&#8217;\u00eele&#8221; de la Sorgue. Apr\u00e8s le march\u00e9 du samedi, vous profitez de nobreuses terrasses en plein air le long de la Sorgue. C&#8217;est l\u2019endroit id\u00e9al des antiquaires. Vous avez de nombreuses boutiques et galeries. \u00c0 P\u00e2ques et le 15 ao\u00fbt, quelques 800 exposants s\u2019\u00e9tablissent ici, ce qui en fait l&#8217;un des \u00e9v\u00e9nements d\u2019antiquit\u00e9s les plus importants en Europe. Vous y trouverez \u00e9galement des brasseries centenaires et encore des glaces d\u00e9licieuses!<\/p>\n\n\n\n<figure class=\"wp-block-image\"><a href=\"http:\/\/www.grangeventoux.com\/wp-content\/uploads\/2019\/02\/2c4eaaec5639035521677cfd9f8315dd.jpg\" target=\"_blank\" rel=\"noreferrer noopener\"><img loading=\"lazy\" decoding=\"async\" width=\"1024\" height=\"768\" src=\"http:\/\/www.grangeventoux.com\/wp-content\/uploads\/2019\/02\/2c4eaaec5639035521677cfd9f8315dd-1024x768.jpg\" alt=\"\" class=\"wp-image-968\" srcset=\"https:\/\/www.grangeventoux.com\/wp-content\/uploads\/2019\/02\/2c4eaaec5639035521677cfd9f8315dd-1024x768.jpg 1024w, https:\/\/www.grangeventoux.com\/wp-content\/uploads\/2019\/02\/2c4eaaec5639035521677cfd9f8315dd-300x225.jpg 300w, https:\/\/www.grangeventoux.com\/wp-content\/uploads\/2019\/02\/2c4eaaec5639035521677cfd9f8315dd-768x576.jpg 768w, https:\/\/www.grangeventoux.com\/wp-content\/uploads\/2019\/02\/2c4eaaec5639035521677cfd9f8315dd-800x600.jpg 800w, https:\/\/www.grangeventoux.com\/wp-content\/uploads\/2019\/02\/2c4eaaec5639035521677cfd9f8315dd-600x450.jpg 600w\" sizes=\"auto, (max-width: 1024px) 100vw, 1024px\" \/><\/a><\/figure>\n","protected":false},"excerpt":{"rendered":"<p>Et qui ne voudrait pas prendre un petit verre sur une terrase avec vue superbe? Ou aller visiter un march\u00e9 local? Ou encore fl\u00e2ner dans les rues \u00e9troites des anciens villages o\u00f9 le temps semble s\u2019arr\u00eater? Le Luberon poss\u00e8de un tas \u201cdes plus beaux villages\u201d de la France. Gorges, Lacoste et Bonieux sont certes des&hellip;<\/p>\n","protected":false},"author":1,"featured_media":0,"parent":997,"menu_order":4,"comment_status":"closed","ping_status":"closed","template":"","meta":{"footnotes":""},"class_list":["post-960","page","type-page","status-publish","hentry"],"yoast_head":"<!-- This site is optimized with the Yoast SEO plugin v24.9 - https:\/\/yoast.com\/wordpress\/plugins\/seo\/ -->\n<title>Villages - bienvenue a Grange Ventoux<\/title>\n<meta name=\"robots\" content=\"index, follow, max-snippet:-1, max-image-preview:large, max-video-preview:-1\" \/>\n<link rel=\"canonical\" href=\"https:\/\/www.grangeventoux.com\/?page_id=960&lang=fr\" \/>\n<meta property=\"og:locale\" content=\"nl_BE\" \/>\n<meta property=\"og:type\" content=\"article\" \/>\n<meta property=\"og:title\" content=\"Villages - bienvenue a Grange Ventoux\" \/>\n<meta property=\"og:description\" content=\"Et qui ne voudrait pas prendre un petit verre sur une terrase avec vue superbe? Ou aller visiter un march\u00e9 local? Ou encore fl\u00e2ner dans les rues \u00e9troites des anciens villages o\u00f9 le temps semble s\u2019arr\u00eater? Le Luberon poss\u00e8de un tas \u201cdes plus beaux villages\u201d de la France. Gorges, Lacoste et Bonieux sont certes des&hellip;\" \/>\n<meta property=\"og:url\" content=\"https:\/\/www.grangeventoux.com\/?page_id=960&amp;lang=fr\" \/>\n<meta property=\"og:site_name\" content=\"bienvenue a Grange Ventoux\" \/>\n<meta property=\"article:publisher\" content=\"https:\/\/www.facebook.com\/grangeventoux\/\" \/>\n<meta property=\"article:modified_time\" content=\"2019-02-25T10:51:59+00:00\" \/>\n<meta property=\"og:image\" content=\"http:\/\/www.grangeventoux.com\/wp-content\/uploads\/2019\/02\/FB_IMG_1510781152216.jpg\" \/>\n<meta name=\"twitter:card\" content=\"summary_large_image\" \/>\n<meta name=\"twitter:label1\" content=\"Geschatte leestijd\" \/>\n\t<meta name=\"twitter:data1\" content=\"4 minuten\" \/>\n<script type=\"application\/ld+json\" class=\"yoast-schema-graph\">{\"@context\":\"https:\/\/schema.org\",\"@graph\":[{\"@type\":\"WebPage\",\"@id\":\"https:\/\/www.grangeventoux.com\/?page_id=960&lang=fr\",\"url\":\"https:\/\/www.grangeventoux.com\/?page_id=960&lang=fr\",\"name\":\"Villages - bienvenue a Grange Ventoux\",\"isPartOf\":{\"@id\":\"https:\/\/www.grangeventoux.com\/#website\"},\"primaryImageOfPage\":{\"@id\":\"https:\/\/www.grangeventoux.com\/?page_id=960&lang=fr#primaryimage\"},\"image\":{\"@id\":\"https:\/\/www.grangeventoux.com\/?page_id=960&lang=fr#primaryimage\"},\"thumbnailUrl\":\"http:\/\/www.grangeventoux.com\/wp-content\/uploads\/2019\/02\/FB_IMG_1510781152216.jpg\",\"datePublished\":\"2019-02-20T23:03:21+00:00\",\"dateModified\":\"2019-02-25T10:51:59+00:00\",\"breadcrumb\":{\"@id\":\"https:\/\/www.grangeventoux.com\/?page_id=960&lang=fr#breadcrumb\"},\"inLanguage\":\"nl-BE\",\"potentialAction\":[{\"@type\":\"ReadAction\",\"target\":[\"https:\/\/www.grangeventoux.com\/?page_id=960&lang=fr\"]}]},{\"@type\":\"ImageObject\",\"inLanguage\":\"nl-BE\",\"@id\":\"https:\/\/www.grangeventoux.com\/?page_id=960&lang=fr#primaryimage\",\"url\":\"http:\/\/www.grangeventoux.com\/wp-content\/uploads\/2019\/02\/FB_IMG_1510781152216.jpg\",\"contentUrl\":\"http:\/\/www.grangeventoux.com\/wp-content\/uploads\/2019\/02\/FB_IMG_1510781152216.jpg\"},{\"@type\":\"BreadcrumbList\",\"@id\":\"https:\/\/www.grangeventoux.com\/?page_id=960&lang=fr#breadcrumb\",\"itemListElement\":[{\"@type\":\"ListItem\",\"position\":1,\"name\":\"Home\",\"item\":\"https:\/\/www.grangeventoux.com\/\"},{\"@type\":\"ListItem\",\"position\":2,\"name\":\"Environ\",\"item\":\"https:\/\/www.grangeventoux.com\/?page_id=997&lang=fr\"},{\"@type\":\"ListItem\",\"position\":3,\"name\":\"Villages\"}]},{\"@type\":\"WebSite\",\"@id\":\"https:\/\/www.grangeventoux.com\/#website\",\"url\":\"https:\/\/www.grangeventoux.com\/\",\"name\":\"bienvenue a Grange Ventoux\",\"description\":\"un petit coin de paradis\",\"potentialAction\":[{\"@type\":\"SearchAction\",\"target\":{\"@type\":\"EntryPoint\",\"urlTemplate\":\"https:\/\/www.grangeventoux.com\/?s={search_term_string}\"},\"query-input\":{\"@type\":\"PropertyValueSpecification\",\"valueRequired\":true,\"valueName\":\"search_term_string\"}}],\"inLanguage\":\"nl-BE\"}]}<\/script>\n<!-- \/ Yoast SEO plugin. -->","yoast_head_json":{"title":"Villages - bienvenue a Grange Ventoux","robots":{"index":"index","follow":"follow","max-snippet":"max-snippet:-1","max-image-preview":"max-image-preview:large","max-video-preview":"max-video-preview:-1"},"canonical":"https:\/\/www.grangeventoux.com\/?page_id=960&lang=fr","og_locale":"nl_BE","og_type":"article","og_title":"Villages - bienvenue a Grange Ventoux","og_description":"Et qui ne voudrait pas prendre un petit verre sur une terrase avec vue superbe? Ou aller visiter un march\u00e9 local? Ou encore fl\u00e2ner dans les rues \u00e9troites des anciens villages o\u00f9 le temps semble s\u2019arr\u00eater? Le Luberon poss\u00e8de un tas \u201cdes plus beaux villages\u201d de la France. Gorges, Lacoste et Bonieux sont certes des&hellip;","og_url":"https:\/\/www.grangeventoux.com\/?page_id=960&lang=fr","og_site_name":"bienvenue a Grange Ventoux","article_publisher":"https:\/\/www.facebook.com\/grangeventoux\/","article_modified_time":"2019-02-25T10:51:59+00:00","og_image":[{"url":"http:\/\/www.grangeventoux.com\/wp-content\/uploads\/2019\/02\/FB_IMG_1510781152216.jpg","type":"","width":"","height":""}],"twitter_card":"summary_large_image","twitter_misc":{"Geschatte leestijd":"4 minuten"},"schema":{"@context":"https:\/\/schema.org","@graph":[{"@type":"WebPage","@id":"https:\/\/www.grangeventoux.com\/?page_id=960&lang=fr","url":"https:\/\/www.grangeventoux.com\/?page_id=960&lang=fr","name":"Villages - bienvenue a Grange Ventoux","isPartOf":{"@id":"https:\/\/www.grangeventoux.com\/#website"},"primaryImageOfPage":{"@id":"https:\/\/www.grangeventoux.com\/?page_id=960&lang=fr#primaryimage"},"image":{"@id":"https:\/\/www.grangeventoux.com\/?page_id=960&lang=fr#primaryimage"},"thumbnailUrl":"http:\/\/www.grangeventoux.com\/wp-content\/uploads\/2019\/02\/FB_IMG_1510781152216.jpg","datePublished":"2019-02-20T23:03:21+00:00","dateModified":"2019-02-25T10:51:59+00:00","breadcrumb":{"@id":"https:\/\/www.grangeventoux.com\/?page_id=960&lang=fr#breadcrumb"},"inLanguage":"nl-BE","potentialAction":[{"@type":"ReadAction","target":["https:\/\/www.grangeventoux.com\/?page_id=960&lang=fr"]}]},{"@type":"ImageObject","inLanguage":"nl-BE","@id":"https:\/\/www.grangeventoux.com\/?page_id=960&lang=fr#primaryimage","url":"http:\/\/www.grangeventoux.com\/wp-content\/uploads\/2019\/02\/FB_IMG_1510781152216.jpg","contentUrl":"http:\/\/www.grangeventoux.com\/wp-content\/uploads\/2019\/02\/FB_IMG_1510781152216.jpg"},{"@type":"BreadcrumbList","@id":"https:\/\/www.grangeventoux.com\/?page_id=960&lang=fr#breadcrumb","itemListElement":[{"@type":"ListItem","position":1,"name":"Home","item":"https:\/\/www.grangeventoux.com\/"},{"@type":"ListItem","position":2,"name":"Environ","item":"https:\/\/www.grangeventoux.com\/?page_id=997&lang=fr"},{"@type":"ListItem","position":3,"name":"Villages"}]},{"@type":"WebSite","@id":"https:\/\/www.grangeventoux.com\/#website","url":"https:\/\/www.grangeventoux.com\/","name":"bienvenue a Grange Ventoux","description":"un petit coin de paradis","potentialAction":[{"@type":"SearchAction","target":{"@type":"EntryPoint","urlTemplate":"https:\/\/www.grangeventoux.com\/?s={search_term_string}"},"query-input":{"@type":"PropertyValueSpecification","valueRequired":true,"valueName":"search_term_string"}}],"inLanguage":"nl-BE"}]}},"jetpack_sharing_enabled":true,"_links":{"self":[{"href":"https:\/\/www.grangeventoux.com\/index.php?rest_route=\/wp\/v2\/pages\/960","targetHints":{"allow":["GET"]}}],"collection":[{"href":"https:\/\/www.grangeventoux.com\/index.php?rest_route=\/wp\/v2\/pages"}],"about":[{"href":"https:\/\/www.grangeventoux.com\/index.php?rest_route=\/wp\/v2\/types\/page"}],"author":[{"embeddable":true,"href":"https:\/\/www.grangeventoux.com\/index.php?rest_route=\/wp\/v2\/users\/1"}],"replies":[{"embeddable":true,"href":"https:\/\/www.grangeventoux.com\/index.php?rest_route=%2Fwp%2Fv2%2Fcomments&post=960"}],"version-history":[{"count":4,"href":"https:\/\/www.grangeventoux.com\/index.php?rest_route=\/wp\/v2\/pages\/960\/revisions"}],"predecessor-version":[{"id":1057,"href":"https:\/\/www.grangeventoux.com\/index.php?rest_route=\/wp\/v2\/pages\/960\/revisions\/1057"}],"up":[{"embeddable":true,"href":"https:\/\/www.grangeventoux.com\/index.php?rest_route=\/wp\/v2\/pages\/997"}],"wp:attachment":[{"href":"https:\/\/www.grangeventoux.com\/index.php?rest_route=%2Fwp%2Fv2%2Fmedia&parent=960"}],"curies":[{"name":"wp","href":"https:\/\/api.w.org\/{rel}","templated":true}]}}