{"id":970,"date":"2019-02-20T23:18:01","date_gmt":"2019-02-20T23:18:01","guid":{"rendered":"http:\/\/www.grangeventoux.com\/?page_id=970"},"modified":"2019-02-20T23:47:36","modified_gmt":"2019-02-20T23:47:36","slug":"cyclisme","status":"publish","type":"page","link":"https:\/\/www.grangeventoux.com\/?page_id=970&lang=fr","title":{"rendered":"Cyclisme"},"content":{"rendered":"\n<p>\u201cLe g\u00e9ant chauve\u201d a attir\u00e9 mon attention maintes fois lors de la l\u00e9gendaire Tour de France avec ses histoires d&#8217;escalade h\u00e9ro\u00efque. M\u00eame les plus grands dieux du cyclisme doivent aller profonds, parfois m\u00eame avec des cons\u00e9quences fatales, telle que celle du champion britannique Tom Simson le 13 juillet 1967.<\/p>\n\n\n\n<figure class=\"wp-block-image\"><a href=\"http:\/\/www.grangeventoux.com\/wp-content\/uploads\/2019\/02\/5123665426-Mont-Ventoux-Tom-Simpson-stone-p.jpg\" target=\"_blank\" rel=\"noreferrer noopener\"><img loading=\"lazy\" decoding=\"async\" width=\"500\" height=\"333\" src=\"http:\/\/www.grangeventoux.com\/wp-content\/uploads\/2019\/02\/5123665426-Mont-Ventoux-Tom-Simpson-stone-p.jpg\" alt=\"\" class=\"wp-image-971\" srcset=\"https:\/\/www.grangeventoux.com\/wp-content\/uploads\/2019\/02\/5123665426-Mont-Ventoux-Tom-Simpson-stone-p.jpg 500w, https:\/\/www.grangeventoux.com\/wp-content\/uploads\/2019\/02\/5123665426-Mont-Ventoux-Tom-Simpson-stone-p-300x200.jpg 300w\" sizes=\"auto, (max-width: 500px) 100vw, 500px\" \/><\/a><\/figure>\n\n\n\n<p>Malgr\u00e9 tout ce que j\u2019avais lu sur le Mont Ventoux, j\u2019\u00e9tais un peu d\u00e9\u00e7u quand je le voyais pour la premi\u00e8re fois \u201cen direct\u201d. Il m\u2019a sembl\u00e9 une grande colline avec une pente douce! J&#8217;avais d\u00e9j\u00e0 grimp\u00e9 Alpe&#8217; d\u2019 Huez, le Stelvio et le Galibier Ce Mont ne me donnait donc pas peur!. Une journ\u00e9e bien chaude en juin, j&#8217;ai quitt\u00e9 Bedoin un peu trop confiant et enthousiaste en haut de la montagne. La chaleur dans la for\u00eat de ch\u00eanes, l\u2019impossibilit\u00e9 de r\u00e9cup\u00e9rer, m\u2019ont forc\u00e9 retour \u00e0 la selle. Une fois pass\u00e9 la limite des arbres, je pouvais me concentrer sur la tour typique de la station m\u00e9t\u00e9orologique situ\u00e9e au sommet. A l\u2019arriv\u00e9e j\u2019\u00e9tais fatigu\u00e9 mais satisfait et j\u2019ai apprici\u00e9 le spectacle inattentue sur le sommet!!! Je suis tomb\u00e9 amoureux !<\/p>\n\n\n\n<figure class=\"wp-block-image\"><a href=\"http:\/\/www.grangeventoux.com\/wp-content\/uploads\/2019\/02\/DSC6812-1024x576.jpg\" target=\"_blank\" rel=\"noreferrer noopener\"><img loading=\"lazy\" decoding=\"async\" width=\"1024\" height=\"576\" src=\"http:\/\/www.grangeventoux.com\/wp-content\/uploads\/2019\/02\/DSC6812-1024x576-1024x576.jpg\" alt=\"\" class=\"wp-image-972\" srcset=\"https:\/\/www.grangeventoux.com\/wp-content\/uploads\/2019\/02\/DSC6812-1024x576.jpg 1024w, https:\/\/www.grangeventoux.com\/wp-content\/uploads\/2019\/02\/DSC6812-1024x576-300x169.jpg 300w, https:\/\/www.grangeventoux.com\/wp-content\/uploads\/2019\/02\/DSC6812-1024x576-768x432.jpg 768w, https:\/\/www.grangeventoux.com\/wp-content\/uploads\/2019\/02\/DSC6812-1024x576-800x450.jpg 800w, https:\/\/www.grangeventoux.com\/wp-content\/uploads\/2019\/02\/DSC6812-1024x576-600x338.jpg 600w\" sizes=\"auto, (max-width: 1024px) 100vw, 1024px\" \/><\/a><\/figure>\n\n\n\n<p>J&#8217;ai pass\u00e9 la nuit dans mon campeur sous le sommet. Le lendemain Iban Mayo a mont\u00e9 la Dauphine Liber\u00e9e sur 55.51 minutes\u2026presque deux fois plus vite que moi! <\/p>\n\n\n\n<p>\u25cf Grange Ventoux Monieux est id\u00e9alement situ\u00e9 aussi bien pour le grimpeur d\u00e9butant que pour celui qui vient pour un Cingles. <br>\u25cf Le c\u00f4t\u00e9 &#8220;Sault&#8221; reste la mont\u00e9e la plus facile et la plus \u201cprudente\u201d apr\u00e8s une mont\u00e9e fatigante. <br>\u25cf La descente des Gorges de La Nesques commence \u00e0 quelques kilom\u00e8tres de notre maison. <br>\u25cf Une visite du Ventoux est \u00e9galement id\u00e9ale pour mieux conna\u00eetre la r\u00e9gion. <br>\u25cf Autour du plateau de Sault, il y a beaucoup de cols moins connus qui sont des itin\u00e9raires d&#8217;entra\u00eenement id\u00e9aux.<br> \u25cf Homme Mort, La Givi\u00e9re, Murs et Saint-Jean sont quelques noms des 24 cols du quartier.<\/p>\n","protected":false},"excerpt":{"rendered":"<p>\u201cLe g\u00e9ant chauve\u201d a attir\u00e9 mon attention maintes fois lors de la l\u00e9gendaire Tour de France avec ses histoires d&#8217;escalade h\u00e9ro\u00efque. M\u00eame les plus grands dieux du cyclisme doivent aller profonds, parfois m\u00eame avec des cons\u00e9quences fatales, telle que celle du champion britannique Tom Simson le 13 juillet 1967. Malgr\u00e9 tout ce que j\u2019avais lu&hellip;<\/p>\n","protected":false},"author":1,"featured_media":0,"parent":992,"menu_order":1,"comment_status":"closed","ping_status":"closed","template":"","meta":{"footnotes":""},"class_list":["post-970","page","type-page","status-publish","hentry"],"yoast_head":"<!-- This site is optimized with the Yoast SEO plugin v24.9 - https:\/\/yoast.com\/wordpress\/plugins\/seo\/ -->\n<title>Cyclisme - bienvenue a Grange Ventoux<\/title>\n<meta name=\"robots\" content=\"index, follow, max-snippet:-1, max-image-preview:large, max-video-preview:-1\" \/>\n<link rel=\"canonical\" href=\"https:\/\/www.grangeventoux.com\/?page_id=970&lang=fr\" \/>\n<meta property=\"og:locale\" content=\"nl_BE\" \/>\n<meta property=\"og:type\" content=\"article\" \/>\n<meta property=\"og:title\" content=\"Cyclisme - bienvenue a Grange Ventoux\" \/>\n<meta property=\"og:description\" content=\"\u201cLe g\u00e9ant chauve\u201d a attir\u00e9 mon attention maintes fois lors de la l\u00e9gendaire Tour de France avec ses histoires d&#8217;escalade h\u00e9ro\u00efque. M\u00eame les plus grands dieux du cyclisme doivent aller profonds, parfois m\u00eame avec des cons\u00e9quences fatales, telle que celle du champion britannique Tom Simson le 13 juillet 1967. Malgr\u00e9 tout ce que j\u2019avais lu&hellip;\" \/>\n<meta property=\"og:url\" content=\"https:\/\/www.grangeventoux.com\/?page_id=970&amp;lang=fr\" \/>\n<meta property=\"og:site_name\" content=\"bienvenue a Grange Ventoux\" \/>\n<meta property=\"article:publisher\" content=\"https:\/\/www.facebook.com\/grangeventoux\/\" \/>\n<meta property=\"article:modified_time\" content=\"2019-02-20T23:47:36+00:00\" \/>\n<meta property=\"og:image\" content=\"http:\/\/www.grangeventoux.com\/wp-content\/uploads\/2019\/02\/5123665426-Mont-Ventoux-Tom-Simpson-stone-p.jpg\" \/>\n<meta name=\"twitter:card\" content=\"summary_large_image\" \/>\n<meta name=\"twitter:label1\" content=\"Geschatte leestijd\" \/>\n\t<meta name=\"twitter:data1\" content=\"2 minuten\" \/>\n<script type=\"application\/ld+json\" class=\"yoast-schema-graph\">{\"@context\":\"https:\/\/schema.org\",\"@graph\":[{\"@type\":\"WebPage\",\"@id\":\"https:\/\/www.grangeventoux.com\/?page_id=970&lang=fr\",\"url\":\"https:\/\/www.grangeventoux.com\/?page_id=970&lang=fr\",\"name\":\"Cyclisme - bienvenue a Grange Ventoux\",\"isPartOf\":{\"@id\":\"https:\/\/www.grangeventoux.com\/#website\"},\"primaryImageOfPage\":{\"@id\":\"https:\/\/www.grangeventoux.com\/?page_id=970&lang=fr#primaryimage\"},\"image\":{\"@id\":\"https:\/\/www.grangeventoux.com\/?page_id=970&lang=fr#primaryimage\"},\"thumbnailUrl\":\"http:\/\/www.grangeventoux.com\/wp-content\/uploads\/2019\/02\/5123665426-Mont-Ventoux-Tom-Simpson-stone-p.jpg\",\"datePublished\":\"2019-02-20T23:18:01+00:00\",\"dateModified\":\"2019-02-20T23:47:36+00:00\",\"breadcrumb\":{\"@id\":\"https:\/\/www.grangeventoux.com\/?page_id=970&lang=fr#breadcrumb\"},\"inLanguage\":\"nl-BE\",\"potentialAction\":[{\"@type\":\"ReadAction\",\"target\":[\"https:\/\/www.grangeventoux.com\/?page_id=970&lang=fr\"]}]},{\"@type\":\"ImageObject\",\"inLanguage\":\"nl-BE\",\"@id\":\"https:\/\/www.grangeventoux.com\/?page_id=970&lang=fr#primaryimage\",\"url\":\"http:\/\/www.grangeventoux.com\/wp-content\/uploads\/2019\/02\/5123665426-Mont-Ventoux-Tom-Simpson-stone-p.jpg\",\"contentUrl\":\"http:\/\/www.grangeventoux.com\/wp-content\/uploads\/2019\/02\/5123665426-Mont-Ventoux-Tom-Simpson-stone-p.jpg\"},{\"@type\":\"BreadcrumbList\",\"@id\":\"https:\/\/www.grangeventoux.com\/?page_id=970&lang=fr#breadcrumb\",\"itemListElement\":[{\"@type\":\"ListItem\",\"position\":1,\"name\":\"Home\",\"item\":\"https:\/\/www.grangeventoux.com\/\"},{\"@type\":\"ListItem\",\"position\":2,\"name\":\"Outdoor\",\"item\":\"https:\/\/www.grangeventoux.com\/?page_id=992&lang=fr\"},{\"@type\":\"ListItem\",\"position\":3,\"name\":\"Cyclisme\"}]},{\"@type\":\"WebSite\",\"@id\":\"https:\/\/www.grangeventoux.com\/#website\",\"url\":\"https:\/\/www.grangeventoux.com\/\",\"name\":\"bienvenue a Grange Ventoux\",\"description\":\"un petit coin de paradis\",\"potentialAction\":[{\"@type\":\"SearchAction\",\"target\":{\"@type\":\"EntryPoint\",\"urlTemplate\":\"https:\/\/www.grangeventoux.com\/?s={search_term_string}\"},\"query-input\":{\"@type\":\"PropertyValueSpecification\",\"valueRequired\":true,\"valueName\":\"search_term_string\"}}],\"inLanguage\":\"nl-BE\"}]}<\/script>\n<!-- \/ Yoast SEO plugin. -->","yoast_head_json":{"title":"Cyclisme - bienvenue a Grange Ventoux","robots":{"index":"index","follow":"follow","max-snippet":"max-snippet:-1","max-image-preview":"max-image-preview:large","max-video-preview":"max-video-preview:-1"},"canonical":"https:\/\/www.grangeventoux.com\/?page_id=970&lang=fr","og_locale":"nl_BE","og_type":"article","og_title":"Cyclisme - bienvenue a Grange Ventoux","og_description":"\u201cLe g\u00e9ant chauve\u201d a attir\u00e9 mon attention maintes fois lors de la l\u00e9gendaire Tour de France avec ses histoires d&#8217;escalade h\u00e9ro\u00efque. M\u00eame les plus grands dieux du cyclisme doivent aller profonds, parfois m\u00eame avec des cons\u00e9quences fatales, telle que celle du champion britannique Tom Simson le 13 juillet 1967. Malgr\u00e9 tout ce que j\u2019avais lu&hellip;","og_url":"https:\/\/www.grangeventoux.com\/?page_id=970&lang=fr","og_site_name":"bienvenue a Grange Ventoux","article_publisher":"https:\/\/www.facebook.com\/grangeventoux\/","article_modified_time":"2019-02-20T23:47:36+00:00","og_image":[{"url":"http:\/\/www.grangeventoux.com\/wp-content\/uploads\/2019\/02\/5123665426-Mont-Ventoux-Tom-Simpson-stone-p.jpg","type":"","width":"","height":""}],"twitter_card":"summary_large_image","twitter_misc":{"Geschatte leestijd":"2 minuten"},"schema":{"@context":"https:\/\/schema.org","@graph":[{"@type":"WebPage","@id":"https:\/\/www.grangeventoux.com\/?page_id=970&lang=fr","url":"https:\/\/www.grangeventoux.com\/?page_id=970&lang=fr","name":"Cyclisme - bienvenue a Grange Ventoux","isPartOf":{"@id":"https:\/\/www.grangeventoux.com\/#website"},"primaryImageOfPage":{"@id":"https:\/\/www.grangeventoux.com\/?page_id=970&lang=fr#primaryimage"},"image":{"@id":"https:\/\/www.grangeventoux.com\/?page_id=970&lang=fr#primaryimage"},"thumbnailUrl":"http:\/\/www.grangeventoux.com\/wp-content\/uploads\/2019\/02\/5123665426-Mont-Ventoux-Tom-Simpson-stone-p.jpg","datePublished":"2019-02-20T23:18:01+00:00","dateModified":"2019-02-20T23:47:36+00:00","breadcrumb":{"@id":"https:\/\/www.grangeventoux.com\/?page_id=970&lang=fr#breadcrumb"},"inLanguage":"nl-BE","potentialAction":[{"@type":"ReadAction","target":["https:\/\/www.grangeventoux.com\/?page_id=970&lang=fr"]}]},{"@type":"ImageObject","inLanguage":"nl-BE","@id":"https:\/\/www.grangeventoux.com\/?page_id=970&lang=fr#primaryimage","url":"http:\/\/www.grangeventoux.com\/wp-content\/uploads\/2019\/02\/5123665426-Mont-Ventoux-Tom-Simpson-stone-p.jpg","contentUrl":"http:\/\/www.grangeventoux.com\/wp-content\/uploads\/2019\/02\/5123665426-Mont-Ventoux-Tom-Simpson-stone-p.jpg"},{"@type":"BreadcrumbList","@id":"https:\/\/www.grangeventoux.com\/?page_id=970&lang=fr#breadcrumb","itemListElement":[{"@type":"ListItem","position":1,"name":"Home","item":"https:\/\/www.grangeventoux.com\/"},{"@type":"ListItem","position":2,"name":"Outdoor","item":"https:\/\/www.grangeventoux.com\/?page_id=992&lang=fr"},{"@type":"ListItem","position":3,"name":"Cyclisme"}]},{"@type":"WebSite","@id":"https:\/\/www.grangeventoux.com\/#website","url":"https:\/\/www.grangeventoux.com\/","name":"bienvenue a Grange Ventoux","description":"un petit coin de paradis","potentialAction":[{"@type":"SearchAction","target":{"@type":"EntryPoint","urlTemplate":"https:\/\/www.grangeventoux.com\/?s={search_term_string}"},"query-input":{"@type":"PropertyValueSpecification","valueRequired":true,"valueName":"search_term_string"}}],"inLanguage":"nl-BE"}]}},"jetpack_sharing_enabled":true,"_links":{"self":[{"href":"https:\/\/www.grangeventoux.com\/index.php?rest_route=\/wp\/v2\/pages\/970","targetHints":{"allow":["GET"]}}],"collection":[{"href":"https:\/\/www.grangeventoux.com\/index.php?rest_route=\/wp\/v2\/pages"}],"about":[{"href":"https:\/\/www.grangeventoux.com\/index.php?rest_route=\/wp\/v2\/types\/page"}],"author":[{"embeddable":true,"href":"https:\/\/www.grangeventoux.com\/index.php?rest_route=\/wp\/v2\/users\/1"}],"replies":[{"embeddable":true,"href":"https:\/\/www.grangeventoux.com\/index.php?rest_route=%2Fwp%2Fv2%2Fcomments&post=970"}],"version-history":[{"count":1,"href":"https:\/\/www.grangeventoux.com\/index.php?rest_route=\/wp\/v2\/pages\/970\/revisions"}],"predecessor-version":[{"id":973,"href":"https:\/\/www.grangeventoux.com\/index.php?rest_route=\/wp\/v2\/pages\/970\/revisions\/973"}],"up":[{"embeddable":true,"href":"https:\/\/www.grangeventoux.com\/index.php?rest_route=\/wp\/v2\/pages\/992"}],"wp:attachment":[{"href":"https:\/\/www.grangeventoux.com\/index.php?rest_route=%2Fwp%2Fv2%2Fmedia&parent=970"}],"curies":[{"name":"wp","href":"https:\/\/api.w.org\/{rel}","templated":true}]}}