{"id":974,"date":"2019-02-20T23:20:32","date_gmt":"2019-02-20T23:20:32","guid":{"rendered":"http:\/\/www.grangeventoux.com\/?page_id=974"},"modified":"2021-07-16T10:33:15","modified_gmt":"2021-07-16T08:33:15","slug":"v-t-t","status":"publish","type":"page","link":"https:\/\/www.grangeventoux.com\/?page_id=974&lang=fr","title":{"rendered":"V.T.T."},"content":{"rendered":"\n<figure class=\"wp-block-gallery columns-2 is-cropped wp-block-gallery-1 is-layout-flex wp-block-gallery-is-layout-flex\"><ul class=\"blocks-gallery-grid\"><li class=\"blocks-gallery-item\"><figure><img loading=\"lazy\" decoding=\"async\" width=\"1024\" height=\"680\" src=\"http:\/\/www.grangeventoux.com\/wp-content\/uploads\/2019\/02\/DSC_0217-2-1024x680-1024x680.jpg\" alt=\"\" data-id=\"975\" data-link=\"http:\/\/www.grangeventoux.com\/?attachment_id=975#main\" class=\"wp-image-975\" srcset=\"https:\/\/www.grangeventoux.com\/wp-content\/uploads\/2019\/02\/DSC_0217-2-1024x680.jpg 1024w, https:\/\/www.grangeventoux.com\/wp-content\/uploads\/2019\/02\/DSC_0217-2-1024x680-300x199.jpg 300w, https:\/\/www.grangeventoux.com\/wp-content\/uploads\/2019\/02\/DSC_0217-2-1024x680-768x510.jpg 768w, https:\/\/www.grangeventoux.com\/wp-content\/uploads\/2019\/02\/DSC_0217-2-1024x680-800x531.jpg 800w, https:\/\/www.grangeventoux.com\/wp-content\/uploads\/2019\/02\/DSC_0217-2-1024x680-600x398.jpg 600w\" sizes=\"auto, (max-width: 1024px) 100vw, 1024px\" \/><\/figure><\/li><li class=\"blocks-gallery-item\"><figure><img loading=\"lazy\" decoding=\"async\" width=\"1024\" height=\"550\" src=\"http:\/\/www.grangeventoux.com\/wp-content\/uploads\/2019\/02\/DSC_0234-1024x550-1024x550.jpg\" alt=\"\" data-id=\"976\" data-link=\"http:\/\/www.grangeventoux.com\/?attachment_id=976#main\" class=\"wp-image-976\" srcset=\"https:\/\/www.grangeventoux.com\/wp-content\/uploads\/2019\/02\/DSC_0234-1024x550.jpg 1024w, https:\/\/www.grangeventoux.com\/wp-content\/uploads\/2019\/02\/DSC_0234-1024x550-300x161.jpg 300w, https:\/\/www.grangeventoux.com\/wp-content\/uploads\/2019\/02\/DSC_0234-1024x550-768x413.jpg 768w, https:\/\/www.grangeventoux.com\/wp-content\/uploads\/2019\/02\/DSC_0234-1024x550-800x430.jpg 800w, https:\/\/www.grangeventoux.com\/wp-content\/uploads\/2019\/02\/DSC_0234-1024x550-600x322.jpg 600w\" sizes=\"auto, (max-width: 1024px) 100vw, 1024px\" \/><\/figure><\/li><li class=\"blocks-gallery-item\"><figure><img loading=\"lazy\" decoding=\"async\" width=\"1024\" height=\"680\" src=\"http:\/\/www.grangeventoux.com\/wp-content\/uploads\/2019\/02\/DSC_0258-1024x680-1024x680.jpg\" alt=\"\" data-id=\"977\" data-link=\"http:\/\/www.grangeventoux.com\/?attachment_id=977#main\" class=\"wp-image-977\" srcset=\"https:\/\/www.grangeventoux.com\/wp-content\/uploads\/2019\/02\/DSC_0258-1024x680.jpg 1024w, https:\/\/www.grangeventoux.com\/wp-content\/uploads\/2019\/02\/DSC_0258-1024x680-300x199.jpg 300w, https:\/\/www.grangeventoux.com\/wp-content\/uploads\/2019\/02\/DSC_0258-1024x680-768x510.jpg 768w, https:\/\/www.grangeventoux.com\/wp-content\/uploads\/2019\/02\/DSC_0258-1024x680-800x531.jpg 800w, https:\/\/www.grangeventoux.com\/wp-content\/uploads\/2019\/02\/DSC_0258-1024x680-600x398.jpg 600w\" sizes=\"auto, (max-width: 1024px) 100vw, 1024px\" \/><\/figure><\/li><\/ul><\/figure>\n\n\n\n<p>Faites&#8211;vous du cross-country. Ou \u00eates-vous plust\u00f4t enduro ou downhiller? Chez nous, il y a pour tous les go\u00fbts! Le parcours balis\u00e9 a \u00e9t\u00e9 mis \u00e0 jour durant l\u2019\u00e9t\u00e9 2018.<\/p>\n\n\n\n<p>Derri\u00e8re notre terrasse vous \u00eates de suite sur le parcours VTT N \u00b0 12: une piste id\u00e9ale qui vous permet de s\u2019 habituer \u00e0 la structure du sol et au terrain sp\u00e9cifique. <\/p>\n\n\n\n<figure class=\"wp-block-gallery columns-2 is-cropped wp-block-gallery-2 is-layout-flex wp-block-gallery-is-layout-flex\"><ul class=\"blocks-gallery-grid\"><li class=\"blocks-gallery-item\"><figure><img loading=\"lazy\" decoding=\"async\" width=\"1024\" height=\"680\" src=\"http:\/\/www.grangeventoux.com\/wp-content\/uploads\/2019\/02\/DSC_1379-1024x680-1024x680.jpg\" alt=\"\" data-id=\"1615\" data-link=\"http:\/\/www.grangeventoux.com\/?attachment_id=1615#main\" class=\"wp-image-1615\" srcset=\"https:\/\/www.grangeventoux.com\/wp-content\/uploads\/2019\/02\/DSC_1379-1024x680.jpg 1024w, https:\/\/www.grangeventoux.com\/wp-content\/uploads\/2019\/02\/DSC_1379-1024x680-300x199.jpg 300w, https:\/\/www.grangeventoux.com\/wp-content\/uploads\/2019\/02\/DSC_1379-1024x680-768x510.jpg 768w, https:\/\/www.grangeventoux.com\/wp-content\/uploads\/2019\/02\/DSC_1379-1024x680-800x531.jpg 800w, https:\/\/www.grangeventoux.com\/wp-content\/uploads\/2019\/02\/DSC_1379-1024x680-600x398.jpg 600w\" sizes=\"auto, (max-width: 1024px) 100vw, 1024px\" \/><\/figure><\/li><li class=\"blocks-gallery-item\"><figure><img loading=\"lazy\" decoding=\"async\" width=\"1024\" height=\"562\" src=\"http:\/\/www.grangeventoux.com\/wp-content\/uploads\/2019\/02\/DSC_0086-1024x562-1024x562.jpg\" alt=\"\" data-id=\"1614\" data-link=\"http:\/\/www.grangeventoux.com\/?attachment_id=1614#main\" class=\"wp-image-1614\" srcset=\"https:\/\/www.grangeventoux.com\/wp-content\/uploads\/2019\/02\/DSC_0086-1024x562.jpg 1024w, https:\/\/www.grangeventoux.com\/wp-content\/uploads\/2019\/02\/DSC_0086-1024x562-300x165.jpg 300w, https:\/\/www.grangeventoux.com\/wp-content\/uploads\/2019\/02\/DSC_0086-1024x562-768x422.jpg 768w, https:\/\/www.grangeventoux.com\/wp-content\/uploads\/2019\/02\/DSC_0086-1024x562-800x439.jpg 800w, https:\/\/www.grangeventoux.com\/wp-content\/uploads\/2019\/02\/DSC_0086-1024x562-600x329.jpg 600w\" sizes=\"auto, (max-width: 1024px) 100vw, 1024px\" \/><\/figure><\/li><\/ul><\/figure>\n\n\n\n<p>Au dessous du sommet du Ventoux il y a un parc \u00e0 v\u00e9los avec plusieurs possibilit\u00e9s d\u2019enduro. Pour les coureurs de marathon, nous vous recommandons la travers\u00e9e de Vaucluse, bonne pour 10 000 altim\u00e8tres et 400 km de distance. C\u2019est un circuit tr\u00e8s vari\u00e9 qui vous emm\u00e8ne le long du Mont Ventoux, les Dentelles de Montmirail, la Vaucluse et le Luberon. Bon pour 10 000 m\u00e8tres d&#8217;altitude et 400 km de plaisir de v\u00e9lo de montagne au coeur de la Provence. Notre Grange Ventoux Monieux est situ\u00e9 au milieu de cette belle tourn\u00e9e!!<\/p>\n\n\n\n<figure class=\"wp-block-image\"><a href=\"http:\/\/www.grangeventoux.com\/wp-content\/uploads\/2019\/02\/DSC_1106.jpg\" target=\"_blank\" rel=\"noreferrer noopener\"><img loading=\"lazy\" decoding=\"async\" width=\"1024\" height=\"680\" src=\"http:\/\/www.grangeventoux.com\/wp-content\/uploads\/2019\/02\/DSC_1106-1024x680.jpg\" alt=\"\" class=\"wp-image-980\" srcset=\"https:\/\/www.grangeventoux.com\/wp-content\/uploads\/2019\/02\/DSC_1106-1024x680.jpg 1024w, https:\/\/www.grangeventoux.com\/wp-content\/uploads\/2019\/02\/DSC_1106-300x199.jpg 300w, https:\/\/www.grangeventoux.com\/wp-content\/uploads\/2019\/02\/DSC_1106-768x510.jpg 768w, https:\/\/www.grangeventoux.com\/wp-content\/uploads\/2019\/02\/DSC_1106-800x531.jpg 800w, https:\/\/www.grangeventoux.com\/wp-content\/uploads\/2019\/02\/DSC_1106-600x399.jpg 600w\" sizes=\"auto, (max-width: 1024px) 100vw, 1024px\" \/><\/a><\/figure>\n\n\n\n<p><\/p>\n\n\n\n<figure class=\"wp-block-gallery columns-0 is-cropped wp-block-gallery-3 is-layout-flex wp-block-gallery-is-layout-flex\"><ul class=\"blocks-gallery-grid\"><\/ul><\/figure>\n\n\n\n<p>Grange Ventoux peut prendre contact avec Ventoux Bike Trips et si n\u00e9cessaire nous pouvons vous proposer des ravitaillements dans un transvaucluse ou un transport vers les plus belles pistes simples de la r\u00e9gion.<\/p>\n","protected":false},"excerpt":{"rendered":"<p>Faites&#8211;vous du cross-country. Ou \u00eates-vous plust\u00f4t enduro ou downhiller? Chez nous, il y a pour tous les go\u00fbts! Le parcours balis\u00e9 a \u00e9t\u00e9 mis \u00e0 jour durant l\u2019\u00e9t\u00e9 2018. Derri\u00e8re notre terrasse vous \u00eates de suite sur le parcours VTT N \u00b0 12: une piste id\u00e9ale qui vous permet de s\u2019 habituer \u00e0 la structure&hellip;<\/p>\n","protected":false},"author":1,"featured_media":0,"parent":992,"menu_order":2,"comment_status":"closed","ping_status":"closed","template":"","meta":{"footnotes":""},"class_list":["post-974","page","type-page","status-publish","hentry"],"yoast_head":"<!-- This site is optimized with the Yoast SEO plugin v24.9 - https:\/\/yoast.com\/wordpress\/plugins\/seo\/ -->\n<title>V.T.T. - bienvenue a Grange Ventoux<\/title>\n<meta name=\"robots\" content=\"index, follow, max-snippet:-1, max-image-preview:large, max-video-preview:-1\" \/>\n<link rel=\"canonical\" href=\"https:\/\/www.grangeventoux.com\/?page_id=974&lang=fr\" \/>\n<meta property=\"og:locale\" content=\"nl_BE\" \/>\n<meta property=\"og:type\" content=\"article\" \/>\n<meta property=\"og:title\" content=\"V.T.T. - bienvenue a Grange Ventoux\" \/>\n<meta property=\"og:description\" content=\"Faites&#8211;vous du cross-country. Ou \u00eates-vous plust\u00f4t enduro ou downhiller? Chez nous, il y a pour tous les go\u00fbts! Le parcours balis\u00e9 a \u00e9t\u00e9 mis \u00e0 jour durant l\u2019\u00e9t\u00e9 2018. Derri\u00e8re notre terrasse vous \u00eates de suite sur le parcours VTT N \u00b0 12: une piste id\u00e9ale qui vous permet de s\u2019 habituer \u00e0 la structure&hellip;\" \/>\n<meta property=\"og:url\" content=\"https:\/\/www.grangeventoux.com\/?page_id=974&amp;lang=fr\" \/>\n<meta property=\"og:site_name\" content=\"bienvenue a Grange Ventoux\" \/>\n<meta property=\"article:publisher\" content=\"https:\/\/www.facebook.com\/grangeventoux\/\" \/>\n<meta property=\"article:modified_time\" content=\"2021-07-16T08:33:15+00:00\" \/>\n<meta property=\"og:image\" content=\"http:\/\/www.grangeventoux.com\/wp-content\/uploads\/2019\/02\/DSC_0217-2-1024x680-1024x680.jpg\" \/>\n<meta name=\"twitter:card\" content=\"summary_large_image\" \/>\n<meta name=\"twitter:label1\" content=\"Geschatte leestijd\" \/>\n\t<meta name=\"twitter:data1\" content=\"3 minuten\" \/>\n<script type=\"application\/ld+json\" class=\"yoast-schema-graph\">{\"@context\":\"https:\/\/schema.org\",\"@graph\":[{\"@type\":\"WebPage\",\"@id\":\"https:\/\/www.grangeventoux.com\/?page_id=974&lang=fr\",\"url\":\"https:\/\/www.grangeventoux.com\/?page_id=974&lang=fr\",\"name\":\"V.T.T. - bienvenue a Grange Ventoux\",\"isPartOf\":{\"@id\":\"https:\/\/www.grangeventoux.com\/#website\"},\"primaryImageOfPage\":{\"@id\":\"https:\/\/www.grangeventoux.com\/?page_id=974&lang=fr#primaryimage\"},\"image\":{\"@id\":\"https:\/\/www.grangeventoux.com\/?page_id=974&lang=fr#primaryimage\"},\"thumbnailUrl\":\"http:\/\/www.grangeventoux.com\/wp-content\/uploads\/2019\/02\/DSC_0217-2-1024x680-1024x680.jpg\",\"datePublished\":\"2019-02-20T23:20:32+00:00\",\"dateModified\":\"2021-07-16T08:33:15+00:00\",\"breadcrumb\":{\"@id\":\"https:\/\/www.grangeventoux.com\/?page_id=974&lang=fr#breadcrumb\"},\"inLanguage\":\"nl-BE\",\"potentialAction\":[{\"@type\":\"ReadAction\",\"target\":[\"https:\/\/www.grangeventoux.com\/?page_id=974&lang=fr\"]}]},{\"@type\":\"ImageObject\",\"inLanguage\":\"nl-BE\",\"@id\":\"https:\/\/www.grangeventoux.com\/?page_id=974&lang=fr#primaryimage\",\"url\":\"https:\/\/www.grangeventoux.com\/wp-content\/uploads\/2019\/02\/DSC_0217-2-1024x680.jpg\",\"contentUrl\":\"https:\/\/www.grangeventoux.com\/wp-content\/uploads\/2019\/02\/DSC_0217-2-1024x680.jpg\",\"width\":1024,\"height\":680},{\"@type\":\"BreadcrumbList\",\"@id\":\"https:\/\/www.grangeventoux.com\/?page_id=974&lang=fr#breadcrumb\",\"itemListElement\":[{\"@type\":\"ListItem\",\"position\":1,\"name\":\"Home\",\"item\":\"https:\/\/www.grangeventoux.com\/\"},{\"@type\":\"ListItem\",\"position\":2,\"name\":\"Outdoor\",\"item\":\"https:\/\/www.grangeventoux.com\/?page_id=992&lang=fr\"},{\"@type\":\"ListItem\",\"position\":3,\"name\":\"V.T.T.\"}]},{\"@type\":\"WebSite\",\"@id\":\"https:\/\/www.grangeventoux.com\/#website\",\"url\":\"https:\/\/www.grangeventoux.com\/\",\"name\":\"bienvenue a Grange Ventoux\",\"description\":\"un petit coin de paradis\",\"potentialAction\":[{\"@type\":\"SearchAction\",\"target\":{\"@type\":\"EntryPoint\",\"urlTemplate\":\"https:\/\/www.grangeventoux.com\/?s={search_term_string}\"},\"query-input\":{\"@type\":\"PropertyValueSpecification\",\"valueRequired\":true,\"valueName\":\"search_term_string\"}}],\"inLanguage\":\"nl-BE\"}]}<\/script>\n<!-- \/ Yoast SEO plugin. -->","yoast_head_json":{"title":"V.T.T. - bienvenue a Grange Ventoux","robots":{"index":"index","follow":"follow","max-snippet":"max-snippet:-1","max-image-preview":"max-image-preview:large","max-video-preview":"max-video-preview:-1"},"canonical":"https:\/\/www.grangeventoux.com\/?page_id=974&lang=fr","og_locale":"nl_BE","og_type":"article","og_title":"V.T.T. - bienvenue a Grange Ventoux","og_description":"Faites&#8211;vous du cross-country. Ou \u00eates-vous plust\u00f4t enduro ou downhiller? Chez nous, il y a pour tous les go\u00fbts! Le parcours balis\u00e9 a \u00e9t\u00e9 mis \u00e0 jour durant l\u2019\u00e9t\u00e9 2018. Derri\u00e8re notre terrasse vous \u00eates de suite sur le parcours VTT N \u00b0 12: une piste id\u00e9ale qui vous permet de s\u2019 habituer \u00e0 la structure&hellip;","og_url":"https:\/\/www.grangeventoux.com\/?page_id=974&lang=fr","og_site_name":"bienvenue a Grange Ventoux","article_publisher":"https:\/\/www.facebook.com\/grangeventoux\/","article_modified_time":"2021-07-16T08:33:15+00:00","og_image":[{"url":"http:\/\/www.grangeventoux.com\/wp-content\/uploads\/2019\/02\/DSC_0217-2-1024x680-1024x680.jpg","type":"","width":"","height":""}],"twitter_card":"summary_large_image","twitter_misc":{"Geschatte leestijd":"3 minuten"},"schema":{"@context":"https:\/\/schema.org","@graph":[{"@type":"WebPage","@id":"https:\/\/www.grangeventoux.com\/?page_id=974&lang=fr","url":"https:\/\/www.grangeventoux.com\/?page_id=974&lang=fr","name":"V.T.T. - bienvenue a Grange Ventoux","isPartOf":{"@id":"https:\/\/www.grangeventoux.com\/#website"},"primaryImageOfPage":{"@id":"https:\/\/www.grangeventoux.com\/?page_id=974&lang=fr#primaryimage"},"image":{"@id":"https:\/\/www.grangeventoux.com\/?page_id=974&lang=fr#primaryimage"},"thumbnailUrl":"http:\/\/www.grangeventoux.com\/wp-content\/uploads\/2019\/02\/DSC_0217-2-1024x680-1024x680.jpg","datePublished":"2019-02-20T23:20:32+00:00","dateModified":"2021-07-16T08:33:15+00:00","breadcrumb":{"@id":"https:\/\/www.grangeventoux.com\/?page_id=974&lang=fr#breadcrumb"},"inLanguage":"nl-BE","potentialAction":[{"@type":"ReadAction","target":["https:\/\/www.grangeventoux.com\/?page_id=974&lang=fr"]}]},{"@type":"ImageObject","inLanguage":"nl-BE","@id":"https:\/\/www.grangeventoux.com\/?page_id=974&lang=fr#primaryimage","url":"https:\/\/www.grangeventoux.com\/wp-content\/uploads\/2019\/02\/DSC_0217-2-1024x680.jpg","contentUrl":"https:\/\/www.grangeventoux.com\/wp-content\/uploads\/2019\/02\/DSC_0217-2-1024x680.jpg","width":1024,"height":680},{"@type":"BreadcrumbList","@id":"https:\/\/www.grangeventoux.com\/?page_id=974&lang=fr#breadcrumb","itemListElement":[{"@type":"ListItem","position":1,"name":"Home","item":"https:\/\/www.grangeventoux.com\/"},{"@type":"ListItem","position":2,"name":"Outdoor","item":"https:\/\/www.grangeventoux.com\/?page_id=992&lang=fr"},{"@type":"ListItem","position":3,"name":"V.T.T."}]},{"@type":"WebSite","@id":"https:\/\/www.grangeventoux.com\/#website","url":"https:\/\/www.grangeventoux.com\/","name":"bienvenue a Grange Ventoux","description":"un petit coin de paradis","potentialAction":[{"@type":"SearchAction","target":{"@type":"EntryPoint","urlTemplate":"https:\/\/www.grangeventoux.com\/?s={search_term_string}"},"query-input":{"@type":"PropertyValueSpecification","valueRequired":true,"valueName":"search_term_string"}}],"inLanguage":"nl-BE"}]}},"jetpack_sharing_enabled":true,"_links":{"self":[{"href":"https:\/\/www.grangeventoux.com\/index.php?rest_route=\/wp\/v2\/pages\/974","targetHints":{"allow":["GET"]}}],"collection":[{"href":"https:\/\/www.grangeventoux.com\/index.php?rest_route=\/wp\/v2\/pages"}],"about":[{"href":"https:\/\/www.grangeventoux.com\/index.php?rest_route=\/wp\/v2\/types\/page"}],"author":[{"embeddable":true,"href":"https:\/\/www.grangeventoux.com\/index.php?rest_route=\/wp\/v2\/users\/1"}],"replies":[{"embeddable":true,"href":"https:\/\/www.grangeventoux.com\/index.php?rest_route=%2Fwp%2Fv2%2Fcomments&post=974"}],"version-history":[{"count":6,"href":"https:\/\/www.grangeventoux.com\/index.php?rest_route=\/wp\/v2\/pages\/974\/revisions"}],"predecessor-version":[{"id":2390,"href":"https:\/\/www.grangeventoux.com\/index.php?rest_route=\/wp\/v2\/pages\/974\/revisions\/2390"}],"up":[{"embeddable":true,"href":"https:\/\/www.grangeventoux.com\/index.php?rest_route=\/wp\/v2\/pages\/992"}],"wp:attachment":[{"href":"https:\/\/www.grangeventoux.com\/index.php?rest_route=%2Fwp%2Fv2%2Fmedia&parent=974"}],"curies":[{"name":"wp","href":"https:\/\/api.w.org\/{rel}","templated":true}]}}