{"id":982,"date":"2019-02-20T23:32:32","date_gmt":"2019-02-20T23:32:32","guid":{"rendered":"http:\/\/www.grangeventoux.com\/?page_id=982"},"modified":"2019-02-25T13:52:40","modified_gmt":"2019-02-25T13:52:40","slug":"escalade","status":"publish","type":"page","link":"https:\/\/www.grangeventoux.com\/?page_id=982&lang=fr","title":{"rendered":"Escalade"},"content":{"rendered":"\n<ul class=\"wp-block-gallery columns-3 is-cropped wp-block-gallery-1 is-layout-flex wp-block-gallery-is-layout-flex\"><li class=\"blocks-gallery-item\"><figure><a href=\"http:\/\/www.grangeventoux.com\/wp-content\/uploads\/2019\/02\/DSC_0511-1024x680-1024x680.jpg\"><img loading=\"lazy\" decoding=\"async\" width=\"1024\" height=\"680\" src=\"http:\/\/www.grangeventoux.com\/wp-content\/uploads\/2019\/02\/DSC_0511-1024x680-1024x680.jpg\" alt=\"\" data-id=\"987\" data-link=\"http:\/\/www.grangeventoux.com\/?attachment_id=987#main\" class=\"wp-image-987\" srcset=\"https:\/\/www.grangeventoux.com\/wp-content\/uploads\/2019\/02\/DSC_0511-1024x680.jpg 1024w, https:\/\/www.grangeventoux.com\/wp-content\/uploads\/2019\/02\/DSC_0511-1024x680-300x199.jpg 300w, https:\/\/www.grangeventoux.com\/wp-content\/uploads\/2019\/02\/DSC_0511-1024x680-768x510.jpg 768w, https:\/\/www.grangeventoux.com\/wp-content\/uploads\/2019\/02\/DSC_0511-1024x680-800x531.jpg 800w, https:\/\/www.grangeventoux.com\/wp-content\/uploads\/2019\/02\/DSC_0511-1024x680-600x398.jpg 600w\" sizes=\"auto, (max-width: 1024px) 100vw, 1024px\" \/><\/a><\/figure><\/li><li class=\"blocks-gallery-item\"><figure><a href=\"http:\/\/www.grangeventoux.com\/wp-content\/uploads\/2019\/02\/DSC_0526-1024x680-1024x680.jpg\"><img loading=\"lazy\" decoding=\"async\" width=\"1024\" height=\"680\" src=\"http:\/\/www.grangeventoux.com\/wp-content\/uploads\/2019\/02\/DSC_0526-1024x680-1024x680.jpg\" alt=\"\" data-id=\"985\" data-link=\"http:\/\/www.grangeventoux.com\/?attachment_id=985#main\" class=\"wp-image-985\" srcset=\"https:\/\/www.grangeventoux.com\/wp-content\/uploads\/2019\/02\/DSC_0526-1024x680.jpg 1024w, https:\/\/www.grangeventoux.com\/wp-content\/uploads\/2019\/02\/DSC_0526-1024x680-300x199.jpg 300w, https:\/\/www.grangeventoux.com\/wp-content\/uploads\/2019\/02\/DSC_0526-1024x680-768x510.jpg 768w, https:\/\/www.grangeventoux.com\/wp-content\/uploads\/2019\/02\/DSC_0526-1024x680-800x531.jpg 800w, https:\/\/www.grangeventoux.com\/wp-content\/uploads\/2019\/02\/DSC_0526-1024x680-600x398.jpg 600w\" sizes=\"auto, (max-width: 1024px) 100vw, 1024px\" \/><\/a><\/figure><\/li><li class=\"blocks-gallery-item\"><figure><a href=\"http:\/\/www.grangeventoux.com\/wp-content\/uploads\/2019\/02\/DSC_0542-680x1024-680x1024.jpg\"><img loading=\"lazy\" decoding=\"async\" width=\"680\" height=\"1024\" src=\"http:\/\/www.grangeventoux.com\/wp-content\/uploads\/2019\/02\/DSC_0542-680x1024-680x1024.jpg\" alt=\"\" data-id=\"986\" data-link=\"http:\/\/www.grangeventoux.com\/?attachment_id=986#main\" class=\"wp-image-986\" srcset=\"https:\/\/www.grangeventoux.com\/wp-content\/uploads\/2019\/02\/DSC_0542-680x1024.jpg 680w, https:\/\/www.grangeventoux.com\/wp-content\/uploads\/2019\/02\/DSC_0542-680x1024-199x300.jpg 199w, https:\/\/www.grangeventoux.com\/wp-content\/uploads\/2019\/02\/DSC_0542-680x1024-600x904.jpg 600w\" sizes=\"auto, (max-width: 680px) 100vw, 680px\" \/><\/a><\/figure><\/li><\/ul>\n\n\n\n<p>En montant le Luberon, vous \u00eates au coeur de l&#8217;escalade sportive fran\u00e7aise; les massifs de base de Patrick Edlinger &amp; co. C\u2019\u00e9tait un des premiers grimpeurs \u00e0 faire du 8\u00e8me degr\u00e9 \u00e0 Buoux. L&#8217;histoire de l\u2019escalade a \u00e9t\u00e9 \u00e9crite ici. Edlinger grimpait souvent seul et il est connu au grand public avec le film &#8220;La vie au bout des doigts&#8221;. Autour du Ventoux, vous trouverez 52 massifs \u00e9quip\u00e9s. Je donne quelques explications des zones int\u00e9ressantes les plus proches.<\/p>\n\n\n\n<p><strong>Gorges de la Nesque <\/strong>distance 1,5 km <br>Notre massif d\u2019accueil! <br>Une tr\u00e8s belle gorge avec les itin\u00e9raires r\u00e9cemment d\u00e9velopp\u00e9s. Un lieu d&#8217;escalade o\u00f9 la plupart des habitants ont leurs projets. Il n\u2019y a pas encore de topo car elle fait partie de Natura 2000. Vous pouvez monter ici mais pas en groupe. Respectez l&#8217;environnement lorsque vous grimpez ici et profitez de ce lieu de nature pure. Vous pouvez obtenir des informations sur les itin\u00e9raires et les degr\u00e9s chez nous.. <br>NOMBRE DE ROUTES: 46 <br>ORIENTATION: SUD EST <br>NIVEAU: 5B \u00c0 8C<br><br><strong> Saint L\u00e9ger du Ventoux<\/strong> distance 30km <br>Situ\u00e9 \u00e0 l&#8217;ombre du Mont Ventoux il est un des meilleures zones d&#8217;escalade sportives de France. Surtout au printemps et en automne, vous pouvez grimper \u00e0 la perfection sur de la roche calcaire permanente en surplomb color\u00e9e. Les environs sont magnifiques. Vous montez dans les gorges du Toulourenc avec son eaux vert \u00e9meraude. C\u2019est une perle cach\u00e9e de la nature o\u00f9 c\u2019est super calme. <br>NOMBRE DE ROUTES: 500 <br>ORIENTATION: TOUT <br>NIVEAU: 6A \u00c0 9B (mais surtout routes \u00e0 7 degr\u00e9s) <br><br><strong>B\u00e9doin Combre Obscure <\/strong>distance 27km <br>C\u2019est une petite vall\u00e9e, magnifiquement situ\u00e9 sur le flanc du c\u00f4t\u00e9 sud du Ventoux. C\u2019est une belle roche droite en plein soleil. Un massif vraiment familial avec des itin\u00e9raires de 6 degr\u00e9s. <br>NOMBRE DE ROUTES: 100 <br>ORIENTATION: SUD <br>NIVEAU: 4A \u00c0 7C + <br><br><strong>MALAUCENE ROCHER DU GROSEAU<\/strong> distance 46km <br>C&#8217;est le \u201cFrankenjura\u201d fran\u00e7ais. C\u2019est ici donc que vous grimpez les doigts dans les poches sur une falaise compact en calcaire et parfaitement nette\u2026 Class\u00e9 dur aux normes fran\u00e7aises et difficilement \u00e0 grimper \u201c\u00e0 vue\u201d. \u00c0 proximit\u00e9, vous avez une source et une bel aire de pique-nique. <br>NOMBRE DE ROUTES: 65 <br>ORIENTATION: NORD OUEST <br>NIVEAU: 4C \u00e0 8B <br><br><strong>VENASQUES <\/strong>distance 35 km <br>Magnifique massif de gr\u00e8s sous un village pittoresque, situ\u00e9 parmi les vignobles ombrag\u00e9s. Vous grimpez sur de tr\u00e8s fines plaques de gr\u00e8s en couches. Cela fait une combinaison entre Berdof et Fonainebleau. Tr\u00e8s facilement accessible. ! <br>NOMBRE DE ROUTES: 400 <br>ORIENTATION: TOUT <br>NIVEAU: 5B \u00c0 8A <br><br><strong>BUOUX <\/strong>distance 38 km <br>Tr\u00e8s bien situ\u00e9 dans une gorge avec de vieux ch\u00eanes. Ici l\u2019automne est magnifique. Vous grimpez sur du calcaire et du gr\u00e8s tr\u00e8s compacts et color\u00e9s, avec des livres de poche et des gouttes. Un style typique, strictement calibr\u00e9 vieille \u00e9cole.! Dans les ann\u00e9es 80 et 90 ce quartier \u00e9tait tr\u00e8s occup\u00e9. La paix est revenu cependant! <br>NOMBRE DE ROUTES: 500 <br>ORIENTATION: TOUT <br>NIVEAU: 5B \u00c0 8C <br><br><strong>DENTELLES DE MONTMIRAIL<\/strong> distance 46 km <br>Une longue lime calcaire entre les vignobles de Gigondas o\u00f9 l\u2019on se sent vraiment \u00e0 la montagne malgr\u00e9 la basse altitude. Les plus longues voies d&#8217;escalade vont de 80 \u00e0 100m. Un vrai massif \u00e0 grimper pendant l\u2019hivers. NOMBRE DE ROUTES: 800<br>ORIENTATION: SUD ET NORD <br>NIVEAU: 3C \u00e0 8B <br><br><strong>BUIS-LES-BARONNIES<\/strong> distance 42 km <br>Massif tr\u00e8s facilement accessible pour tout le monde. Divis\u00e9 en diff\u00e9rents secteurs: Ubrieux, Lou Passe, Baume Rousse, Rocher Saint Julien. Ici aussi, vous pouvez grimper tout au long de l\u2019ann\u00e9e. C\u2019est l\u2019\u00e9cole d&#8217;escalade id\u00e9ale! NOMBRE D&#8217;ITIN\u00c9RAIRES: 600 <br>ORIENTATION: TOUT <br>NIVEAU: 3A \u00c0 8B +<\/p>\n","protected":false},"excerpt":{"rendered":"<p>En montant le Luberon, vous \u00eates au coeur de l&#8217;escalade sportive fran\u00e7aise; les massifs de base de Patrick Edlinger &amp; co. C\u2019\u00e9tait un des premiers grimpeurs \u00e0 faire du 8\u00e8me degr\u00e9 \u00e0 Buoux. L&#8217;histoire de l\u2019escalade a \u00e9t\u00e9 \u00e9crite ici. Edlinger grimpait souvent seul et il est connu au grand public avec le film &#8220;La&hellip;<\/p>\n","protected":false},"author":1,"featured_media":0,"parent":992,"menu_order":3,"comment_status":"closed","ping_status":"closed","template":"","meta":{"footnotes":""},"class_list":["post-982","page","type-page","status-publish","hentry"],"yoast_head":"<!-- This site is optimized with the Yoast SEO plugin v24.9 - https:\/\/yoast.com\/wordpress\/plugins\/seo\/ -->\n<title>Escalade - bienvenue a Grange Ventoux<\/title>\n<meta name=\"robots\" content=\"index, follow, max-snippet:-1, max-image-preview:large, max-video-preview:-1\" \/>\n<link rel=\"canonical\" href=\"https:\/\/www.grangeventoux.com\/?page_id=982&lang=fr\" \/>\n<meta property=\"og:locale\" content=\"nl_BE\" \/>\n<meta property=\"og:type\" content=\"article\" \/>\n<meta property=\"og:title\" content=\"Escalade - bienvenue a Grange Ventoux\" \/>\n<meta property=\"og:description\" content=\"En montant le Luberon, vous \u00eates au coeur de l&#8217;escalade sportive fran\u00e7aise; les massifs de base de Patrick Edlinger &amp; co. C\u2019\u00e9tait un des premiers grimpeurs \u00e0 faire du 8\u00e8me degr\u00e9 \u00e0 Buoux. L&#8217;histoire de l\u2019escalade a \u00e9t\u00e9 \u00e9crite ici. Edlinger grimpait souvent seul et il est connu au grand public avec le film &#8220;La&hellip;\" \/>\n<meta property=\"og:url\" content=\"https:\/\/www.grangeventoux.com\/?page_id=982&amp;lang=fr\" \/>\n<meta property=\"og:site_name\" content=\"bienvenue a Grange Ventoux\" \/>\n<meta property=\"article:publisher\" content=\"https:\/\/www.facebook.com\/grangeventoux\/\" \/>\n<meta property=\"article:modified_time\" content=\"2019-02-25T13:52:40+00:00\" \/>\n<meta property=\"og:image\" content=\"http:\/\/www.grangeventoux.com\/wp-content\/uploads\/2019\/02\/DSC_0511-1024x680-1024x680.jpg\" \/>\n<meta name=\"twitter:card\" content=\"summary_large_image\" \/>\n<meta name=\"twitter:label1\" content=\"Geschatte leestijd\" \/>\n\t<meta name=\"twitter:data1\" content=\"3 minuten\" \/>\n<script type=\"application\/ld+json\" class=\"yoast-schema-graph\">{\"@context\":\"https:\/\/schema.org\",\"@graph\":[{\"@type\":\"WebPage\",\"@id\":\"https:\/\/www.grangeventoux.com\/?page_id=982&lang=fr\",\"url\":\"https:\/\/www.grangeventoux.com\/?page_id=982&lang=fr\",\"name\":\"Escalade - bienvenue a Grange Ventoux\",\"isPartOf\":{\"@id\":\"https:\/\/www.grangeventoux.com\/#website\"},\"primaryImageOfPage\":{\"@id\":\"https:\/\/www.grangeventoux.com\/?page_id=982&lang=fr#primaryimage\"},\"image\":{\"@id\":\"https:\/\/www.grangeventoux.com\/?page_id=982&lang=fr#primaryimage\"},\"thumbnailUrl\":\"http:\/\/www.grangeventoux.com\/wp-content\/uploads\/2019\/02\/DSC_0511-1024x680-1024x680.jpg\",\"datePublished\":\"2019-02-20T23:32:32+00:00\",\"dateModified\":\"2019-02-25T13:52:40+00:00\",\"breadcrumb\":{\"@id\":\"https:\/\/www.grangeventoux.com\/?page_id=982&lang=fr#breadcrumb\"},\"inLanguage\":\"nl-BE\",\"potentialAction\":[{\"@type\":\"ReadAction\",\"target\":[\"https:\/\/www.grangeventoux.com\/?page_id=982&lang=fr\"]}]},{\"@type\":\"ImageObject\",\"inLanguage\":\"nl-BE\",\"@id\":\"https:\/\/www.grangeventoux.com\/?page_id=982&lang=fr#primaryimage\",\"url\":\"http:\/\/www.grangeventoux.com\/wp-content\/uploads\/2019\/02\/DSC_0511-1024x680-1024x680.jpg\",\"contentUrl\":\"http:\/\/www.grangeventoux.com\/wp-content\/uploads\/2019\/02\/DSC_0511-1024x680-1024x680.jpg\"},{\"@type\":\"BreadcrumbList\",\"@id\":\"https:\/\/www.grangeventoux.com\/?page_id=982&lang=fr#breadcrumb\",\"itemListElement\":[{\"@type\":\"ListItem\",\"position\":1,\"name\":\"Home\",\"item\":\"https:\/\/www.grangeventoux.com\/\"},{\"@type\":\"ListItem\",\"position\":2,\"name\":\"Outdoor\",\"item\":\"https:\/\/www.grangeventoux.com\/?page_id=992&lang=fr\"},{\"@type\":\"ListItem\",\"position\":3,\"name\":\"Escalade\"}]},{\"@type\":\"WebSite\",\"@id\":\"https:\/\/www.grangeventoux.com\/#website\",\"url\":\"https:\/\/www.grangeventoux.com\/\",\"name\":\"bienvenue a Grange Ventoux\",\"description\":\"un petit coin de paradis\",\"potentialAction\":[{\"@type\":\"SearchAction\",\"target\":{\"@type\":\"EntryPoint\",\"urlTemplate\":\"https:\/\/www.grangeventoux.com\/?s={search_term_string}\"},\"query-input\":{\"@type\":\"PropertyValueSpecification\",\"valueRequired\":true,\"valueName\":\"search_term_string\"}}],\"inLanguage\":\"nl-BE\"}]}<\/script>\n<!-- \/ Yoast SEO plugin. -->","yoast_head_json":{"title":"Escalade - bienvenue a Grange Ventoux","robots":{"index":"index","follow":"follow","max-snippet":"max-snippet:-1","max-image-preview":"max-image-preview:large","max-video-preview":"max-video-preview:-1"},"canonical":"https:\/\/www.grangeventoux.com\/?page_id=982&lang=fr","og_locale":"nl_BE","og_type":"article","og_title":"Escalade - bienvenue a Grange Ventoux","og_description":"En montant le Luberon, vous \u00eates au coeur de l&#8217;escalade sportive fran\u00e7aise; les massifs de base de Patrick Edlinger &amp; co. C\u2019\u00e9tait un des premiers grimpeurs \u00e0 faire du 8\u00e8me degr\u00e9 \u00e0 Buoux. L&#8217;histoire de l\u2019escalade a \u00e9t\u00e9 \u00e9crite ici. Edlinger grimpait souvent seul et il est connu au grand public avec le film &#8220;La&hellip;","og_url":"https:\/\/www.grangeventoux.com\/?page_id=982&lang=fr","og_site_name":"bienvenue a Grange Ventoux","article_publisher":"https:\/\/www.facebook.com\/grangeventoux\/","article_modified_time":"2019-02-25T13:52:40+00:00","og_image":[{"url":"http:\/\/www.grangeventoux.com\/wp-content\/uploads\/2019\/02\/DSC_0511-1024x680-1024x680.jpg","type":"","width":"","height":""}],"twitter_card":"summary_large_image","twitter_misc":{"Geschatte leestijd":"3 minuten"},"schema":{"@context":"https:\/\/schema.org","@graph":[{"@type":"WebPage","@id":"https:\/\/www.grangeventoux.com\/?page_id=982&lang=fr","url":"https:\/\/www.grangeventoux.com\/?page_id=982&lang=fr","name":"Escalade - bienvenue a Grange Ventoux","isPartOf":{"@id":"https:\/\/www.grangeventoux.com\/#website"},"primaryImageOfPage":{"@id":"https:\/\/www.grangeventoux.com\/?page_id=982&lang=fr#primaryimage"},"image":{"@id":"https:\/\/www.grangeventoux.com\/?page_id=982&lang=fr#primaryimage"},"thumbnailUrl":"http:\/\/www.grangeventoux.com\/wp-content\/uploads\/2019\/02\/DSC_0511-1024x680-1024x680.jpg","datePublished":"2019-02-20T23:32:32+00:00","dateModified":"2019-02-25T13:52:40+00:00","breadcrumb":{"@id":"https:\/\/www.grangeventoux.com\/?page_id=982&lang=fr#breadcrumb"},"inLanguage":"nl-BE","potentialAction":[{"@type":"ReadAction","target":["https:\/\/www.grangeventoux.com\/?page_id=982&lang=fr"]}]},{"@type":"ImageObject","inLanguage":"nl-BE","@id":"https:\/\/www.grangeventoux.com\/?page_id=982&lang=fr#primaryimage","url":"http:\/\/www.grangeventoux.com\/wp-content\/uploads\/2019\/02\/DSC_0511-1024x680-1024x680.jpg","contentUrl":"http:\/\/www.grangeventoux.com\/wp-content\/uploads\/2019\/02\/DSC_0511-1024x680-1024x680.jpg"},{"@type":"BreadcrumbList","@id":"https:\/\/www.grangeventoux.com\/?page_id=982&lang=fr#breadcrumb","itemListElement":[{"@type":"ListItem","position":1,"name":"Home","item":"https:\/\/www.grangeventoux.com\/"},{"@type":"ListItem","position":2,"name":"Outdoor","item":"https:\/\/www.grangeventoux.com\/?page_id=992&lang=fr"},{"@type":"ListItem","position":3,"name":"Escalade"}]},{"@type":"WebSite","@id":"https:\/\/www.grangeventoux.com\/#website","url":"https:\/\/www.grangeventoux.com\/","name":"bienvenue a Grange Ventoux","description":"un petit coin de paradis","potentialAction":[{"@type":"SearchAction","target":{"@type":"EntryPoint","urlTemplate":"https:\/\/www.grangeventoux.com\/?s={search_term_string}"},"query-input":{"@type":"PropertyValueSpecification","valueRequired":true,"valueName":"search_term_string"}}],"inLanguage":"nl-BE"}]}},"jetpack_sharing_enabled":true,"_links":{"self":[{"href":"https:\/\/www.grangeventoux.com\/index.php?rest_route=\/wp\/v2\/pages\/982","targetHints":{"allow":["GET"]}}],"collection":[{"href":"https:\/\/www.grangeventoux.com\/index.php?rest_route=\/wp\/v2\/pages"}],"about":[{"href":"https:\/\/www.grangeventoux.com\/index.php?rest_route=\/wp\/v2\/types\/page"}],"author":[{"embeddable":true,"href":"https:\/\/www.grangeventoux.com\/index.php?rest_route=\/wp\/v2\/users\/1"}],"replies":[{"embeddable":true,"href":"https:\/\/www.grangeventoux.com\/index.php?rest_route=%2Fwp%2Fv2%2Fcomments&post=982"}],"version-history":[{"count":3,"href":"https:\/\/www.grangeventoux.com\/index.php?rest_route=\/wp\/v2\/pages\/982\/revisions"}],"predecessor-version":[{"id":1622,"href":"https:\/\/www.grangeventoux.com\/index.php?rest_route=\/wp\/v2\/pages\/982\/revisions\/1622"}],"up":[{"embeddable":true,"href":"https:\/\/www.grangeventoux.com\/index.php?rest_route=\/wp\/v2\/pages\/992"}],"wp:attachment":[{"href":"https:\/\/www.grangeventoux.com\/index.php?rest_route=%2Fwp%2Fv2%2Fmedia&parent=982"}],"curies":[{"name":"wp","href":"https:\/\/api.w.org\/{rel}","templated":true}]}}