{"id":989,"date":"2019-02-20T23:39:19","date_gmt":"2019-02-20T23:39:19","guid":{"rendered":"http:\/\/www.grangeventoux.com\/?page_id=989"},"modified":"2019-02-25T12:41:26","modified_gmt":"2019-02-25T12:41:26","slug":"via-ferrata","status":"publish","type":"page","link":"https:\/\/www.grangeventoux.com\/?page_id=989&lang=fr","title":{"rendered":"Via Ferrata"},"content":{"rendered":"\n<p>La Via Ferrata sur le rocher Saint Julien \u00e0 Buis les Barronies est l\u2019une des plus belles de France. Il y a 4 voies c\u00f4t\u00e9 nord avec des ponts de singe, des ponts n\u00e9palais et des poutres a\u00e9r\u00e9es. Pas pour les personnes ayant le vertige!<\/p>\n\n\n\n<p>Dans <a rel=\"noreferrer noopener\" href=\"https:\/\/www.altituderando.com\/Via-ferrata-de-Buis-les-Baronnies\" target=\"_blank\"><font color=\"hex_#00ff00\">Buis les Barronies<\/font><\/a> vous trouverez un bureau des guides et vous pourrez aussi louer l\u2019\u00e9quipement n\u00e9cessaire.<\/p>\n\n\n\n<figure class=\"wp-block-image\"><a href=\"http:\/\/www.grangeventoux.com\/wp-content\/uploads\/2019\/02\/randoon4844-ee932.jpg\" target=\"_blank\" rel=\"noreferrer noopener\"><img loading=\"lazy\" decoding=\"async\" width=\"1024\" height=\"768\" src=\"http:\/\/www.grangeventoux.com\/wp-content\/uploads\/2019\/02\/randoon4844-ee932-1024x768.jpg\" alt=\"\" class=\"wp-image-990\" srcset=\"https:\/\/www.grangeventoux.com\/wp-content\/uploads\/2019\/02\/randoon4844-ee932-1024x768.jpg 1024w, https:\/\/www.grangeventoux.com\/wp-content\/uploads\/2019\/02\/randoon4844-ee932-300x225.jpg 300w, https:\/\/www.grangeventoux.com\/wp-content\/uploads\/2019\/02\/randoon4844-ee932-768x576.jpg 768w, https:\/\/www.grangeventoux.com\/wp-content\/uploads\/2019\/02\/randoon4844-ee932-800x600.jpg 800w, https:\/\/www.grangeventoux.com\/wp-content\/uploads\/2019\/02\/randoon4844-ee932-600x450.jpg 600w, https:\/\/www.grangeventoux.com\/wp-content\/uploads\/2019\/02\/randoon4844-ee932.jpg 1200w\" sizes=\"auto, (max-width: 1024px) 100vw, 1024px\" \/><\/a><\/figure>\n\n\n\n<p><strong>La Pitchouno<\/strong> (le tout petit, \u00e0 la proven\u00e7ale) <br>Longueur = 170m <br>Niveau = PD <br>Temps = environ 1h d&#8217;escalade, un bon \u00e9chauffement! <br><br><strong>La Tesouriasso <\/strong>(le t\u00eatu \/ le nom dit tout) <br>Longueur = 460m <br>Niveau = D <br>Temps = 2.30h <br><br><strong>La Roumpo Quin <\/strong>(ouais) C&#8217;est le plus long! <br>Longueur = 640m <br>Niveau = D <br>Temps = 3h <br><br><strong>La Thiousso <\/strong>La plus difficile = 640m <br>Niveau D avec passage TD<br>Temps = 3h <br><br>Pour les passionn\u00e9s parmi nous, vous pouvez tous les grimper! Bon pour 1700m de plaisir d&#8217;escalade<\/p>\n","protected":false},"excerpt":{"rendered":"<p>La Via Ferrata sur le rocher Saint Julien \u00e0 Buis les Barronies est l\u2019une des plus belles de France. Il y a 4 voies c\u00f4t\u00e9 nord avec des ponts de singe, des ponts n\u00e9palais et des poutres a\u00e9r\u00e9es. Pas pour les personnes ayant le vertige! Dans Buis les Barronies vous trouverez un bureau des guides&hellip;<\/p>\n","protected":false},"author":1,"featured_media":0,"parent":992,"menu_order":4,"comment_status":"closed","ping_status":"closed","template":"","meta":{"footnotes":""},"class_list":["post-989","page","type-page","status-publish","hentry"],"yoast_head":"<!-- This site is optimized with the Yoast SEO plugin v24.9 - https:\/\/yoast.com\/wordpress\/plugins\/seo\/ -->\n<title>Via Ferrata - bienvenue a Grange Ventoux<\/title>\n<meta name=\"robots\" content=\"index, follow, max-snippet:-1, max-image-preview:large, max-video-preview:-1\" \/>\n<link rel=\"canonical\" href=\"https:\/\/www.grangeventoux.com\/?page_id=989&lang=fr\" \/>\n<meta property=\"og:locale\" content=\"nl_BE\" \/>\n<meta property=\"og:type\" content=\"article\" \/>\n<meta property=\"og:title\" content=\"Via Ferrata - bienvenue a Grange Ventoux\" \/>\n<meta property=\"og:description\" content=\"La Via Ferrata sur le rocher Saint Julien \u00e0 Buis les Barronies est l\u2019une des plus belles de France. Il y a 4 voies c\u00f4t\u00e9 nord avec des ponts de singe, des ponts n\u00e9palais et des poutres a\u00e9r\u00e9es. Pas pour les personnes ayant le vertige! Dans Buis les Barronies vous trouverez un bureau des guides&hellip;\" \/>\n<meta property=\"og:url\" content=\"https:\/\/www.grangeventoux.com\/?page_id=989&amp;lang=fr\" \/>\n<meta property=\"og:site_name\" content=\"bienvenue a Grange Ventoux\" \/>\n<meta property=\"article:publisher\" content=\"https:\/\/www.facebook.com\/grangeventoux\/\" \/>\n<meta property=\"article:modified_time\" content=\"2019-02-25T12:41:26+00:00\" \/>\n<meta property=\"og:image\" content=\"http:\/\/www.grangeventoux.com\/wp-content\/uploads\/2019\/02\/randoon4844-ee932-1024x768.jpg\" \/>\n<meta name=\"twitter:card\" content=\"summary_large_image\" \/>\n<meta name=\"twitter:label1\" content=\"Geschatte leestijd\" \/>\n\t<meta name=\"twitter:data1\" content=\"1 minuut\" \/>\n<script type=\"application\/ld+json\" class=\"yoast-schema-graph\">{\"@context\":\"https:\/\/schema.org\",\"@graph\":[{\"@type\":\"WebPage\",\"@id\":\"https:\/\/www.grangeventoux.com\/?page_id=989&lang=fr\",\"url\":\"https:\/\/www.grangeventoux.com\/?page_id=989&lang=fr\",\"name\":\"Via Ferrata - bienvenue a Grange Ventoux\",\"isPartOf\":{\"@id\":\"https:\/\/www.grangeventoux.com\/#website\"},\"primaryImageOfPage\":{\"@id\":\"https:\/\/www.grangeventoux.com\/?page_id=989&lang=fr#primaryimage\"},\"image\":{\"@id\":\"https:\/\/www.grangeventoux.com\/?page_id=989&lang=fr#primaryimage\"},\"thumbnailUrl\":\"http:\/\/www.grangeventoux.com\/wp-content\/uploads\/2019\/02\/randoon4844-ee932-1024x768.jpg\",\"datePublished\":\"2019-02-20T23:39:19+00:00\",\"dateModified\":\"2019-02-25T12:41:26+00:00\",\"breadcrumb\":{\"@id\":\"https:\/\/www.grangeventoux.com\/?page_id=989&lang=fr#breadcrumb\"},\"inLanguage\":\"nl-BE\",\"potentialAction\":[{\"@type\":\"ReadAction\",\"target\":[\"https:\/\/www.grangeventoux.com\/?page_id=989&lang=fr\"]}]},{\"@type\":\"ImageObject\",\"inLanguage\":\"nl-BE\",\"@id\":\"https:\/\/www.grangeventoux.com\/?page_id=989&lang=fr#primaryimage\",\"url\":\"http:\/\/www.grangeventoux.com\/wp-content\/uploads\/2019\/02\/randoon4844-ee932-1024x768.jpg\",\"contentUrl\":\"http:\/\/www.grangeventoux.com\/wp-content\/uploads\/2019\/02\/randoon4844-ee932-1024x768.jpg\"},{\"@type\":\"BreadcrumbList\",\"@id\":\"https:\/\/www.grangeventoux.com\/?page_id=989&lang=fr#breadcrumb\",\"itemListElement\":[{\"@type\":\"ListItem\",\"position\":1,\"name\":\"Home\",\"item\":\"https:\/\/www.grangeventoux.com\/\"},{\"@type\":\"ListItem\",\"position\":2,\"name\":\"Outdoor\",\"item\":\"https:\/\/www.grangeventoux.com\/?page_id=992&lang=fr\"},{\"@type\":\"ListItem\",\"position\":3,\"name\":\"Via Ferrata\"}]},{\"@type\":\"WebSite\",\"@id\":\"https:\/\/www.grangeventoux.com\/#website\",\"url\":\"https:\/\/www.grangeventoux.com\/\",\"name\":\"bienvenue a Grange Ventoux\",\"description\":\"un petit coin de paradis\",\"potentialAction\":[{\"@type\":\"SearchAction\",\"target\":{\"@type\":\"EntryPoint\",\"urlTemplate\":\"https:\/\/www.grangeventoux.com\/?s={search_term_string}\"},\"query-input\":{\"@type\":\"PropertyValueSpecification\",\"valueRequired\":true,\"valueName\":\"search_term_string\"}}],\"inLanguage\":\"nl-BE\"}]}<\/script>\n<!-- \/ Yoast SEO plugin. -->","yoast_head_json":{"title":"Via Ferrata - bienvenue a Grange Ventoux","robots":{"index":"index","follow":"follow","max-snippet":"max-snippet:-1","max-image-preview":"max-image-preview:large","max-video-preview":"max-video-preview:-1"},"canonical":"https:\/\/www.grangeventoux.com\/?page_id=989&lang=fr","og_locale":"nl_BE","og_type":"article","og_title":"Via Ferrata - bienvenue a Grange Ventoux","og_description":"La Via Ferrata sur le rocher Saint Julien \u00e0 Buis les Barronies est l\u2019une des plus belles de France. Il y a 4 voies c\u00f4t\u00e9 nord avec des ponts de singe, des ponts n\u00e9palais et des poutres a\u00e9r\u00e9es. Pas pour les personnes ayant le vertige! Dans Buis les Barronies vous trouverez un bureau des guides&hellip;","og_url":"https:\/\/www.grangeventoux.com\/?page_id=989&lang=fr","og_site_name":"bienvenue a Grange Ventoux","article_publisher":"https:\/\/www.facebook.com\/grangeventoux\/","article_modified_time":"2019-02-25T12:41:26+00:00","og_image":[{"url":"http:\/\/www.grangeventoux.com\/wp-content\/uploads\/2019\/02\/randoon4844-ee932-1024x768.jpg","type":"","width":"","height":""}],"twitter_card":"summary_large_image","twitter_misc":{"Geschatte leestijd":"1 minuut"},"schema":{"@context":"https:\/\/schema.org","@graph":[{"@type":"WebPage","@id":"https:\/\/www.grangeventoux.com\/?page_id=989&lang=fr","url":"https:\/\/www.grangeventoux.com\/?page_id=989&lang=fr","name":"Via Ferrata - bienvenue a Grange Ventoux","isPartOf":{"@id":"https:\/\/www.grangeventoux.com\/#website"},"primaryImageOfPage":{"@id":"https:\/\/www.grangeventoux.com\/?page_id=989&lang=fr#primaryimage"},"image":{"@id":"https:\/\/www.grangeventoux.com\/?page_id=989&lang=fr#primaryimage"},"thumbnailUrl":"http:\/\/www.grangeventoux.com\/wp-content\/uploads\/2019\/02\/randoon4844-ee932-1024x768.jpg","datePublished":"2019-02-20T23:39:19+00:00","dateModified":"2019-02-25T12:41:26+00:00","breadcrumb":{"@id":"https:\/\/www.grangeventoux.com\/?page_id=989&lang=fr#breadcrumb"},"inLanguage":"nl-BE","potentialAction":[{"@type":"ReadAction","target":["https:\/\/www.grangeventoux.com\/?page_id=989&lang=fr"]}]},{"@type":"ImageObject","inLanguage":"nl-BE","@id":"https:\/\/www.grangeventoux.com\/?page_id=989&lang=fr#primaryimage","url":"http:\/\/www.grangeventoux.com\/wp-content\/uploads\/2019\/02\/randoon4844-ee932-1024x768.jpg","contentUrl":"http:\/\/www.grangeventoux.com\/wp-content\/uploads\/2019\/02\/randoon4844-ee932-1024x768.jpg"},{"@type":"BreadcrumbList","@id":"https:\/\/www.grangeventoux.com\/?page_id=989&lang=fr#breadcrumb","itemListElement":[{"@type":"ListItem","position":1,"name":"Home","item":"https:\/\/www.grangeventoux.com\/"},{"@type":"ListItem","position":2,"name":"Outdoor","item":"https:\/\/www.grangeventoux.com\/?page_id=992&lang=fr"},{"@type":"ListItem","position":3,"name":"Via Ferrata"}]},{"@type":"WebSite","@id":"https:\/\/www.grangeventoux.com\/#website","url":"https:\/\/www.grangeventoux.com\/","name":"bienvenue a Grange Ventoux","description":"un petit coin de paradis","potentialAction":[{"@type":"SearchAction","target":{"@type":"EntryPoint","urlTemplate":"https:\/\/www.grangeventoux.com\/?s={search_term_string}"},"query-input":{"@type":"PropertyValueSpecification","valueRequired":true,"valueName":"search_term_string"}}],"inLanguage":"nl-BE"}]}},"jetpack_sharing_enabled":true,"_links":{"self":[{"href":"https:\/\/www.grangeventoux.com\/index.php?rest_route=\/wp\/v2\/pages\/989","targetHints":{"allow":["GET"]}}],"collection":[{"href":"https:\/\/www.grangeventoux.com\/index.php?rest_route=\/wp\/v2\/pages"}],"about":[{"href":"https:\/\/www.grangeventoux.com\/index.php?rest_route=\/wp\/v2\/types\/page"}],"author":[{"embeddable":true,"href":"https:\/\/www.grangeventoux.com\/index.php?rest_route=\/wp\/v2\/users\/1"}],"replies":[{"embeddable":true,"href":"https:\/\/www.grangeventoux.com\/index.php?rest_route=%2Fwp%2Fv2%2Fcomments&post=989"}],"version-history":[{"count":4,"href":"https:\/\/www.grangeventoux.com\/index.php?rest_route=\/wp\/v2\/pages\/989\/revisions"}],"predecessor-version":[{"id":1461,"href":"https:\/\/www.grangeventoux.com\/index.php?rest_route=\/wp\/v2\/pages\/989\/revisions\/1461"}],"up":[{"embeddable":true,"href":"https:\/\/www.grangeventoux.com\/index.php?rest_route=\/wp\/v2\/pages\/992"}],"wp:attachment":[{"href":"https:\/\/www.grangeventoux.com\/index.php?rest_route=%2Fwp%2Fv2%2Fmedia&parent=989"}],"curies":[{"name":"wp","href":"https:\/\/api.w.org\/{rel}","templated":true}]}}