{"id":992,"date":"2019-02-20T23:40:23","date_gmt":"2019-02-20T23:40:23","guid":{"rendered":"http:\/\/www.grangeventoux.com\/?page_id=992"},"modified":"2019-02-25T11:53:14","modified_gmt":"2019-02-25T11:53:14","slug":"outdoor","status":"publish","type":"page","link":"https:\/\/www.grangeventoux.com\/?page_id=992&lang=fr","title":{"rendered":"Outdoor"},"content":{"rendered":"\n<p>Surtout l&#8217;ascension du Mont Ventoux est connue d&#8217;un large public, mais il y en a beaucoup plus! Avec le v\u00e9lo de montagne, les possibilit\u00e9s sont infinies. Le Luberon reste la Mecque de l&#8217;escalade sportive fran\u00e7aise, ici vous grimpez toute l&#8217;ann\u00e9e. M\u00eame sous terre, il y a encore quelque chose \u00e0 d\u00e9couvrir! Les sp\u00e9l\u00e9ologues connaissent le plateau karstique d&#8217;Albion pour ses couloirs souterrains profonds et ses grottes \u00e0 plusieurs \u00e9tages. Les parapentistes pr\u00e9f\u00e8rent rester au-dessus du sol et disposent de nombreuses options de d\u00e9part. Vous avez beaucoup de promenades belles et vari\u00e9es. La r\u00e9gion est reli\u00e9e par diff\u00e9rents ressources g\u00e9n\u00e9tiques. Il y a quelques comp\u00e9titions de trail trail chaque ann\u00e9e. Je vais plus en d\u00e9tail sur quelques sports:<\/p>\n\n\n\n<ul class=\"wp-block-list\"><li><a rel=\"noreferrer noopener\" aria-label=\" (opent in een nieuwe tab)\" href=\"http:\/\/www.grangeventoux.com\/?page_id=970&amp;lang=fr\" target=\"_blank\">Cyclisme<\/a><\/li><li><a rel=\"noreferrer noopener\" aria-label=\"V.T.T. (opent in een nieuwe tab)\" href=\"http:\/\/www.grangeventoux.com\/?page_id=974&amp;lang=fr\" target=\"_blank\">V.T.T.<\/a><\/li><li><a rel=\"noreferrer noopener\" aria-label=\" (opent in een nieuwe tab)\" href=\"http:\/\/www.grangeventoux.com\/?page_id=982&amp;lang=fr\" target=\"_blank\">Escalade<\/a><\/li><li><a href=\"http:\/\/www.grangeventoux.com\/?page_id=989&amp;lang=fr\" target=\"_blank\" rel=\"noreferrer noopener\" aria-label=\" (opent in een nieuwe tab)\">Via Ferrata<\/a><\/li><li><a href=\"http:\/\/www.grangeventoux.com\/?page_id=65\">R<\/a>andonn\u00e9e<\/li><li><a href=\"http:\/\/www.grangeventoux.com\/?page_id=67\">Parapente<\/a><\/li><\/ul>\n","protected":false},"excerpt":{"rendered":"<p>Surtout l&#8217;ascension du Mont Ventoux est connue d&#8217;un large public, mais il y en a beaucoup plus! Avec le v\u00e9lo de montagne, les possibilit\u00e9s sont infinies. Le Luberon reste la Mecque de l&#8217;escalade sportive fran\u00e7aise, ici vous grimpez toute l&#8217;ann\u00e9e. M\u00eame sous terre, il y a encore quelque chose \u00e0 d\u00e9couvrir! Les sp\u00e9l\u00e9ologues connaissent le&hellip;<\/p>\n","protected":false},"author":1,"featured_media":0,"parent":0,"menu_order":4,"comment_status":"closed","ping_status":"closed","template":"","meta":{"footnotes":""},"class_list":["post-992","page","type-page","status-publish","hentry"],"yoast_head":"<!-- This site is optimized with the Yoast SEO plugin v24.9 - https:\/\/yoast.com\/wordpress\/plugins\/seo\/ -->\n<title>Outdoor - bienvenue a Grange Ventoux<\/title>\n<meta name=\"robots\" content=\"index, follow, max-snippet:-1, max-image-preview:large, max-video-preview:-1\" \/>\n<link rel=\"canonical\" href=\"https:\/\/www.grangeventoux.com\/?page_id=992&lang=fr\" \/>\n<meta property=\"og:locale\" content=\"nl_BE\" \/>\n<meta property=\"og:type\" content=\"article\" \/>\n<meta property=\"og:title\" content=\"Outdoor - bienvenue a Grange Ventoux\" \/>\n<meta property=\"og:description\" content=\"Surtout l&#8217;ascension du Mont Ventoux est connue d&#8217;un large public, mais il y en a beaucoup plus! Avec le v\u00e9lo de montagne, les possibilit\u00e9s sont infinies. Le Luberon reste la Mecque de l&#8217;escalade sportive fran\u00e7aise, ici vous grimpez toute l&#8217;ann\u00e9e. M\u00eame sous terre, il y a encore quelque chose \u00e0 d\u00e9couvrir! Les sp\u00e9l\u00e9ologues connaissent le&hellip;\" \/>\n<meta property=\"og:url\" content=\"https:\/\/www.grangeventoux.com\/?page_id=992&amp;lang=fr\" \/>\n<meta property=\"og:site_name\" content=\"bienvenue a Grange Ventoux\" \/>\n<meta property=\"article:publisher\" content=\"https:\/\/www.facebook.com\/grangeventoux\/\" \/>\n<meta property=\"article:modified_time\" content=\"2019-02-25T11:53:14+00:00\" \/>\n<meta name=\"twitter:card\" content=\"summary_large_image\" \/>\n<meta name=\"twitter:label1\" content=\"Geschatte leestijd\" \/>\n\t<meta name=\"twitter:data1\" content=\"1 minuut\" \/>\n<script type=\"application\/ld+json\" class=\"yoast-schema-graph\">{\"@context\":\"https:\/\/schema.org\",\"@graph\":[{\"@type\":\"WebPage\",\"@id\":\"https:\/\/www.grangeventoux.com\/?page_id=992&lang=fr\",\"url\":\"https:\/\/www.grangeventoux.com\/?page_id=992&lang=fr\",\"name\":\"Outdoor - bienvenue a Grange Ventoux\",\"isPartOf\":{\"@id\":\"https:\/\/www.grangeventoux.com\/#website\"},\"datePublished\":\"2019-02-20T23:40:23+00:00\",\"dateModified\":\"2019-02-25T11:53:14+00:00\",\"breadcrumb\":{\"@id\":\"https:\/\/www.grangeventoux.com\/?page_id=992&lang=fr#breadcrumb\"},\"inLanguage\":\"nl-BE\",\"potentialAction\":[{\"@type\":\"ReadAction\",\"target\":[\"https:\/\/www.grangeventoux.com\/?page_id=992&lang=fr\"]}]},{\"@type\":\"BreadcrumbList\",\"@id\":\"https:\/\/www.grangeventoux.com\/?page_id=992&lang=fr#breadcrumb\",\"itemListElement\":[{\"@type\":\"ListItem\",\"position\":1,\"name\":\"Home\",\"item\":\"https:\/\/www.grangeventoux.com\/\"},{\"@type\":\"ListItem\",\"position\":2,\"name\":\"Outdoor\"}]},{\"@type\":\"WebSite\",\"@id\":\"https:\/\/www.grangeventoux.com\/#website\",\"url\":\"https:\/\/www.grangeventoux.com\/\",\"name\":\"bienvenue a Grange Ventoux\",\"description\":\"un petit coin de paradis\",\"potentialAction\":[{\"@type\":\"SearchAction\",\"target\":{\"@type\":\"EntryPoint\",\"urlTemplate\":\"https:\/\/www.grangeventoux.com\/?s={search_term_string}\"},\"query-input\":{\"@type\":\"PropertyValueSpecification\",\"valueRequired\":true,\"valueName\":\"search_term_string\"}}],\"inLanguage\":\"nl-BE\"}]}<\/script>\n<!-- \/ Yoast SEO plugin. -->","yoast_head_json":{"title":"Outdoor - bienvenue a Grange Ventoux","robots":{"index":"index","follow":"follow","max-snippet":"max-snippet:-1","max-image-preview":"max-image-preview:large","max-video-preview":"max-video-preview:-1"},"canonical":"https:\/\/www.grangeventoux.com\/?page_id=992&lang=fr","og_locale":"nl_BE","og_type":"article","og_title":"Outdoor - bienvenue a Grange Ventoux","og_description":"Surtout l&#8217;ascension du Mont Ventoux est connue d&#8217;un large public, mais il y en a beaucoup plus! Avec le v\u00e9lo de montagne, les possibilit\u00e9s sont infinies. Le Luberon reste la Mecque de l&#8217;escalade sportive fran\u00e7aise, ici vous grimpez toute l&#8217;ann\u00e9e. M\u00eame sous terre, il y a encore quelque chose \u00e0 d\u00e9couvrir! Les sp\u00e9l\u00e9ologues connaissent le&hellip;","og_url":"https:\/\/www.grangeventoux.com\/?page_id=992&lang=fr","og_site_name":"bienvenue a Grange Ventoux","article_publisher":"https:\/\/www.facebook.com\/grangeventoux\/","article_modified_time":"2019-02-25T11:53:14+00:00","twitter_card":"summary_large_image","twitter_misc":{"Geschatte leestijd":"1 minuut"},"schema":{"@context":"https:\/\/schema.org","@graph":[{"@type":"WebPage","@id":"https:\/\/www.grangeventoux.com\/?page_id=992&lang=fr","url":"https:\/\/www.grangeventoux.com\/?page_id=992&lang=fr","name":"Outdoor - bienvenue a Grange Ventoux","isPartOf":{"@id":"https:\/\/www.grangeventoux.com\/#website"},"datePublished":"2019-02-20T23:40:23+00:00","dateModified":"2019-02-25T11:53:14+00:00","breadcrumb":{"@id":"https:\/\/www.grangeventoux.com\/?page_id=992&lang=fr#breadcrumb"},"inLanguage":"nl-BE","potentialAction":[{"@type":"ReadAction","target":["https:\/\/www.grangeventoux.com\/?page_id=992&lang=fr"]}]},{"@type":"BreadcrumbList","@id":"https:\/\/www.grangeventoux.com\/?page_id=992&lang=fr#breadcrumb","itemListElement":[{"@type":"ListItem","position":1,"name":"Home","item":"https:\/\/www.grangeventoux.com\/"},{"@type":"ListItem","position":2,"name":"Outdoor"}]},{"@type":"WebSite","@id":"https:\/\/www.grangeventoux.com\/#website","url":"https:\/\/www.grangeventoux.com\/","name":"bienvenue a Grange Ventoux","description":"un petit coin de paradis","potentialAction":[{"@type":"SearchAction","target":{"@type":"EntryPoint","urlTemplate":"https:\/\/www.grangeventoux.com\/?s={search_term_string}"},"query-input":{"@type":"PropertyValueSpecification","valueRequired":true,"valueName":"search_term_string"}}],"inLanguage":"nl-BE"}]}},"jetpack_sharing_enabled":true,"_links":{"self":[{"href":"https:\/\/www.grangeventoux.com\/index.php?rest_route=\/wp\/v2\/pages\/992","targetHints":{"allow":["GET"]}}],"collection":[{"href":"https:\/\/www.grangeventoux.com\/index.php?rest_route=\/wp\/v2\/pages"}],"about":[{"href":"https:\/\/www.grangeventoux.com\/index.php?rest_route=\/wp\/v2\/types\/page"}],"author":[{"embeddable":true,"href":"https:\/\/www.grangeventoux.com\/index.php?rest_route=\/wp\/v2\/users\/1"}],"replies":[{"embeddable":true,"href":"https:\/\/www.grangeventoux.com\/index.php?rest_route=%2Fwp%2Fv2%2Fcomments&post=992"}],"version-history":[{"count":3,"href":"https:\/\/www.grangeventoux.com\/index.php?rest_route=\/wp\/v2\/pages\/992\/revisions"}],"predecessor-version":[{"id":1302,"href":"https:\/\/www.grangeventoux.com\/index.php?rest_route=\/wp\/v2\/pages\/992\/revisions\/1302"}],"wp:attachment":[{"href":"https:\/\/www.grangeventoux.com\/index.php?rest_route=%2Fwp%2Fv2%2Fmedia&parent=992"}],"curies":[{"name":"wp","href":"https:\/\/api.w.org\/{rel}","templated":true}]}}